{"id":1107,"date":"2025-07-08T09:39:30","date_gmt":"2025-07-08T09:39:30","guid":{"rendered":"https:\/\/exeoipsum.com\/?page_id=1107"},"modified":"2025-07-21T09:36:39","modified_gmt":"2025-07-21T09:36:39","slug":"recol%c2%b7lectora-de-baies","status":"publish","type":"page","link":"https:\/\/exeoipsum.com\/ca\/maquinaria-agricola\/recol%c2%b7lectora-de-baies\/","title":{"rendered":"Recol\u00b7lectora de baies"},"content":{"rendered":"<div data-elementor-type=\"wp-page\" data-elementor-id=\"1107\" class=\"elementor elementor-1107\">\n\t\t\t\t<div class=\"elementor-element elementor-element-d25aca6 e-flex e-con-boxed e-con e-parent\" data-id=\"d25aca6\" data-element_type=\"container\" data-e-type=\"container\" data-settings=\"{&quot;background_background&quot;:&quot;classic&quot;}\">\n\t\t\t\t\t<div class=\"e-con-inner\">\n\t\t\t\t<div class=\"elementor-element elementor-element-899f29f elementor-widget elementor-widget-heading\" data-id=\"899f29f\" data-element_type=\"widget\" data-e-type=\"widget\" data-widget_type=\"heading.default\">\n\t\t\t\t<div class=\"elementor-widget-container\">\n\t\t\t\t\t<h2 class=\"elementor-heading-title elementor-size-default\">Recol\u00b7lectora de baies<\/h2>\t\t\t\t<\/div>\n\t\t\t\t<\/div>\n\t\t\t\t\t<\/div>\n\t\t\t\t<\/div>\n\t\t<div class=\"elementor-element elementor-element-2633607 e-con-full e-flex e-con e-child\" data-id=\"2633607\" data-element_type=\"container\" data-e-type=\"container\">\n\t\t\t\t<div class=\"elementor-element elementor-element-e80a78a elementor-widget elementor-widget-text-editor\" data-id=\"e80a78a\" data-element_type=\"widget\" data-e-type=\"widget\" data-widget_type=\"text-editor.default\">\n\t\t\t\t<div class=\"elementor-widget-container\">\n\t\t\t\t\t\t\t\t\t<h5>Les recol\u00b7lectores de baies estan dissenyades per recollir groselles, gerds, aronia o lligabosc blau amb rapidesa i precisi\u00f3. Disponibles en diferents configuracions, permeten adaptar-se a tot tipus de plantacions i ofereixen una recol\u00b7lecci\u00f3 efica\u00e7 amb un m\u00ednim de danys als fruits i arbustos.<\/h5>\t\t\t\t\t\t\t\t<\/div>\n\t\t\t\t<\/div>\n\t\t<div class=\"elementor-element elementor-element-074266d e-con-full e-flex e-con e-child\" data-id=\"074266d\" data-element_type=\"container\" data-e-type=\"container\">\n\t\t\t\t<div class=\"elementor-element elementor-element-261bf00 elementor-widget elementor-widget-image\" data-id=\"261bf00\" data-element_type=\"widget\" data-e-type=\"widget\" data-widget_type=\"image.default\">\n\t\t\t\t<div class=\"elementor-widget-container\">\n\t\t\t\t\t\t\t\t\t\t\t\t\t\t\t<img fetchpriority=\"high\" decoding=\"async\" width=\"768\" height=\"576\" src=\"https:\/\/exeoipsum.com\/wp-content\/uploads\/2025\/06\/cosechadora-de-arandanos-JAGODA-300-JAGODA-300-1-scaled-1-e1751272884288-768x576.jpg\" class=\"elementor-animation-shrink attachment-medium_large size-medium_large wp-image-939\" alt=\"Collita mecanitzada de nabius amb la m\u00e0quina JAGODA 300, operada amb tractor i plataforma de recollida\" srcset=\"https:\/\/exeoipsum.com\/wp-content\/uploads\/2025\/06\/cosechadora-de-arandanos-JAGODA-300-JAGODA-300-1-scaled-1-e1751272884288-768x576.jpg 768w, https:\/\/exeoipsum.com\/wp-content\/uploads\/2025\/06\/cosechadora-de-arandanos-JAGODA-300-JAGODA-300-1-scaled-1-e1751272884288-300x225.jpg 300w, https:\/\/exeoipsum.com\/wp-content\/uploads\/2025\/06\/cosechadora-de-arandanos-JAGODA-300-JAGODA-300-1-scaled-1-e1751272884288-1024x768.jpg 1024w, https:\/\/exeoipsum.com\/wp-content\/uploads\/2025\/06\/cosechadora-de-arandanos-JAGODA-300-JAGODA-300-1-scaled-1-e1751272884288-16x12.jpg 16w, https:\/\/exeoipsum.com\/wp-content\/uploads\/2025\/06\/cosechadora-de-arandanos-JAGODA-300-JAGODA-300-1-scaled-1-e1751272884288.jpg 1487w\" sizes=\"(max-width: 768px) 100vw, 768px\" \/>\t\t\t\t\t\t\t\t\t\t\t\t\t\t\t<\/div>\n\t\t\t\t<\/div>\n\t\t\t\t<div class=\"elementor-element elementor-element-5419a8e elementor-widget elementor-widget-elementskit-heading\" data-id=\"5419a8e\" data-element_type=\"widget\" data-e-type=\"widget\" data-widget_type=\"elementskit-heading.default\">\n\t\t\t\t<div class=\"elementor-widget-container\">\n\t\t\t\t\t<div class=\"ekit-wid-con\" ><div class=\"ekit-heading elementskit-section-title-wraper text_center   ekit_heading_tablet-   ekit_heading_mobile-\"><a href=\"https:\/\/exeoipsum.com\/ca\/jagoda-300\/\"><h2 class=\"ekit-heading--title elementskit-section-title\">JAGODA 300<\/h2><\/a><h5 class=\"ekit-heading--subtitle elementskit-section-subtitle\">\n\t\t\t\t\t\tRecol\u00b7lectora arrossegada potent i precisa\n\t\t\t\t\t<\/h5>\t\t\t\t<div class='ekit-heading__description'>\n\t\t\t\t\t<p>Recol\u00b7lecta ametlles, pistatxos, cireres i prunes amb cap\u00e7als BOS, t\u00fanel hidr\u00e0ulic i cinta transportadora. Alta efici\u00e8ncia i suavitat en la recol\u00b7lecci\u00f3. Ideal per a finques mitjanes i grans.<\/p>\n<p>\u00a0<\/p>\n\t\t\t\t<\/div>\n\t\t\t<\/div><\/div>\t\t\t\t<\/div>\n\t\t\t\t<\/div>\n\t\t\t\t<div class=\"elementor-element elementor-element-4c7a607 elementor-align-center elementor-widget__width-initial elementor-widget elementor-widget-button\" data-id=\"4c7a607\" data-element_type=\"widget\" data-e-type=\"widget\" data-widget_type=\"button.default\">\n\t\t\t\t<div class=\"elementor-widget-container\">\n\t\t\t\t\t\t\t\t\t<div class=\"elementor-button-wrapper\">\n\t\t\t\t\t<a class=\"elementor-button elementor-button-link elementor-size-sm\" href=\"https:\/\/exeoipsum.com\/ca\/jagoda-300\/\">\n\t\t\t\t\t\t<span class=\"elementor-button-content-wrapper\">\n\t\t\t\t\t\t\t\t\t<span class=\"elementor-button-text\">Veure m\u00e9s<\/span>\n\t\t\t\t\t<\/span>\n\t\t\t\t\t<\/a>\n\t\t\t\t<\/div>\n\t\t\t\t\t\t\t\t<\/div>\n\t\t\t\t<\/div>\n\t\t\t\t<\/div>\n\t\t<div class=\"elementor-element elementor-element-fc925d2 e-con-full e-flex e-con e-child\" data-id=\"fc925d2\" data-element_type=\"container\" data-e-type=\"container\">\n\t\t\t\t<div class=\"elementor-element elementor-element-5dea34d elementor-widget elementor-widget-image\" data-id=\"5dea34d\" data-element_type=\"widget\" data-e-type=\"widget\" data-widget_type=\"image.default\">\n\t\t\t\t<div class=\"elementor-widget-container\">\n\t\t\t\t\t\t\t\t\t\t\t\t\t\t\t<img decoding=\"async\" width=\"768\" height=\"575\" src=\"https:\/\/exeoipsum.com\/wp-content\/uploads\/2025\/07\/jarek-1-768x575.jpg\" class=\"elementor-animation-shrink attachment-medium_large size-medium_large wp-image-1833\" alt=\"Detall del sistema hidr\u00e0ulic i agitadors de la recol\u00b7lectora JAREK per a recol\u00b7lecci\u00f3 de fruites\" srcset=\"https:\/\/exeoipsum.com\/wp-content\/uploads\/2025\/07\/jarek-1-768x575.jpg 768w, https:\/\/exeoipsum.com\/wp-content\/uploads\/2025\/07\/jarek-1-300x225.jpg 300w, https:\/\/exeoipsum.com\/wp-content\/uploads\/2025\/07\/jarek-1-1024x767.jpg 1024w, https:\/\/exeoipsum.com\/wp-content\/uploads\/2025\/07\/jarek-1-16x12.jpg 16w, https:\/\/exeoipsum.com\/wp-content\/uploads\/2025\/07\/jarek-1.jpg 1280w\" sizes=\"(max-width: 768px) 100vw, 768px\" \/>\t\t\t\t\t\t\t\t\t\t\t\t\t\t\t<\/div>\n\t\t\t\t<\/div>\n\t\t\t\t<div class=\"elementor-element elementor-element-ed2f469 elementor-widget elementor-widget-elementskit-heading\" data-id=\"ed2f469\" data-element_type=\"widget\" data-e-type=\"widget\" data-widget_type=\"elementskit-heading.default\">\n\t\t\t\t<div class=\"elementor-widget-container\">\n\t\t\t\t\t<div class=\"ekit-wid-con\" ><div class=\"ekit-heading elementskit-section-title-wraper text_center   ekit_heading_tablet-   ekit_heading_mobile-\"><a href=\"https:\/\/exeoipsum.com\/ca\/jarek-5\/\"><h2 class=\"ekit-heading--title elementskit-section-title\">JAREK 5<\/h2><\/a><h5 class=\"ekit-heading--subtitle elementskit-section-subtitle\">\n\t\t\t\t\t\tRecol\u00b7lectora de grosella negra de mitja filera\n\t\t\t\t\t<\/h5>\t\t\t\t<div class='ekit-heading__description'>\n\t\t\t\t\t<p>Compacta, precisa i vers\u00e0til. Ideal per a la recol\u00b7lecci\u00f3 professional de grosella, aronia i gavarrera amb m\u00ednim dany i m\u00e0xima neteja.<\/p>\n\t\t\t\t<\/div>\n\t\t\t<\/div><\/div>\t\t\t\t<\/div>\n\t\t\t\t<\/div>\n\t\t\t\t<div class=\"elementor-element elementor-element-4d4543f elementor-align-center elementor-widget__width-initial elementor-widget elementor-widget-button\" data-id=\"4d4543f\" data-element_type=\"widget\" data-e-type=\"widget\" data-widget_type=\"button.default\">\n\t\t\t\t<div class=\"elementor-widget-container\">\n\t\t\t\t\t\t\t\t\t<div class=\"elementor-button-wrapper\">\n\t\t\t\t\t<a class=\"elementor-button elementor-button-link elementor-size-sm\" href=\"https:\/\/exeoipsum.com\/ca\/jarek-5\/\">\n\t\t\t\t\t\t<span class=\"elementor-button-content-wrapper\">\n\t\t\t\t\t\t\t\t\t<span class=\"elementor-button-text\">Veure m\u00e9s<\/span>\n\t\t\t\t\t<\/span>\n\t\t\t\t\t<\/a>\n\t\t\t\t<\/div>\n\t\t\t\t\t\t\t\t<\/div>\n\t\t\t\t<\/div>\n\t\t\t\t<\/div>\n\t\t<div class=\"elementor-element elementor-element-7d58640 e-con-full e-flex e-con e-child\" data-id=\"7d58640\" data-element_type=\"container\" data-e-type=\"container\">\n\t\t\t\t<div class=\"elementor-element elementor-element-1ba6b95 elementor-widget elementor-widget-image\" data-id=\"1ba6b95\" data-element_type=\"widget\" data-e-type=\"widget\" data-widget_type=\"image.default\">\n\t\t\t\t<div class=\"elementor-widget-container\">\n\t\t\t\t\t\t\t\t\t\t\t\t\t\t\t<img decoding=\"async\" width=\"768\" height=\"540\" src=\"https:\/\/exeoipsum.com\/wp-content\/uploads\/2025\/07\/oskar-1-e1753096261749-768x540.jpg\" class=\"elementor-animation-shrink attachment-medium_large size-medium_large wp-image-1834\" alt=\"Recol\u00b7lectora de baies Aronic per a aronia en plena recol\u00b7lecci\u00f3 en camp\" srcset=\"https:\/\/exeoipsum.com\/wp-content\/uploads\/2025\/07\/oskar-1-e1753096261749-768x540.jpg 768w, https:\/\/exeoipsum.com\/wp-content\/uploads\/2025\/07\/oskar-1-e1753096261749-300x211.jpg 300w, https:\/\/exeoipsum.com\/wp-content\/uploads\/2025\/07\/oskar-1-e1753096261749-18x12.jpg 18w, https:\/\/exeoipsum.com\/wp-content\/uploads\/2025\/07\/oskar-1-e1753096261749.jpg 800w\" sizes=\"(max-width: 768px) 100vw, 768px\" \/>\t\t\t\t\t\t\t\t\t\t\t\t\t\t\t<\/div>\n\t\t\t\t<\/div>\n\t\t\t\t<div class=\"elementor-element elementor-element-a7e3a78 elementor-widget elementor-widget-elementskit-heading\" data-id=\"a7e3a78\" data-element_type=\"widget\" data-e-type=\"widget\" data-widget_type=\"elementskit-heading.default\">\n\t\t\t\t<div class=\"elementor-widget-container\">\n\t\t\t\t\t<div class=\"ekit-wid-con\" ><div class=\"ekit-heading elementskit-section-title-wraper text_center   ekit_heading_tablet-   ekit_heading_mobile-\"><a href=\"https:\/\/exeoipsum.com\/ca\/aronic\/\"><h2 class=\"ekit-heading--title elementskit-section-title\">ARONIC<\/h2><\/a><h5 class=\"ekit-heading--subtitle elementskit-section-subtitle\">\n\t\t\t\t\t\tRecol\u00b7lectora remolcada especialitzada en aronia\n\t\t\t\t\t<\/h5>\t\t\t\t<div class='ekit-heading__description'>\n\t\t\t\t\t<p>Sistema de mitja filera amb cap\u00e7al vibrador potent i delicat. Recol\u00b7lecta fins al 99 % sense danyar els arbustos. Neteja hidr\u00e0ulica i recollida a caixes o palets. Ideal per a finques mitjanes.<\/p>\n<p>\u00a0<\/p>\n\t\t\t\t<\/div>\n\t\t\t<\/div><\/div>\t\t\t\t<\/div>\n\t\t\t\t<\/div>\n\t\t\t\t<div class=\"elementor-element elementor-element-bced260 elementor-align-center elementor-widget__width-initial elementor-widget elementor-widget-button\" data-id=\"bced260\" data-element_type=\"widget\" data-e-type=\"widget\" data-widget_type=\"button.default\">\n\t\t\t\t<div class=\"elementor-widget-container\">\n\t\t\t\t\t\t\t\t\t<div class=\"elementor-button-wrapper\">\n\t\t\t\t\t<a class=\"elementor-button elementor-button-link elementor-size-sm\" href=\"https:\/\/exeoipsum.com\/ca\/aronic\/\">\n\t\t\t\t\t\t<span class=\"elementor-button-content-wrapper\">\n\t\t\t\t\t\t\t\t\t<span class=\"elementor-button-text\">Veure m\u00e9s<\/span>\n\t\t\t\t\t<\/span>\n\t\t\t\t\t<\/a>\n\t\t\t\t<\/div>\n\t\t\t\t\t\t\t\t<\/div>\n\t\t\t\t<\/div>\n\t\t\t\t<\/div>\n\t\t\t\t<\/div>\n\t\t<div class=\"elementor-element elementor-element-22a06c4 e-flex e-con-boxed e-con e-parent\" data-id=\"22a06c4\" data-element_type=\"container\" data-e-type=\"container\">\n\t\t\t\t\t<div class=\"e-con-inner\">\n\t\t\t\t<div class=\"elementor-element elementor-element-753573c elementor-widget elementor-widget-spacer\" data-id=\"753573c\" data-element_type=\"widget\" data-e-type=\"widget\" data-widget_type=\"spacer.default\">\n\t\t\t\t<div class=\"elementor-widget-container\">\n\t\t\t\t\t\t\t<div class=\"elementor-spacer\">\n\t\t\t<div class=\"elementor-spacer-inner\"><\/div>\n\t\t<\/div>\n\t\t\t\t\t\t<\/div>\n\t\t\t\t<\/div>\n\t\t\t\t\t<\/div>\n\t\t\t\t<\/div>\n\t\t\t\t<\/div>","protected":false},"excerpt":{"rendered":"<p>Recol\u00b7lectora de baies Les recol\u00b7lectores de baies estan dissenyades per recollir groselles, gerds, aronia o lligabosc blau amb rapidesa i precisi\u00f3. Disponibles en diferents configuracions, permeten adaptar-se a tot tipus de plantacions i ofereixen una recol\u00b7lecci\u00f3 efica\u00e7 amb un m\u00ednim de danys als fruits i arbustos. JAGODA 300 Recol\u00b7lectora arrossegada potent i precisa Recol\u00b7lecta [\u2026]<\/p>","protected":false},"author":1,"featured_media":0,"parent":15,"menu_order":0,"comment_status":"closed","ping_status":"closed","template":"","meta":{"footnotes":""},"class_list":["post-1107","page","type-page","status-publish","hentry"],"yoast_head":"<!-- This site is optimized with the Yoast SEO plugin v25.9 - https:\/\/yoast.com\/wordpress\/plugins\/seo\/ -->\n<title>Cosechadora de bayas - Exeo Ipsum<\/title>\n<meta name=\"description\" content=\"M\u00e1quinas dise\u00f1adas para recoger ar\u00e1ndanos, grosellas, frambuesas y m\u00e1s, con rapidez y sin da\u00f1ar el fruto.\" \/>\n<meta name=\"robots\" content=\"index, follow, max-snippet:-1, max-image-preview:large, max-video-preview:-1\" \/>\n<link rel=\"canonical\" href=\"https:\/\/exeoipsum.com\/ca\/maquinaria-agricola\/recol\u00b7lectora-de-baies\/\" \/>\n<meta property=\"og:locale\" content=\"ca_ES\" \/>\n<meta property=\"og:type\" content=\"article\" \/>\n<meta property=\"og:title\" content=\"Cosechadora de bayas - Exeo Ipsum\" \/>\n<meta property=\"og:description\" content=\"M\u00e1quinas dise\u00f1adas para recoger ar\u00e1ndanos, grosellas, frambuesas y m\u00e1s, con rapidez y sin da\u00f1ar el fruto.\" \/>\n<meta property=\"og:url\" content=\"https:\/\/exeoipsum.com\/ca\/maquinaria-agricola\/recol\u00b7lectora-de-baies\/\" \/>\n<meta property=\"og:site_name\" content=\"Exeo Ipsum\" \/>\n<meta property=\"article:modified_time\" content=\"2025-07-21T09:36:39+00:00\" \/>\n<meta property=\"og:image\" content=\"https:\/\/exeoipsum.com\/wp-content\/uploads\/2025\/06\/cosechadora-de-arandanos-JAGODA-300-JAGODA-300-1-scaled-1-e1751272884288-768x576.jpg\" \/>\n<meta name=\"twitter:card\" content=\"summary_large_image\" \/>\n<meta name=\"twitter:label1\" content=\"Temps estimat de lectura\" \/>\n\t<meta name=\"twitter:data1\" content=\"2 minuts\" \/>\n<script type=\"application\/ld+json\" class=\"yoast-schema-graph\">{\"@context\":\"https:\/\/schema.org\",\"@graph\":[{\"@type\":\"WebPage\",\"@id\":\"https:\/\/exeoipsum.com\/maquinaria-agricola\/cosechadora-de-bayas\/\",\"url\":\"https:\/\/exeoipsum.com\/maquinaria-agricola\/cosechadora-de-bayas\/\",\"name\":\"Cosechadora de bayas - Exeo Ipsum\",\"isPartOf\":{\"@id\":\"https:\/\/exeoipsum.com\/#website\"},\"primaryImageOfPage\":{\"@id\":\"https:\/\/exeoipsum.com\/maquinaria-agricola\/cosechadora-de-bayas\/#primaryimage\"},\"image\":{\"@id\":\"https:\/\/exeoipsum.com\/maquinaria-agricola\/cosechadora-de-bayas\/#primaryimage\"},\"thumbnailUrl\":\"https:\/\/exeoipsum.com\/wp-content\/uploads\/2025\/06\/cosechadora-de-arandanos-JAGODA-300-JAGODA-300-1-scaled-1-e1751272884288-768x576.jpg\",\"datePublished\":\"2025-07-08T09:39:30+00:00\",\"dateModified\":\"2025-07-21T09:36:39+00:00\",\"description\":\"M\u00e1quinas dise\u00f1adas para recoger ar\u00e1ndanos, grosellas, frambuesas y m\u00e1s, con rapidez y sin da\u00f1ar el fruto.\",\"breadcrumb\":{\"@id\":\"https:\/\/exeoipsum.com\/maquinaria-agricola\/cosechadora-de-bayas\/#breadcrumb\"},\"inLanguage\":\"ca\",\"potentialAction\":[{\"@type\":\"ReadAction\",\"target\":[\"https:\/\/exeoipsum.com\/maquinaria-agricola\/cosechadora-de-bayas\/\"]}]},{\"@type\":\"ImageObject\",\"inLanguage\":\"ca\",\"@id\":\"https:\/\/exeoipsum.com\/maquinaria-agricola\/cosechadora-de-bayas\/#primaryimage\",\"url\":\"https:\/\/exeoipsum.com\/wp-content\/uploads\/2025\/06\/cosechadora-de-arandanos-JAGODA-300-JAGODA-300-1-scaled-1-e1751272884288-768x576.jpg\",\"contentUrl\":\"https:\/\/exeoipsum.com\/wp-content\/uploads\/2025\/06\/cosechadora-de-arandanos-JAGODA-300-JAGODA-300-1-scaled-1-e1751272884288-768x576.jpg\"},{\"@type\":\"BreadcrumbList\",\"@id\":\"https:\/\/exeoipsum.com\/maquinaria-agricola\/cosechadora-de-bayas\/#breadcrumb\",\"itemListElement\":[{\"@type\":\"ListItem\",\"position\":1,\"name\":\"Portada\",\"item\":\"https:\/\/exeoipsum.com\/\"},{\"@type\":\"ListItem\",\"position\":2,\"name\":\"Maquinaria Agr\u00edcola\",\"item\":\"https:\/\/exeoipsum.com\/maquinaria-agricola\/\"},{\"@type\":\"ListItem\",\"position\":3,\"name\":\"Cosechadora de bayas\"}]},{\"@type\":\"WebSite\",\"@id\":\"https:\/\/exeoipsum.com\/#website\",\"url\":\"https:\/\/exeoipsum.com\/\",\"name\":\"Exeo Ipsum\",\"description\":\"Maquinaria Agr\u00edcola\",\"publisher\":{\"@id\":\"https:\/\/exeoipsum.com\/#organization\"},\"alternateName\":\"Maquinaria Agr\u00edcola\",\"potentialAction\":[{\"@type\":\"SearchAction\",\"target\":{\"@type\":\"EntryPoint\",\"urlTemplate\":\"https:\/\/exeoipsum.com\/?s={search_term_string}\"},\"query-input\":{\"@type\":\"PropertyValueSpecification\",\"valueRequired\":true,\"valueName\":\"search_term_string\"}}],\"inLanguage\":\"ca\"},{\"@type\":\"Organization\",\"@id\":\"https:\/\/exeoipsum.com\/#organization\",\"name\":\"Exeo Ipsum S.L.\",\"alternateName\":\"EXEO IPSUM AGRO\",\"url\":\"https:\/\/exeoipsum.com\/\",\"logo\":{\"@type\":\"ImageObject\",\"inLanguage\":\"ca\",\"@id\":\"https:\/\/exeoipsum.com\/#\/schema\/logo\/image\/\",\"url\":\"\",\"contentUrl\":\"\",\"caption\":\"Exeo Ipsum S.L.\"},\"image\":{\"@id\":\"https:\/\/exeoipsum.com\/#\/schema\/logo\/image\/\"},\"sameAs\":[\"https:\/\/www.instagram.com\/exeo_ipsum\/\"]}]}<\/script>\n<!-- \/ Yoast SEO plugin. -->","yoast_head_json":{"title":"Recol\u00b7lectora de baies - Exeo Ipsum","description":"M\u00e0quines dissenyades per recollir nabius, groselles, gerds i m\u00e9s, amb rapidesa i sense fer malb\u00e9 el fruit.","robots":{"index":"index","follow":"follow","max-snippet":"max-snippet:-1","max-image-preview":"max-image-preview:large","max-video-preview":"max-video-preview:-1"},"canonical":"https:\/\/exeoipsum.com\/ca\/maquinaria-agricola\/recol\u00b7lectora-de-baies\/","og_locale":"ca_ES","og_type":"article","og_title":"Cosechadora de bayas - Exeo Ipsum","og_description":"M\u00e1quinas dise\u00f1adas para recoger ar\u00e1ndanos, grosellas, frambuesas y m\u00e1s, con rapidez y sin da\u00f1ar el fruto.","og_url":"https:\/\/exeoipsum.com\/ca\/maquinaria-agricola\/recol\u00b7lectora-de-baies\/","og_site_name":"Exeo Ipsum","article_modified_time":"2025-07-21T09:36:39+00:00","og_image":[{"url":"https:\/\/exeoipsum.com\/wp-content\/uploads\/2025\/06\/cosechadora-de-arandanos-JAGODA-300-JAGODA-300-1-scaled-1-e1751272884288-768x576.jpg","type":"","width":"","height":""}],"twitter_card":"summary_large_image","twitter_misc":{"Temps estimat de lectura":"2 minuts"},"schema":{"@context":"https:\/\/schema.org","@graph":[{"@type":"WebPage","@id":"https:\/\/exeoipsum.com\/maquinaria-agricola\/cosechadora-de-bayas\/","url":"https:\/\/exeoipsum.com\/maquinaria-agricola\/cosechadora-de-bayas\/","name":"Recol\u00b7lectora de baies - Exeo Ipsum","isPartOf":{"@id":"https:\/\/exeoipsum.com\/#website"},"primaryImageOfPage":{"@id":"https:\/\/exeoipsum.com\/maquinaria-agricola\/cosechadora-de-bayas\/#primaryimage"},"image":{"@id":"https:\/\/exeoipsum.com\/maquinaria-agricola\/cosechadora-de-bayas\/#primaryimage"},"thumbnailUrl":"https:\/\/exeoipsum.com\/wp-content\/uploads\/2025\/06\/cosechadora-de-arandanos-JAGODA-300-JAGODA-300-1-scaled-1-e1751272884288-768x576.jpg","datePublished":"2025-07-08T09:39:30+00:00","dateModified":"2025-07-21T09:36:39+00:00","description":"M\u00e0quines dissenyades per recollir nabius, groselles, gerds i m\u00e9s, amb rapidesa i sense fer malb\u00e9 el fruit.","breadcrumb":{"@id":"https:\/\/exeoipsum.com\/maquinaria-agricola\/cosechadora-de-bayas\/#breadcrumb"},"inLanguage":"ca","potentialAction":[{"@type":"ReadAction","target":["https:\/\/exeoipsum.com\/maquinaria-agricola\/cosechadora-de-bayas\/"]}]},{"@type":"ImageObject","inLanguage":"ca","@id":"https:\/\/exeoipsum.com\/maquinaria-agricola\/cosechadora-de-bayas\/#primaryimage","url":"https:\/\/exeoipsum.com\/wp-content\/uploads\/2025\/06\/cosechadora-de-arandanos-JAGODA-300-JAGODA-300-1-scaled-1-e1751272884288-768x576.jpg","contentUrl":"https:\/\/exeoipsum.com\/wp-content\/uploads\/2025\/06\/cosechadora-de-arandanos-JAGODA-300-JAGODA-300-1-scaled-1-e1751272884288-768x576.jpg"},{"@type":"BreadcrumbList","@id":"https:\/\/exeoipsum.com\/maquinaria-agricola\/cosechadora-de-bayas\/#breadcrumb","itemListElement":[{"@type":"ListItem","position":1,"name":"Portada","item":"https:\/\/exeoipsum.com\/"},{"@type":"ListItem","position":2,"name":"Maquinaria Agr\u00edcola","item":"https:\/\/exeoipsum.com\/maquinaria-agricola\/"},{"@type":"ListItem","position":3,"name":"Cosechadora de bayas"}]},{"@type":"WebSite","@id":"https:\/\/exeoipsum.com\/#website","url":"https:\/\/exeoipsum.com\/","name":"Exeo Ipsum","description":"Maquin\u00e0ria Agr\u00edcola","publisher":{"@id":"https:\/\/exeoipsum.com\/#organization"},"alternateName":"Maquinaria Agr\u00edcola","potentialAction":[{"@type":"SearchAction","target":{"@type":"EntryPoint","urlTemplate":"https:\/\/exeoipsum.com\/?s={search_term_string}"},"query-input":{"@type":"PropertyValueSpecification","valueRequired":true,"valueName":"search_term_string"}}],"inLanguage":"ca"},{"@type":"Organization","@id":"https:\/\/exeoipsum.com\/#organization","name":"Exeo Ipsum SL","alternateName":"EXEO IPSUM AGRO","url":"https:\/\/exeoipsum.com\/","logo":{"@type":"ImageObject","inLanguage":"ca","@id":"https:\/\/exeoipsum.com\/#\/schema\/logo\/image\/","url":"","contentUrl":"","caption":"Exeo Ipsum S.L."},"image":{"@id":"https:\/\/exeoipsum.com\/#\/schema\/logo\/image\/"},"sameAs":["https:\/\/www.instagram.com\/exeo_ipsum\/"]}]}},"_links":{"self":[{"href":"https:\/\/exeoipsum.com\/ca\/wp-json\/wp\/v2\/pages\/1107","targetHints":{"allow":["GET"]}}],"collection":[{"href":"https:\/\/exeoipsum.com\/ca\/wp-json\/wp\/v2\/pages"}],"about":[{"href":"https:\/\/exeoipsum.com\/ca\/wp-json\/wp\/v2\/types\/page"}],"author":[{"embeddable":true,"href":"https:\/\/exeoipsum.com\/ca\/wp-json\/wp\/v2\/users\/1"}],"replies":[{"embeddable":true,"href":"https:\/\/exeoipsum.com\/ca\/wp-json\/wp\/v2\/comments?post=1107"}],"version-history":[{"count":28,"href":"https:\/\/exeoipsum.com\/ca\/wp-json\/wp\/v2\/pages\/1107\/revisions"}],"predecessor-version":[{"id":1837,"href":"https:\/\/exeoipsum.com\/ca\/wp-json\/wp\/v2\/pages\/1107\/revisions\/1837"}],"up":[{"embeddable":true,"href":"https:\/\/exeoipsum.com\/ca\/wp-json\/wp\/v2\/pages\/15"}],"wp:attachment":[{"href":"https:\/\/exeoipsum.com\/ca\/wp-json\/wp\/v2\/media?parent=1107"}],"curies":[{"name":"wp","href":"https:\/\/api.w.org\/{rel}","templated":true}]}}