{"id":400,"date":"2025-02-04T08:06:36","date_gmt":"2025-02-04T08:06:36","guid":{"rendered":"https:\/\/exeoipsum.com\/terminos-y-condiciones\/"},"modified":"2025-02-04T08:06:39","modified_gmt":"2025-02-04T08:06:39","slug":"termes-i-condicions","status":"publish","type":"page","link":"https:\/\/exeoipsum.com\/ca\/termes-i-condicions\/","title":{"rendered":"Termes i condicions"},"content":{"rendered":"<!-- This legal document was generated by Complianz Terms &amp; Conditions https:\/\/wordpress.org\/plugins\/complianz-terms-conditions -->\n<div id=\"cmplz-document\" class=\"cmplz-document cmplz-terms-conditions\"><p><i>Els Termes i condicions es van actualitzar per darrera vegada el 4 de February de 2025<\/i><\/p><h2>1. Introducci\u00f3<\/h2><p>Aquests Termes i condicions s&#039;apliquin a aquest lloc web ia les transaccions relacionades amb els nostres productes i serveis. \u00c9s possible que estigui vinculat per contractes addicionals relacionats amb la seva relaci\u00f3 amb nosaltres o amb qualsevol producte o servei que rebeu de nosaltres. Si alguna disposici\u00f3 dels contractes addicionals entra en conflicte amb qualsevol daquestes Condicions, les disposicions daquests contractes addicionals controlaran i prevaldran.<\/p><h2>2. Vinculaci\u00f3<\/h2><p>En registrar-se, accedir o utilitzar d&#039;una altra manera aquest lloc web, vost\u00e8 accepta estar subjecte a aquests Termes i condicions que s&#039;indiquin a continuaci\u00f3. El sol \u00fas d&#039;aquest lloc web implica el coneixement i l&#039;acceptaci\u00f3 d&#039;aquests termes i condicions. En alguns casos particulars, tamb\u00e9 podem demanar-vos que accepteu expl\u00edcitament.<\/p><h2>3. Comunicaci\u00f3 electr\u00f2nica<\/h2><p>En utilitzar aquest lloc web o en comunicar-se amb nosaltres per mitjans electr\u00f2nics, accepteu i reconeixeu que ens podem comunicar amb vosaltres electr\u00f2nicament al nostre lloc web o enviant-vos un correu electr\u00f2nic, i accepteu que tots els acords, avisos, revelacions i altres comunicacions que fem proporcionar-li electr\u00f2nicament satisfer qualsevol requisit legal, incl\u00f2s, entre d&#039;altres, el requisit.<\/p><h2>4. Propietat intel\u00b7lectual<\/h2><p>Nosaltres o els nostres llicenciants posse\u00efm i controlem tots els drets d&#039;autor i altres drets de propietat intel\u00b7lectual del lloc web i les dades, informaci\u00f3 i altres recursos que es mostren o accessibles al lloc web.<\/p><p class=\"cmplz-subtitle\">4.1 Tots els drets estan reservats<\/p><p>Tret que el contingut espec\u00edfic indiqui el contrari, no se us concedeix cap llic\u00e8ncia ni cap altre dret en virtut de drets d&#039;autor, marques comercials, patents o altres drets de propietat intel\u00b7lectual. Aix\u00f2 vol dir que no utilitzar\u00e0, copiar\u00e0, reproduir\u00e0, executar\u00e0, mostrar\u00e0, distribuir\u00e0, incrustar\u00e0 a cap mitj\u00e0 electr\u00f2nic, alterar\u00e0, realitzar\u00e0 enginyeria inversa, descompilar\u00e0, transferir\u00e0, descarregar\u00e0, transmetr\u00e0, monetitzar\u00e0, vendre, comercialitzar o comercialitzar cap recurs d&#039;aquest lloc web. de qualsevol manera, sense el nostre perm\u00eds previ per escrit, excepte i nom\u00e9s en la mesura que s&#039;estipuli el contrari a les normes de llei imperativa (com ara el dret a cotitzaci\u00f3).<\/p><h2>5. Propietat de tercers<\/h2><p>El nostre lloc web pot incloure hipervincles u altres refer\u00e8ncies a llocs web d&#039;altres parts. No controlem ni revisem el contingut dels llocs web daltres parts als quals senlla\u00e7a des daquest lloc web. Els productes o serveis oferts per altres llocs web estaran subjectes als termes i condicions aplicables d&#039;aquests tercers. Les opinions expressades o el material que apareix en aquests llocs web no \u00e9s necess\u00e0riament compartit ni avalat per nosaltres.<\/p><p>No serem responsables de cap pr\u00e0ctica de privadesa o contingut d&#039;aquests llocs. Us assumiu tots els cingles associats amb l&#039;\u00fas d&#039;aquests llocs web i qualsevol servei de tercers relacionat. No acceptarem cap responsabilitat per cap p\u00e8rdua o dany de qualsevol manera, sigui quina sigui la causa, que resulti de la seva divulgaci\u00f3 a tercers d&#039;informaci\u00f3 personal.<\/p><h2>6. \u00das responsable<\/h2><p>En visitar el nostre lloc web, accepteu utilitzar-lo nom\u00e9s per als prop\u00f2sits previstos i tal com ho permetin aquestes Condicions, qualsevol contracte addicional amb nosaltres i les lleis, regulacions i pr\u00e0ctiques en l\u00ednia generalment acceptades i directrius del sector. No heu d&#039;utilitzar el nostre lloc web o serveis per utilitzar, publicar o distribuir cap material que consisteixi (o estigui vinculat a) programari inform\u00e0tic malicios; utilitzar les dades recollides del nostre lloc web per a qualsevol activitat de m\u00e0rqueting directe o realitzar activitats de recollida de dades sistem\u00e0tica o automatitzada al nostre lloc web o en relaci\u00f3 amb ell.<\/p><p>Queda totalment prohibit participar a qualsevol activitat que causi o pugui causar danys al lloc web o que interfereixi amb el rendiment, la disponibilitat o l&#039;accessibilitat del lloc web.<\/p><h2>7. Pol\u00edtica de devoluci\u00f3 i devoluci\u00f3<\/h2><p class=\"cmplz-subtitle\">7.1 Dret de desistiment<\/p><p>Teniu dret a desistir d&#039;aquest contracte en 14 dies sense donar cap motiu.<\/p><p>El per\u00edode de desistiment caducar\u00e0 al cap de 14 dies des del dia en qu\u00e8 adquireixis la possessi\u00f3 f\u00edsica de la mercaderia, o un tercer que no sigui el transportista i indicat per tu.<\/p><p>Per exercir el dret de desistiment, ens heu d'informar de la vostra decisi\u00f3 de desistir d'aquest contracte mitjan\u00e7ant una declaraci\u00f3 inequ\u00edvoca (per exemple, una carta enviada per correu postal, fax o correu electr\u00f2nic). Les nostres dades de contacte es poden trobar a continuaci\u00f3. Podeu utilitzar el model adjunt. <a target=\"_blank\" href=\"https:\/\/exeoipsum.com\/wp-content\/uploads\/complianz\/withdrawal-forms\/withdrawal-form-ca.pdf\">formulari de retirada<\/a>, per\u00f2 no \u00e9s obligatori.<\/p><p>Tamb\u00e9 podeu emplenar i enviar electr\u00f2nicament el formulari de desistiment o qualsevol altra declaraci\u00f3 inequ\u00edvoca al nostre <a href=\"https:\/\/exeoipsum.com\/ca\/contacte\/\"> lloc web<\/a>.<\/p><p>Si utilitzeu aquesta opci\u00f3, us comunicarem sense demora un justificant de recepci\u00f3 d&#039;aquesta retirada en un suport durador (per exemple, per correu electr\u00f2nic).<\/p><p>Per complir el termini de desistiment, n&#039;hi ha prou amb enviar la seva comunicaci\u00f3 sobre l&#039;exercici del dret de desistiment abans que hagi transcorregut el termini de desistiment.<\/p><p class=\"cmplz-subtitle\">7.2 Efectes de la retirada<\/p><p>Si retira aquest contracte, li reembolsarem tots els pagaments rebuts de vost\u00e8, inclosos els costos de lliurament (a excepci\u00f3 dels costos addicionals derivats de la seva elecci\u00f3 d&#039;un tipus de lliurament diferent del tipus de lliurament est\u00e0ndard menys cost\u00f3s ofert per nosaltres), sense demora indebida i, en qualsevol cas, no m\u00e9s tard de 14 dies a partir del dia en qu\u00e8 se&#039;ns ha informat de la Efectuarem aquest reemborsament utilitzant el mateix mitj\u00e0 de pagament que utilitzareu per a la transacci\u00f3 inicial, llevat que h\u00e0giu acordat expressament el contrari; en cap cas, no incorrer\u00e0 en cap quota com a conseq\u00fc\u00e8ncia d&#039;aquest reemborsament.<\/p><p>Ens ha de retornar la mercaderia o lliurar-la a nosaltres oa una persona autoritzada per nosaltres per rebre la mercaderia, sense demora indeguda i, en tot cas, en un termini m\u00e0xim de 14 dies a partir del dia en qu\u00e8 ens comuniqueu la vostra denuncia d&#039;aquest contracte. El termini es compleix si envieu la mercaderia abans que hagi transcorregut el termini de 14 dies.<\/p><p>Podem retenir el reemborsament fins que h\u00e0gim rebut la mercaderia de tornada o fins que hagis aportat proves d&#039;haver retornat la mercaderia, el que sigui el primer.<\/p><p>El cost m\u00e0xim de devoluci\u00f3 de la mercaderia \u00e9s .<\/p><p>Nom\u00e9s ets responsable de la disminuci\u00f3 del valor de la mercaderia com a conseq\u00fc\u00e8ncia d&#039;una manipulaci\u00f3 diferent de la necess\u00e0ria per establir la naturalesa, les caracter\u00edstiques i el funcionament de la mercaderia.<\/p><p>Si us plau, tingueu en compte que les condicions legals s\u00f3n exceptuades per a l&#039;\u00fas de les dragues, i algunes \u00edtems poden retornar o exchangar.  T&#039;informarem si aix\u00f2 s&#039;aplica al teu cas particular.<\/p><h2>8. Presentaci\u00f3 d&#039;idees<\/h2><p>No envieu idees, invencions, obres d&#039;autoria o altra informaci\u00f3 que es pugui considerar propietat intelectual pr\u00f2pia que ens agradaria presentar, tret que primer h\u00e0gim signat un acord sobre la propietat intelectual o un acord de no divulgaci\u00f3. Si ens ho reveles sense aquest acord per escrit, ens atorgues una llic\u00e8ncia mundial, irrevocable, no exclusiva i lliure de drets d&#039;autor per utilitzar, reproduir, emmagatzemar, adaptar, publicar, traduir i distribuir el teu contingut en qualsevol mitj\u00e0 existent o futur. .<\/p><h2>9. Finalitzaci\u00f3 de l&#039;\u00fas<\/h2><p>Podem, a la nostra discreci\u00f3, modificar o interrompre l&#039;acc\u00e9s, de manera temporal o permanent, en qualsevol moment al lloc web oa qualsevol servei que hi hagi. Accepteu que no serem responsables davant vostre o cap tercer per qualsevol modificaci\u00f3, suspensi\u00f3 o interrupci\u00f3 del vostre acc\u00e9s o \u00fas del lloc web o qualsevol contingut que pugueu haver compartit al lloc web. No tindreu dret a cap compensaci\u00f3 ni cap altre pagament, fins i tot si determinades caracter\u00edstiques, configuraci\u00f3 i\/o qualsevol contingut amb qu\u00e8 h\u00e0giu contribu\u00eft o en qu\u00e8 us heu confiat, es perdin permanentment. No heu d&#039;eludir ni eludir, ni intentar eludir o eludir cap mesura de restricci\u00f3 d&#039;acc\u00e9s al nostre lloc web.<\/p><h2>10. Garanties i responsabilitat<\/h2><p>Res d&#039;aquesta secci\u00f3 limitar\u00e0 o excluir\u00e0 cap garantia impl\u00edcita per la llei que seria il\u00b7legal limitar o excluir. Aquest lloc web i tot el contingut del lloc web es proporcionen &quot;tal qual&quot; i &quot;segons estiguin disponibles&quot; i poden incloure inexactituds o errors tipogr\u00e0fics. Declinem expressament totes les garanties de qualsevol tipus, ja siguin expl\u00edcits o impl\u00edcits, quant a la disponibilitat, exactitud o integritat del contingut. No donem cap garantia que:<\/p><p><ul>\n                    <li>aquest lloc web o el nostre contingut satisfar\u00e0 els vostres requisits;<\/li>\n                    <li>aquest lloc web estar\u00e0 disponible de manera ininterrompuda, oportuna, segura o sense errors.<\/li>\n        <\/ul><\/p><p>Res d&#039;aquest lloc web no constitueix ni pret\u00e9n constituir un assessorament legal, financer o m\u00e8dic de cap tipus. Si necessites assessorament, cal consultar un professional adequat.<\/p><p>Les disposicions seg\u00fcents d&#039;aquesta secci\u00f3 s&#039;aplicaran en la mesura m\u00e0xima permesa per la llei aplicable i no limitaran ni excluuran la nostra responsabilitat respecte a cap assumpte que seria il\u00b7legal o il\u00b7legal per a nosaltres limitar o excluir la nostra responsabilitat. En cap cas seran responsables dels danys directes o indirectes (inclosos els danys per p\u00e8rdua de beneficis o ingressos, p\u00e8rdua o corrupci\u00f3 de dades, programari o base de dades, o p\u00e8rdua o dany a la propietat o les dades) incorregut per vost\u00e8 o qualsevol tercer. part, derivada del vostre acc\u00e9s o \u00fas del nostre lloc web.<\/p><p>Llevat que qualsevol contracte addicional estableixi expressament el contrari, la nostra m\u00e0xima responsabilitat envers vost\u00e8 per tots els danys derivats o relacionats amb el lloc web o qualsevol producte i servei comercialitzat o venut a trav\u00e9s del lloc web, independentment de la forma d&#039;acci\u00f3 legal que imposa la responsabilitat (ja sigui per contracte, equitat, neglig\u00e8ncia, conducta intencionada, dany o d&#039;una altra manera) Aquest l\u00edmit s&#039;aplicar\u00e0 en conjunt a totes les reclamacions, accions i causes d&#039;acci\u00f3 de qualsevol tipus i naturalesa.<\/p><h2>11. Privadesa<\/h2><p>Per accedir al nostre lloc web i\/o serveis, \u00e9s possible que se us demani que proporcioneu certa informaci\u00f3 sobre vosaltres mateixos com a part del proc\u00e9s de registre. Accepteu que qualsevol informaci\u00f3 que proporcioneu ser\u00e0 sempre precisa, correcta i actualitzada.<\/p><p>Hem desenvolupat una pol\u00edtica per resoldre qualsevol problema de privadesa que pugui tenir. Per a m\u00e9s informaci\u00f3, consulteu la nostra <a href=\"https:\/\/exeoipsum.com\/ca\/politica-privadesa\/\">Declaraci\u00f3 de privacitat<\/a> i nostra <a href=\"#\">Pol\u00edtica de Cookies<\/a>.<\/p><h2>12. Accessibilitat<\/h2><p>Ens comprometem a fer accessible el contingut que oferim a les persones amb discapacitat. Si teniu una discapacitat i no podeu accedir a cap part del nostre lloc web a causa de la vostra discapacitat, us demanem que ens envieu un avis amb una descripci\u00f3 detallada del problema que heu trobat. Si el problema \u00e9s f\u00e0cilment identificable i resolt d&#039;acord amb les eines i les t\u00e8cniques de tecnologia de la informaci\u00f3 est\u00e0ndard del sector, el resoldrem r\u00e0pidament.<\/p><h2>13. Restriccions d&#039;exportaci\u00f3 \/ Compliment legal<\/h2><p>Est\u00e0 prohibit l&#039;acc\u00e9s al lloc web des de territoris o pa\u00efsos on el contingut o la compra dels productes o serveis venuts al lloc web \u00e9s il\u00b7legal. No podeu utilitzar aquest lloc web infringint les lleis i regulacions d&#039;exportaci\u00f3 d&#039;Espanya.<\/p><h2>14. Enc\u00e0rrec<\/h2><p>No podeu cedir, transferir o subcontractar cap dels vostres drets i\/o obligacions en virtut d&#039;aquests Termes i condicions, totalment o parcialment, a cap tercer sense el nostre consentiment previ per escrit. Qualsevol presumpta cessi\u00f3 que infringeixi aquesta Secci\u00f3 ser\u00e0 nul\u00b7la de ple dret.<\/p><h2>15. Incompliments d&#039;aquests Termes i condicions<\/h2><p>Sense perjudici dels nostres altres drets en virtut d&#039;aquests Termes i Condicions, si incompleixes aquests Termes i Condicions d&#039;alguna manera, podrem prendre les mesures que considerem oportunes per fer front a l&#039;incompliment, inclosa la suspensi\u00f3 temporal o permanent del teu acc\u00e9s al lloc web, posant-nos en contacte. el vostre prove\u00efdor de serveis d&#039;Internet per demanar que bloquegi el vostre acc\u00e9s al lloc web i\/o iniciar accions legals contra v\u00f3s.<\/p><h2>16. Indemnitzaci\u00f3<\/h2><p>Accepteu indemnitzar-nos, defensar-nos i mantenir-nos indemnes de qualsevol reclamaci\u00f3, responsabilitat, dany, p\u00e8rdues i despeses relacionades amb la vostra violaci\u00f3 d&#039;aquests Termes i condicions i de les lleis aplicables, inclosos els drets de propietat intelectual i els drets de privadesa. Ens reembolsar\u00e0 immediatament els nostres danys, p\u00e8rdues, costos i despeses relacionades o derivats d&#039;aquestes reclamacions.<\/p><h2>17. Ren\u00fancia<\/h2><p>L&#039;incompliment de qualsevol de les disposicions establertes en aquests termes i condicions i qualsevol acord, o la falta d&#039;exercir qualsevol opci\u00f3 de rescissi\u00f3, no s&#039;interpretar\u00e0 com una renuncia a aquestes disposicions i no afectar\u00e0 la validesa d&#039;aquests termes i condicions ni de cap acord o qualsevol part d&#039;aquest, o el dret posterior a fer complir totes i cada una de les disposicions.<\/p><h2>18. Llengua<\/h2><p>Aquests Termes i Condicions s&#039;interpretaran i interpretaran exclusivament a Espanyol; Castell\u00e0. Tots els avisos i correspond\u00e8ncia es redactaran exclusivament en aquest idioma.<\/p><h2>19. Acord enter<\/h2><p>These Terms and Conditions, together with our <a href=\"https:\/\/exeoipsum.com\/ca\/politica-privadesa\/\">privacy statement<\/a> and <a href=\"#\">cookie policy<\/a>, constitute l&#039;entitat agreement entre vost\u00e8 i Exeo Ipsum SL en relaci\u00f3 amb la seva utilitzaci\u00f3 d&#039;aquest lloc web.<\/p><h2>20. Actualitzaci\u00f3 d&#039;aquests Termes i condicions<\/h2><p>Podem actualitzar aquests Termes i Condicions de tant en tant. \u00c9s la seva obligaci\u00f3 comprovar peri\u00f2dicament aquests Termes i Condicions per veure si hi ha canvis o actualitzacions. La data indicada a l&#039;inici d&#039;aquests Termes i Condicions \u00e9s la data de la darrera revisi\u00f3. Els canvis a aquests Termes i Condicions es faran efectius una vegada es publiquin aquests canvis en aquest lloc web. El vostre \u00fas continuat d&#039;aquest lloc web despr\u00e9s de la publicaci\u00f3 de canvis o actualitzacions es considerar\u00e0 un avis de la vostra acceptaci\u00f3 de complir i estar vinculat per aquests Termes i Condicions.<\/p><h2>21. Elecci\u00f3 de la llei i jurisdicci\u00f3<\/h2><p>Aquests Termes i Condicions es regiran per les lleis dEspanya. Qualsevol controv\u00e8rsia relacionada amb aquests Termes i Condicions estar\u00e0 sotmesa a la jurisdicci\u00f3 dels tribunals dEspanya. Si un tribunal o una altra autoritat considera que alguna part o disposici\u00f3 d&#039;aquests Termes i Condicions \u00e9s inv\u00e0lida i\/o inaplicable d&#039;acord amb la llei aplicable, aquesta part o disposici\u00f3 es modificar\u00e0, esborrar\u00e0 i\/o s&#039;aplicar\u00e0 en la mesura m\u00e0xima permissible per tal de donar efecte a la intenci\u00f3 d&#039;aquests Termes i Condicions. La resta de disposicions no es veuran afectades.<\/p><h2>22. Informaci\u00f3 de contacte<\/h2><p>Aquest lloc web \u00e9s propietat i est\u00e0 gestionat per Exeo Ipsum SL<\/p><p>M\u00e9s contacteu amb les vostres Termes and Conditions through our <a href=\"https:\/\/exeoipsum.com\/ca\/contacte\/\">contacte<\/a> page.<\/p><h2>23. Baixa<\/h2><p>Tamb\u00e9 pots <a href=\"https:\/\/exeoipsum.com\/wp-content\/plugins\/complianz-terms-conditions\/download.php\">descarregar<\/a> les nostres Condicions i Termes en format PDF.<\/p><\/div>","protected":false},"excerpt":{"rendered":"","protected":false},"author":1,"featured_media":0,"parent":0,"menu_order":0,"comment_status":"closed","ping_status":"closed","template":"","meta":{"footnotes":""},"class_list":["post-400","page","type-page","status-publish","hentry"],"yoast_head":"<!-- This site is optimized with the Yoast SEO plugin v25.9 - https:\/\/yoast.com\/wordpress\/plugins\/seo\/ -->\n<title>T\u00e9rminos y condiciones - Exeo Ipsum<\/title>\n<meta name=\"robots\" content=\"index, follow, max-snippet:-1, max-image-preview:large, max-video-preview:-1\" \/>\n<link rel=\"canonical\" href=\"https:\/\/exeoipsum.com\/ca\/termes-i-condicions\/\" \/>\n<meta property=\"og:locale\" content=\"ca_ES\" \/>\n<meta property=\"og:type\" content=\"article\" \/>\n<meta property=\"og:title\" content=\"T\u00e9rminos y condiciones - Exeo Ipsum\" \/>\n<meta property=\"og:url\" content=\"https:\/\/exeoipsum.com\/ca\/termes-i-condicions\/\" \/>\n<meta property=\"og:site_name\" content=\"Exeo Ipsum\" \/>\n<meta property=\"article:modified_time\" content=\"2025-02-04T08:06:39+00:00\" \/>\n<meta name=\"twitter:card\" content=\"summary_large_image\" \/>\n<script type=\"application\/ld+json\" class=\"yoast-schema-graph\">{\"@context\":\"https:\/\/schema.org\",\"@graph\":[{\"@type\":\"WebPage\",\"@id\":\"https:\/\/exeoipsum.com\/terminos-y-condiciones\/\",\"url\":\"https:\/\/exeoipsum.com\/terminos-y-condiciones\/\",\"name\":\"T\u00e9rminos y condiciones - Exeo Ipsum\",\"isPartOf\":{\"@id\":\"https:\/\/exeoipsum.com\/#website\"},\"datePublished\":\"2025-02-04T08:06:36+00:00\",\"dateModified\":\"2025-02-04T08:06:39+00:00\",\"breadcrumb\":{\"@id\":\"https:\/\/exeoipsum.com\/terminos-y-condiciones\/#breadcrumb\"},\"inLanguage\":\"ca\",\"potentialAction\":[{\"@type\":\"ReadAction\",\"target\":[\"https:\/\/exeoipsum.com\/terminos-y-condiciones\/\"]}]},{\"@type\":\"BreadcrumbList\",\"@id\":\"https:\/\/exeoipsum.com\/terminos-y-condiciones\/#breadcrumb\",\"itemListElement\":[{\"@type\":\"ListItem\",\"position\":1,\"name\":\"Portada\",\"item\":\"https:\/\/exeoipsum.com\/\"},{\"@type\":\"ListItem\",\"position\":2,\"name\":\"T\u00e9rminos y condiciones\"}]},{\"@type\":\"WebSite\",\"@id\":\"https:\/\/exeoipsum.com\/#website\",\"url\":\"https:\/\/exeoipsum.com\/\",\"name\":\"Exeo Ipsum\",\"description\":\"Maquinaria Agr\u00edcola\",\"publisher\":{\"@id\":\"https:\/\/exeoipsum.com\/#organization\"},\"alternateName\":\"Maquinaria Agr\u00edcola\",\"potentialAction\":[{\"@type\":\"SearchAction\",\"target\":{\"@type\":\"EntryPoint\",\"urlTemplate\":\"https:\/\/exeoipsum.com\/?s={search_term_string}\"},\"query-input\":{\"@type\":\"PropertyValueSpecification\",\"valueRequired\":true,\"valueName\":\"search_term_string\"}}],\"inLanguage\":\"ca\"},{\"@type\":\"Organization\",\"@id\":\"https:\/\/exeoipsum.com\/#organization\",\"name\":\"Exeo Ipsum S.L.\",\"alternateName\":\"EXEO IPSUM AGRO\",\"url\":\"https:\/\/exeoipsum.com\/\",\"logo\":{\"@type\":\"ImageObject\",\"inLanguage\":\"ca\",\"@id\":\"https:\/\/exeoipsum.com\/#\/schema\/logo\/image\/\",\"url\":\"\",\"contentUrl\":\"\",\"caption\":\"Exeo Ipsum S.L.\"},\"image\":{\"@id\":\"https:\/\/exeoipsum.com\/#\/schema\/logo\/image\/\"},\"sameAs\":[\"https:\/\/www.instagram.com\/exeo_ipsum\/\"]}]}<\/script>\n<!-- \/ Yoast SEO plugin. -->","yoast_head_json":{"title":"Termes i condicions - Exeo Ipsum","robots":{"index":"index","follow":"follow","max-snippet":"max-snippet:-1","max-image-preview":"max-image-preview:large","max-video-preview":"max-video-preview:-1"},"canonical":"https:\/\/exeoipsum.com\/ca\/termes-i-condicions\/","og_locale":"ca_ES","og_type":"article","og_title":"T\u00e9rminos y condiciones - Exeo Ipsum","og_url":"https:\/\/exeoipsum.com\/ca\/termes-i-condicions\/","og_site_name":"Exeo Ipsum","article_modified_time":"2025-02-04T08:06:39+00:00","twitter_card":"summary_large_image","schema":{"@context":"https:\/\/schema.org","@graph":[{"@type":"WebPage","@id":"https:\/\/exeoipsum.com\/terminos-y-condiciones\/","url":"https:\/\/exeoipsum.com\/terminos-y-condiciones\/","name":"Termes i condicions - Exeo Ipsum","isPartOf":{"@id":"https:\/\/exeoipsum.com\/#website"},"datePublished":"2025-02-04T08:06:36+00:00","dateModified":"2025-02-04T08:06:39+00:00","breadcrumb":{"@id":"https:\/\/exeoipsum.com\/terminos-y-condiciones\/#breadcrumb"},"inLanguage":"ca","potentialAction":[{"@type":"ReadAction","target":["https:\/\/exeoipsum.com\/terminos-y-condiciones\/"]}]},{"@type":"BreadcrumbList","@id":"https:\/\/exeoipsum.com\/terminos-y-condiciones\/#breadcrumb","itemListElement":[{"@type":"ListItem","position":1,"name":"Portada","item":"https:\/\/exeoipsum.com\/"},{"@type":"ListItem","position":2,"name":"T\u00e9rminos y condiciones"}]},{"@type":"WebSite","@id":"https:\/\/exeoipsum.com\/#website","url":"https:\/\/exeoipsum.com\/","name":"Exeo Ipsum","description":"Maquin\u00e0ria Agr\u00edcola","publisher":{"@id":"https:\/\/exeoipsum.com\/#organization"},"alternateName":"Maquinaria Agr\u00edcola","potentialAction":[{"@type":"SearchAction","target":{"@type":"EntryPoint","urlTemplate":"https:\/\/exeoipsum.com\/?s={search_term_string}"},"query-input":{"@type":"PropertyValueSpecification","valueRequired":true,"valueName":"search_term_string"}}],"inLanguage":"ca"},{"@type":"Organization","@id":"https:\/\/exeoipsum.com\/#organization","name":"Exeo Ipsum SL","alternateName":"EXEO IPSUM AGRO","url":"https:\/\/exeoipsum.com\/","logo":{"@type":"ImageObject","inLanguage":"ca","@id":"https:\/\/exeoipsum.com\/#\/schema\/logo\/image\/","url":"","contentUrl":"","caption":"Exeo Ipsum S.L."},"image":{"@id":"https:\/\/exeoipsum.com\/#\/schema\/logo\/image\/"},"sameAs":["https:\/\/www.instagram.com\/exeo_ipsum\/"]}]}},"_links":{"self":[{"href":"https:\/\/exeoipsum.com\/ca\/wp-json\/wp\/v2\/pages\/400","targetHints":{"allow":["GET"]}}],"collection":[{"href":"https:\/\/exeoipsum.com\/ca\/wp-json\/wp\/v2\/pages"}],"about":[{"href":"https:\/\/exeoipsum.com\/ca\/wp-json\/wp\/v2\/types\/page"}],"author":[{"embeddable":true,"href":"https:\/\/exeoipsum.com\/ca\/wp-json\/wp\/v2\/users\/1"}],"replies":[{"embeddable":true,"href":"https:\/\/exeoipsum.com\/ca\/wp-json\/wp\/v2\/comments?post=400"}],"version-history":[{"count":1,"href":"https:\/\/exeoipsum.com\/ca\/wp-json\/wp\/v2\/pages\/400\/revisions"}],"predecessor-version":[{"id":401,"href":"https:\/\/exeoipsum.com\/ca\/wp-json\/wp\/v2\/pages\/400\/revisions\/401"}],"wp:attachment":[{"href":"https:\/\/exeoipsum.com\/ca\/wp-json\/wp\/v2\/media?parent=400"}],"curies":[{"name":"wp","href":"https:\/\/api.w.org\/{rel}","templated":true}]}}