{"id":990,"date":"2025-07-08T09:41:33","date_gmt":"2025-07-08T09:41:33","guid":{"rendered":"https:\/\/exeoipsum.com\/?page_id=990"},"modified":"2025-07-21T06:07:46","modified_gmt":"2025-07-21T06:07:46","slug":"maquina-dinterfiles-desbrossadora","status":"publish","type":"page","link":"https:\/\/exeoipsum.com\/ca\/maquinaria-agricola\/maquina-dinterfiles-desbrossadora\/","title":{"rendered":"M\u00e0quina d&#039;interfil\u00b7les \/ desbrossadora"},"content":{"rendered":"<div data-elementor-type=\"wp-page\" data-elementor-id=\"990\" class=\"elementor elementor-990\">\n\t\t\t\t<div class=\"elementor-element elementor-element-d25aca6 e-flex e-con-boxed e-con e-parent\" data-id=\"d25aca6\" data-element_type=\"container\" data-e-type=\"container\" data-settings=\"{&quot;background_background&quot;:&quot;classic&quot;}\">\n\t\t\t\t\t<div class=\"e-con-inner\">\n\t\t\t\t<div class=\"elementor-element elementor-element-899f29f elementor-widget elementor-widget-heading\" data-id=\"899f29f\" data-element_type=\"widget\" data-e-type=\"widget\" data-widget_type=\"heading.default\">\n\t\t\t\t<div class=\"elementor-widget-container\">\n\t\t\t\t\t<h3 class=\"elementor-heading-title elementor-size-default\">M\u00e0quina d&#039;interfil\u00b7les<\/h3>\t\t\t\t<\/div>\n\t\t\t\t<\/div>\n\t\t\t\t\t<\/div>\n\t\t\t\t<\/div>\n\t\t<div class=\"elementor-element elementor-element-2633607 e-con-full e-flex e-con e-child\" data-id=\"2633607\" data-element_type=\"container\" data-e-type=\"container\">\n\t\t\t\t<div class=\"elementor-element elementor-element-040c781 elementor-widget elementor-widget-text-editor\" data-id=\"040c781\" data-element_type=\"widget\" data-e-type=\"widget\" data-widget_type=\"text-editor.default\">\n\t\t\t\t<div class=\"elementor-widget-container\">\n\t\t\t\t\t\t\t\t\t<h5><strong data-start=\"2416\" data-end=\"2446\">La desbrossadora interfil\u00b7les<\/strong> o <strong data-start=\"2449\" data-end=\"2474\">m\u00e0quina d&#039;interfil\u00b7les<\/strong> \u00e9s un equip agr\u00edcola dissenyat per tallar de forma mec\u00e0nica la vegetaci\u00f3 que creix entre les fileres de cultius \u2014com vinyes, oliveres o fruiters\u2014 sense necessitat d&#039;herbicides. Facilita el manteniment, controla la mala herba i protegeix el terra i les arrels. La nostra gamma s&#039;adapta a diferents amplades de treball, tipus de tractor i requeriments del terreny.<\/h5>\t\t\t\t\t\t\t\t<\/div>\n\t\t\t\t<\/div>\n\t\t<div class=\"elementor-element elementor-element-198dae9 e-con-full e-flex e-con e-child\" data-id=\"198dae9\" data-element_type=\"container\" data-e-type=\"container\">\n\t\t\t\t<div class=\"elementor-element elementor-element-f7f3152 elementor-widget elementor-widget-image\" data-id=\"f7f3152\" data-element_type=\"widget\" data-e-type=\"widget\" data-widget_type=\"image.default\">\n\t\t\t\t<div class=\"elementor-widget-container\">\n\t\t\t\t\t\t\t\t\t\t\t\t\t\t\t<img fetchpriority=\"high\" decoding=\"async\" width=\"768\" height=\"575\" src=\"https:\/\/exeoipsum.com\/wp-content\/uploads\/2025\/07\/Lucek-1-768x575.jpg\" class=\"elementor-animation-shrink attachment-medium_large size-medium_large wp-image-1707\" alt=\"Desbrossadora interfil\u00b7les Lucek tallant herba entre fileres\" srcset=\"https:\/\/exeoipsum.com\/wp-content\/uploads\/2025\/07\/Lucek-1-768x575.jpg 768w, https:\/\/exeoipsum.com\/wp-content\/uploads\/2025\/07\/Lucek-1-300x225.jpg 300w, https:\/\/exeoipsum.com\/wp-content\/uploads\/2025\/07\/Lucek-1-1024x767.jpg 1024w, https:\/\/exeoipsum.com\/wp-content\/uploads\/2025\/07\/Lucek-1-16x12.jpg 16w, https:\/\/exeoipsum.com\/wp-content\/uploads\/2025\/07\/Lucek-1.jpg 1145w\" sizes=\"(max-width: 768px) 100vw, 768px\" \/>\t\t\t\t\t\t\t\t\t\t\t\t\t\t\t<\/div>\n\t\t\t\t<\/div>\n\t\t\t\t<div class=\"elementor-element elementor-element-ad5ca48 elementor-widget elementor-widget-elementskit-heading\" data-id=\"ad5ca48\" data-element_type=\"widget\" data-e-type=\"widget\" data-widget_type=\"elementskit-heading.default\">\n\t\t\t\t<div class=\"elementor-widget-container\">\n\t\t\t\t\t<div class=\"ekit-wid-con\" ><div class=\"ekit-heading elementskit-section-title-wraper text_center   ekit_heading_tablet-   ekit_heading_mobile-\"><a href=\"https:\/\/exeoipsum.com\/ca\/lucek\/\"><h2 class=\"ekit-heading--title elementskit-section-title\">LUCEK <\/h2><\/a><h5 class=\"ekit-heading--subtitle elementskit-section-subtitle\">\n\t\t\t\t\t\t Segadora de disc per a espais interfil\u00b7les\n\t\t\t\t\t<\/h5>\t\t\t\t<div class='ekit-heading__description'>\n\t\t\t\t\t<p>Elimina males herbes entre arbres, arbustos i obstacles amb precisi\u00f3. Rotor amb fulles protegides, muntatge frontal i opci\u00f3 de versi\u00f3 senzilla o doble. Ideal per a agricultura ecol\u00f2gica.<\/p>\n\t\t\t\t<\/div>\n\t\t\t<\/div><\/div>\t\t\t\t<\/div>\n\t\t\t\t<\/div>\n\t\t\t\t<div class=\"elementor-element elementor-element-94591d9 elementor-align-center elementor-widget__width-initial elementor-widget elementor-widget-button\" data-id=\"94591d9\" data-element_type=\"widget\" data-e-type=\"widget\" data-widget_type=\"button.default\">\n\t\t\t\t<div class=\"elementor-widget-container\">\n\t\t\t\t\t\t\t\t\t<div class=\"elementor-button-wrapper\">\n\t\t\t\t\t<a class=\"elementor-button elementor-button-link elementor-size-sm\" href=\"https:\/\/exeoipsum.com\/ca\/lucek\/\">\n\t\t\t\t\t\t<span class=\"elementor-button-content-wrapper\">\n\t\t\t\t\t\t\t\t\t<span class=\"elementor-button-text\">Veure m\u00e9s<\/span>\n\t\t\t\t\t<\/span>\n\t\t\t\t\t<\/a>\n\t\t\t\t<\/div>\n\t\t\t\t\t\t\t\t<\/div>\n\t\t\t\t<\/div>\n\t\t\t\t<\/div>\n\t\t<div class=\"elementor-element elementor-element-692b221 e-con-full e-flex e-con e-child\" data-id=\"692b221\" data-element_type=\"container\" data-e-type=\"container\">\n\t\t\t\t<div class=\"elementor-element elementor-element-1783f8f elementor-widget elementor-widget-image\" data-id=\"1783f8f\" data-element_type=\"widget\" data-e-type=\"widget\" data-widget_type=\"image.default\">\n\t\t\t\t<div class=\"elementor-widget-container\">\n\t\t\t\t\t\t\t\t\t\t\t\t\t\t\t<img decoding=\"async\" width=\"768\" height=\"576\" src=\"https:\/\/exeoipsum.com\/wp-content\/uploads\/2025\/07\/zilla-1-768x576.jpg\" class=\"elementor-animation-shrink attachment-medium_large size-medium_large wp-image-1708\" alt=\"Desbrossadora Zilla per a manteniment d&#039;herba entre fileres\" srcset=\"https:\/\/exeoipsum.com\/wp-content\/uploads\/2025\/07\/zilla-1-768x576.jpg 768w, https:\/\/exeoipsum.com\/wp-content\/uploads\/2025\/07\/zilla-1-300x225.jpg 300w, https:\/\/exeoipsum.com\/wp-content\/uploads\/2025\/07\/zilla-1-1024x768.jpg 1024w, https:\/\/exeoipsum.com\/wp-content\/uploads\/2025\/07\/zilla-1-16x12.jpg 16w, https:\/\/exeoipsum.com\/wp-content\/uploads\/2025\/07\/zilla-1.jpg 1280w\" sizes=\"(max-width: 768px) 100vw, 768px\" \/>\t\t\t\t\t\t\t\t\t\t\t\t\t\t\t<\/div>\n\t\t\t\t<\/div>\n\t\t\t\t<div class=\"elementor-element elementor-element-00f394f elementor-widget elementor-widget-elementskit-heading\" data-id=\"00f394f\" data-element_type=\"widget\" data-e-type=\"widget\" data-widget_type=\"elementskit-heading.default\">\n\t\t\t\t<div class=\"elementor-widget-container\">\n\t\t\t\t\t<div class=\"ekit-wid-con\" ><div class=\"ekit-heading elementskit-section-title-wraper text_center   ekit_heading_tablet-   ekit_heading_mobile-\"><a href=\"https:\/\/exeoipsum.com\/ca\/cadira\/\"><h2 class=\"ekit-heading--title elementskit-section-title\">ZILLA <\/h2><\/a><h5 class=\"ekit-heading--subtitle elementskit-section-subtitle\">\n\t\t\t\t\t\tTalladora de Gespa per a Tractor\n\t\t\t\t\t<\/h5>\t\t\t\t<div class='ekit-heading__description'>\n\t\t\t\t\t<p>Ideal per a jardins, cultius i espais verds. Tall prec\u00eds de fins a 1 m, al\u00e7ada regulable i desc\u00e0rrega lateral o posterior. Lleugera, maniobrable i perfecta per a tractors petits.<\/p>\n\t\t\t\t<\/div>\n\t\t\t<\/div><\/div>\t\t\t\t<\/div>\n\t\t\t\t<\/div>\n\t\t\t\t<div class=\"elementor-element elementor-element-21c3906 elementor-align-center elementor-widget__width-initial elementor-widget elementor-widget-button\" data-id=\"21c3906\" data-element_type=\"widget\" data-e-type=\"widget\" data-widget_type=\"button.default\">\n\t\t\t\t<div class=\"elementor-widget-container\">\n\t\t\t\t\t\t\t\t\t<div class=\"elementor-button-wrapper\">\n\t\t\t\t\t<a class=\"elementor-button elementor-button-link elementor-size-sm\" href=\"https:\/\/exeoipsum.com\/ca\/cadira\/\">\n\t\t\t\t\t\t<span class=\"elementor-button-content-wrapper\">\n\t\t\t\t\t\t\t\t\t<span class=\"elementor-button-text\">Veure m\u00e9s<\/span>\n\t\t\t\t\t<\/span>\n\t\t\t\t\t<\/a>\n\t\t\t\t<\/div>\n\t\t\t\t\t\t\t\t<\/div>\n\t\t\t\t<\/div>\n\t\t\t\t<\/div>\n\t\t<div class=\"elementor-element elementor-element-17a3c97 e-con-full e-flex e-con e-child\" data-id=\"17a3c97\" data-element_type=\"container\" data-e-type=\"container\">\n\t\t\t\t<div class=\"elementor-element elementor-element-35f656a elementor-widget elementor-widget-image\" data-id=\"35f656a\" data-element_type=\"widget\" data-e-type=\"widget\" data-widget_type=\"image.default\">\n\t\t\t\t<div class=\"elementor-widget-container\">\n\t\t\t\t\t\t\t\t\t\t\t\t\t\t\t<img decoding=\"async\" width=\"768\" height=\"512\" src=\"https:\/\/exeoipsum.com\/wp-content\/uploads\/2025\/07\/desbrozadora-sense-mides.jpg\" class=\"elementor-animation-shrink attachment-medium_large size-medium_large wp-image-1776\" alt=\"\" srcset=\"https:\/\/exeoipsum.com\/wp-content\/uploads\/2025\/07\/desbrozadora-sense-mides.jpg 768w, https:\/\/exeoipsum.com\/wp-content\/uploads\/2025\/07\/desbrozadora-sense-mides-300x200.jpg 300w, https:\/\/exeoipsum.com\/wp-content\/uploads\/2025\/07\/desbrozadora-sense-mides-18x12.jpg 18w\" sizes=\"(max-width: 768px) 100vw, 768px\" \/>\t\t\t\t\t\t\t\t\t\t\t\t\t\t\t<\/div>\n\t\t\t\t<\/div>\n\t\t\t\t<div class=\"elementor-element elementor-element-1a5d747 elementor-widget elementor-widget-elementskit-heading\" data-id=\"1a5d747\" data-element_type=\"widget\" data-e-type=\"widget\" data-widget_type=\"elementskit-heading.default\">\n\t\t\t\t<div class=\"elementor-widget-container\">\n\t\t\t\t\t<div class=\"ekit-wid-con\" ><div class=\"ekit-heading elementskit-section-title-wraper text_center   ekit_heading_tablet-   ekit_heading_mobile-\"><a href=\"https:\/\/exeoipsum.com\/ca\/desbrossadores-agricoles\/\"><h2 class=\"ekit-heading--title elementskit-section-title\">Desbrossadores agr\u00edcoles<\/h2><\/a><h5 class=\"ekit-heading--subtitle elementskit-section-subtitle\">\n\t\t\t\t\t\tTall efica\u00e7 per a tot tipus de cultius\n\t\t\t\t\t<\/h5>\t\t\t\t<div class='ekit-heading__description'>\n\t\t\t\t\t<p>Ideals per a baies, horts i vinyes. Amb amplades de tall de 0,9 ma 1,8 m, tallen i trituren herba i branques de fins a 30 mm. Disponibles amb despla\u00e7ament hidr\u00e0ulic o sense.<\/p>\n\t\t\t\t<\/div>\n\t\t\t<\/div><\/div>\t\t\t\t<\/div>\n\t\t\t\t<\/div>\n\t\t\t\t<div class=\"elementor-element elementor-element-e572ed9 elementor-align-center elementor-widget__width-initial elementor-widget elementor-widget-button\" data-id=\"e572ed9\" data-element_type=\"widget\" data-e-type=\"widget\" data-widget_type=\"button.default\">\n\t\t\t\t<div class=\"elementor-widget-container\">\n\t\t\t\t\t\t\t\t\t<div class=\"elementor-button-wrapper\">\n\t\t\t\t\t<a class=\"elementor-button elementor-button-link elementor-size-sm\" href=\"https:\/\/exeoipsum.com\/ca\/desbrossadores-agricoles\/\">\n\t\t\t\t\t\t<span class=\"elementor-button-content-wrapper\">\n\t\t\t\t\t\t\t\t\t<span class=\"elementor-button-text\">Veure m\u00e9s<\/span>\n\t\t\t\t\t<\/span>\n\t\t\t\t\t<\/a>\n\t\t\t\t<\/div>\n\t\t\t\t\t\t\t\t<\/div>\n\t\t\t\t<\/div>\n\t\t\t\t<\/div>\n\t\t\t\t<\/div>\n\t\t<div class=\"elementor-element elementor-element-d2fb233 e-flex e-con-boxed e-con e-parent\" data-id=\"d2fb233\" data-element_type=\"container\" data-e-type=\"container\">\n\t\t\t\t\t<div class=\"e-con-inner\">\n\t\t\t\t<div class=\"elementor-element elementor-element-910b417 elementor-widget elementor-widget-spacer\" data-id=\"910b417\" data-element_type=\"widget\" data-e-type=\"widget\" data-widget_type=\"spacer.default\">\n\t\t\t\t<div class=\"elementor-widget-container\">\n\t\t\t\t\t\t\t<div class=\"elementor-spacer\">\n\t\t\t<div class=\"elementor-spacer-inner\"><\/div>\n\t\t<\/div>\n\t\t\t\t\t\t<\/div>\n\t\t\t\t<\/div>\n\t\t\t\t\t<\/div>\n\t\t\t\t<\/div>\n\t\t\t\t<\/div>","protected":false},"excerpt":{"rendered":"<p>M\u00e0quina d&#039;interfil\u00b7les La desbrossadora interfil\u00b7les o m\u00e0quina d&#039;interfil\u00b7les \u00e9s un equip agr\u00edcola dissenyat per tallar de forma mec\u00e0nica la vegetaci\u00f3 que creix entre les fileres de cultius \u2014com vinyes, oliveres o fruiters\u2014 sense necessitat d&#039;herbicides. Facilita el manteniment, controla la mala herba i protegeix el terra i les arrels. La nostra gamma s&#039;adapta a diferents [\u2026]<\/p>","protected":false},"author":1,"featured_media":0,"parent":15,"menu_order":0,"comment_status":"closed","ping_status":"closed","template":"","meta":{"footnotes":""},"class_list":["post-990","page","type-page","status-publish","hentry"],"yoast_head":"<!-- This site is optimized with the Yoast SEO plugin v25.9 - https:\/\/yoast.com\/wordpress\/plugins\/seo\/ -->\n<title>Maquina de interfilas \/ desbrozadora - Exeo Ipsum<\/title>\n<meta name=\"description\" content=\"Descubre nuestra desbrozadora interfilas: m\u00e1quina agr\u00edcola para cortar maleza entre filas sin herbicidas. Consulta modelos, anchos y potencia.\" \/>\n<meta name=\"robots\" content=\"index, follow, max-snippet:-1, max-image-preview:large, max-video-preview:-1\" \/>\n<link rel=\"canonical\" href=\"https:\/\/exeoipsum.com\/ca\/maquinaria-agricola\/maquina-dinterfiles-desbrossadora\/\" \/>\n<meta property=\"og:locale\" content=\"ca_ES\" \/>\n<meta property=\"og:type\" content=\"article\" \/>\n<meta property=\"og:title\" content=\"Maquina de interfilas \/ desbrozadora - Exeo Ipsum\" \/>\n<meta property=\"og:description\" content=\"Descubre nuestra desbrozadora interfilas: m\u00e1quina agr\u00edcola para cortar maleza entre filas sin herbicidas. Consulta modelos, anchos y potencia.\" \/>\n<meta property=\"og:url\" content=\"https:\/\/exeoipsum.com\/ca\/maquinaria-agricola\/maquina-dinterfiles-desbrossadora\/\" \/>\n<meta property=\"og:site_name\" content=\"Exeo Ipsum\" \/>\n<meta property=\"article:modified_time\" content=\"2025-07-21T06:07:46+00:00\" \/>\n<meta property=\"og:image\" content=\"https:\/\/exeoipsum.com\/wp-content\/uploads\/2025\/07\/Lucek-1.jpg\" \/>\n\t<meta property=\"og:image:width\" content=\"1145\" \/>\n\t<meta property=\"og:image:height\" content=\"858\" \/>\n\t<meta property=\"og:image:type\" content=\"image\/jpeg\" \/>\n<meta name=\"twitter:card\" content=\"summary_large_image\" \/>\n<meta name=\"twitter:label1\" content=\"Temps estimat de lectura\" \/>\n\t<meta name=\"twitter:data1\" content=\"2 minuts\" \/>\n<script type=\"application\/ld+json\" class=\"yoast-schema-graph\">{\"@context\":\"https:\/\/schema.org\",\"@graph\":[{\"@type\":\"WebPage\",\"@id\":\"https:\/\/exeoipsum.com\/maquinaria-agricola\/maquina-de-interfilas-desbrozadora\/\",\"url\":\"https:\/\/exeoipsum.com\/maquinaria-agricola\/maquina-de-interfilas-desbrozadora\/\",\"name\":\"Maquina de interfilas \/ desbrozadora - Exeo Ipsum\",\"isPartOf\":{\"@id\":\"https:\/\/exeoipsum.com\/#website\"},\"primaryImageOfPage\":{\"@id\":\"https:\/\/exeoipsum.com\/maquinaria-agricola\/maquina-de-interfilas-desbrozadora\/#primaryimage\"},\"image\":{\"@id\":\"https:\/\/exeoipsum.com\/maquinaria-agricola\/maquina-de-interfilas-desbrozadora\/#primaryimage\"},\"thumbnailUrl\":\"https:\/\/exeoipsum.com\/wp-content\/uploads\/2025\/07\/Lucek-1-768x575.jpg\",\"datePublished\":\"2025-07-08T09:41:33+00:00\",\"dateModified\":\"2025-07-21T06:07:46+00:00\",\"description\":\"Descubre nuestra desbrozadora interfilas: m\u00e1quina agr\u00edcola para cortar maleza entre filas sin herbicidas. Consulta modelos, anchos y potencia.\",\"breadcrumb\":{\"@id\":\"https:\/\/exeoipsum.com\/maquinaria-agricola\/maquina-de-interfilas-desbrozadora\/#breadcrumb\"},\"inLanguage\":\"ca\",\"potentialAction\":[{\"@type\":\"ReadAction\",\"target\":[\"https:\/\/exeoipsum.com\/maquinaria-agricola\/maquina-de-interfilas-desbrozadora\/\"]}]},{\"@type\":\"ImageObject\",\"inLanguage\":\"ca\",\"@id\":\"https:\/\/exeoipsum.com\/maquinaria-agricola\/maquina-de-interfilas-desbrozadora\/#primaryimage\",\"url\":\"https:\/\/exeoipsum.com\/wp-content\/uploads\/2025\/07\/Lucek-1-768x575.jpg\",\"contentUrl\":\"https:\/\/exeoipsum.com\/wp-content\/uploads\/2025\/07\/Lucek-1-768x575.jpg\"},{\"@type\":\"BreadcrumbList\",\"@id\":\"https:\/\/exeoipsum.com\/maquinaria-agricola\/maquina-de-interfilas-desbrozadora\/#breadcrumb\",\"itemListElement\":[{\"@type\":\"ListItem\",\"position\":1,\"name\":\"Portada\",\"item\":\"https:\/\/exeoipsum.com\/\"},{\"@type\":\"ListItem\",\"position\":2,\"name\":\"Maquinaria Agr\u00edcola\",\"item\":\"https:\/\/exeoipsum.com\/maquinaria-agricola\/\"},{\"@type\":\"ListItem\",\"position\":3,\"name\":\"Maquina de interfilas \/ desbrozadora\"}]},{\"@type\":\"WebSite\",\"@id\":\"https:\/\/exeoipsum.com\/#website\",\"url\":\"https:\/\/exeoipsum.com\/\",\"name\":\"Exeo Ipsum\",\"description\":\"Maquinaria Agr\u00edcola\",\"publisher\":{\"@id\":\"https:\/\/exeoipsum.com\/#organization\"},\"alternateName\":\"Maquinaria Agr\u00edcola\",\"potentialAction\":[{\"@type\":\"SearchAction\",\"target\":{\"@type\":\"EntryPoint\",\"urlTemplate\":\"https:\/\/exeoipsum.com\/?s={search_term_string}\"},\"query-input\":{\"@type\":\"PropertyValueSpecification\",\"valueRequired\":true,\"valueName\":\"search_term_string\"}}],\"inLanguage\":\"ca\"},{\"@type\":\"Organization\",\"@id\":\"https:\/\/exeoipsum.com\/#organization\",\"name\":\"Exeo Ipsum S.L.\",\"alternateName\":\"EXEO IPSUM AGRO\",\"url\":\"https:\/\/exeoipsum.com\/\",\"logo\":{\"@type\":\"ImageObject\",\"inLanguage\":\"ca\",\"@id\":\"https:\/\/exeoipsum.com\/#\/schema\/logo\/image\/\",\"url\":\"\",\"contentUrl\":\"\",\"caption\":\"Exeo Ipsum S.L.\"},\"image\":{\"@id\":\"https:\/\/exeoipsum.com\/#\/schema\/logo\/image\/\"},\"sameAs\":[\"https:\/\/www.instagram.com\/exeo_ipsum\/\"]}]}<\/script>\n<!-- \/ Yoast SEO plugin. -->","yoast_head_json":{"title":"M\u00e0quina d&#039;interfil\u00b7les \/ desbrossadora - Exeo Ipsum","description":"Descobreix la nostra desbrossadora interfil\u00b7les: m\u00e0quina agr\u00edcola per tallar males herbes entre files sense herbicides. Consulta models, amples i pot\u00e8ncia.","robots":{"index":"index","follow":"follow","max-snippet":"max-snippet:-1","max-image-preview":"max-image-preview:large","max-video-preview":"max-video-preview:-1"},"canonical":"https:\/\/exeoipsum.com\/ca\/maquinaria-agricola\/maquina-dinterfiles-desbrossadora\/","og_locale":"ca_ES","og_type":"article","og_title":"Maquina de interfilas \/ desbrozadora - Exeo Ipsum","og_description":"Descubre nuestra desbrozadora interfilas: m\u00e1quina agr\u00edcola para cortar maleza entre filas sin herbicidas. Consulta modelos, anchos y potencia.","og_url":"https:\/\/exeoipsum.com\/ca\/maquinaria-agricola\/maquina-dinterfiles-desbrossadora\/","og_site_name":"Exeo Ipsum","article_modified_time":"2025-07-21T06:07:46+00:00","og_image":[{"width":1145,"height":858,"url":"https:\/\/exeoipsum.com\/wp-content\/uploads\/2025\/07\/Lucek-1.jpg","type":"image\/jpeg"}],"twitter_card":"summary_large_image","twitter_misc":{"Temps estimat de lectura":"2 minuts"},"schema":{"@context":"https:\/\/schema.org","@graph":[{"@type":"WebPage","@id":"https:\/\/exeoipsum.com\/maquinaria-agricola\/maquina-de-interfilas-desbrozadora\/","url":"https:\/\/exeoipsum.com\/maquinaria-agricola\/maquina-de-interfilas-desbrozadora\/","name":"M\u00e0quina d&#039;interfil\u00b7les \/ desbrossadora - Exeo Ipsum","isPartOf":{"@id":"https:\/\/exeoipsum.com\/#website"},"primaryImageOfPage":{"@id":"https:\/\/exeoipsum.com\/maquinaria-agricola\/maquina-de-interfilas-desbrozadora\/#primaryimage"},"image":{"@id":"https:\/\/exeoipsum.com\/maquinaria-agricola\/maquina-de-interfilas-desbrozadora\/#primaryimage"},"thumbnailUrl":"https:\/\/exeoipsum.com\/wp-content\/uploads\/2025\/07\/Lucek-1-768x575.jpg","datePublished":"2025-07-08T09:41:33+00:00","dateModified":"2025-07-21T06:07:46+00:00","description":"Descobreix la nostra desbrossadora interfil\u00b7les: m\u00e0quina agr\u00edcola per tallar males herbes entre files sense herbicides. Consulta models, amples i pot\u00e8ncia.","breadcrumb":{"@id":"https:\/\/exeoipsum.com\/maquinaria-agricola\/maquina-de-interfilas-desbrozadora\/#breadcrumb"},"inLanguage":"ca","potentialAction":[{"@type":"ReadAction","target":["https:\/\/exeoipsum.com\/maquinaria-agricola\/maquina-de-interfilas-desbrozadora\/"]}]},{"@type":"ImageObject","inLanguage":"ca","@id":"https:\/\/exeoipsum.com\/maquinaria-agricola\/maquina-de-interfilas-desbrozadora\/#primaryimage","url":"https:\/\/exeoipsum.com\/wp-content\/uploads\/2025\/07\/Lucek-1-768x575.jpg","contentUrl":"https:\/\/exeoipsum.com\/wp-content\/uploads\/2025\/07\/Lucek-1-768x575.jpg"},{"@type":"BreadcrumbList","@id":"https:\/\/exeoipsum.com\/maquinaria-agricola\/maquina-de-interfilas-desbrozadora\/#breadcrumb","itemListElement":[{"@type":"ListItem","position":1,"name":"Portada","item":"https:\/\/exeoipsum.com\/"},{"@type":"ListItem","position":2,"name":"Maquinaria Agr\u00edcola","item":"https:\/\/exeoipsum.com\/maquinaria-agricola\/"},{"@type":"ListItem","position":3,"name":"Maquina de interfilas \/ desbrozadora"}]},{"@type":"WebSite","@id":"https:\/\/exeoipsum.com\/#website","url":"https:\/\/exeoipsum.com\/","name":"Exeo Ipsum","description":"Maquin\u00e0ria Agr\u00edcola","publisher":{"@id":"https:\/\/exeoipsum.com\/#organization"},"alternateName":"Maquinaria Agr\u00edcola","potentialAction":[{"@type":"SearchAction","target":{"@type":"EntryPoint","urlTemplate":"https:\/\/exeoipsum.com\/?s={search_term_string}"},"query-input":{"@type":"PropertyValueSpecification","valueRequired":true,"valueName":"search_term_string"}}],"inLanguage":"ca"},{"@type":"Organization","@id":"https:\/\/exeoipsum.com\/#organization","name":"Exeo Ipsum SL","alternateName":"EXEO IPSUM AGRO","url":"https:\/\/exeoipsum.com\/","logo":{"@type":"ImageObject","inLanguage":"ca","@id":"https:\/\/exeoipsum.com\/#\/schema\/logo\/image\/","url":"","contentUrl":"","caption":"Exeo Ipsum S.L."},"image":{"@id":"https:\/\/exeoipsum.com\/#\/schema\/logo\/image\/"},"sameAs":["https:\/\/www.instagram.com\/exeo_ipsum\/"]}]}},"_links":{"self":[{"href":"https:\/\/exeoipsum.com\/ca\/wp-json\/wp\/v2\/pages\/990","targetHints":{"allow":["GET"]}}],"collection":[{"href":"https:\/\/exeoipsum.com\/ca\/wp-json\/wp\/v2\/pages"}],"about":[{"href":"https:\/\/exeoipsum.com\/ca\/wp-json\/wp\/v2\/types\/page"}],"author":[{"embeddable":true,"href":"https:\/\/exeoipsum.com\/ca\/wp-json\/wp\/v2\/users\/1"}],"replies":[{"embeddable":true,"href":"https:\/\/exeoipsum.com\/ca\/wp-json\/wp\/v2\/comments?post=990"}],"version-history":[{"count":32,"href":"https:\/\/exeoipsum.com\/ca\/wp-json\/wp\/v2\/pages\/990\/revisions"}],"predecessor-version":[{"id":1779,"href":"https:\/\/exeoipsum.com\/ca\/wp-json\/wp\/v2\/pages\/990\/revisions\/1779"}],"up":[{"embeddable":true,"href":"https:\/\/exeoipsum.com\/ca\/wp-json\/wp\/v2\/pages\/15"}],"wp:attachment":[{"href":"https:\/\/exeoipsum.com\/ca\/wp-json\/wp\/v2\/media?parent=990"}],"curies":[{"name":"wp","href":"https:\/\/api.w.org\/{rel}","templated":true}]}}