{"id":400,"date":"2025-02-04T08:06:36","date_gmt":"2025-02-04T08:06:36","guid":{"rendered":"https:\/\/exeoipsum.com\/terminos-y-condiciones\/"},"modified":"2025-02-04T08:06:39","modified_gmt":"2025-02-04T08:06:39","slug":"conditions-generales","status":"publish","type":"page","link":"https:\/\/exeoipsum.com\/fr\/conditions-generales\/","title":{"rendered":"Conditions g\u00e9n\u00e9rales d'utilisation"},"content":{"rendered":"<!-- This legal document was generated by Complianz Terms &amp; Conditions https:\/\/wordpress.org\/plugins\/complianz-terms-conditions -->\n<div id=\"cmplz-document\" class=\"cmplz-document cmplz-terms-conditions\"><p><i>Les conditions g\u00e9n\u00e9rales ont \u00e9t\u00e9 mises \u00e0 jour pour la derni\u00e8re fois le 4 f\u00e9vrier 2025.<\/i><\/p><h2>1. introduction<\/h2><p>Les pr\u00e9sentes conditions g\u00e9n\u00e9rales s'appliquent \u00e0 ce site web et aux transactions relatives \u00e0 nos produits et services. Vous pouvez \u00eatre li\u00e9 par des contrats suppl\u00e9mentaires relatifs \u00e0 votre relation avec nous ou \u00e0 tout produit ou service que vous recevez de notre part. Si les dispositions des contrats suppl\u00e9mentaires sont en conflit avec les dispositions des pr\u00e9sentes conditions g\u00e9n\u00e9rales, les dispositions de ces contrats suppl\u00e9mentaires pr\u00e9vaudront.<\/p><h2>2. Obligatoire<\/h2><p>En vous inscrivant sur ce site, en y acc\u00e9dant ou en l'utilisant d'une autre mani\u00e8re, vous acceptez d'\u00eatre li\u00e9 par les conditions g\u00e9n\u00e9rales \u00e9nonc\u00e9es ci-dessus. La simple utilisation de ce site web implique la connaissance et l'acceptation de ces conditions g\u00e9n\u00e9rales. Dans certains cas sp\u00e9cifiques, nous pouvons \u00e9galement vous demander de donner votre accord explicite.<\/p><h2>3. Communication \u00e9lectronique<\/h2><p>En utilisant ce site web ou en communiquant avec nous par voie \u00e9lectronique, vous acceptez et reconnaissez que nous pouvons communiquer avec vous par voie \u00e9lectronique sur notre site web ou en vous envoyant un courrier \u00e9lectronique, et vous acceptez que tous les accords, Vous acceptez que tous les accords, notifications, publications et autres communications que nous vous fournissons par voie \u00e9lectronique soient conformes \u00e0 toutes les exigences l\u00e9gales, y compris, mais sans s'y limiter, l'exigence que ces communications soient faites par \u00e9crit.<\/p><h2>4. Propri\u00e9t\u00e9 intellectuelle<\/h2><p>Nous ou nos conc\u00e9dants de licence d\u00e9tenons et contr\u00f4lons tous les droits d'auteur et autres droits de propri\u00e9t\u00e9 intellectuelle relatifs au site web et aux donn\u00e9es, informations et autres ressources affich\u00e9es sur le site web ou accessibles par celui-ci.<\/p><p class=\"cmplz-subtitle\">4.1 Tous droits r\u00e9serv\u00e9s<\/p><p>Sauf indication contraire dans le contenu, aucune licence ni aucun autre droit ne vous sont accord\u00e9s en ce qui concerne les droits d'auteur, les marques, l'habillage commercial ou d'autres droits de propri\u00e9t\u00e9 intellectuelle. Cela signifie que vous ne devez pas utiliser, copier, reproduire, exporter, afficher, distribuer, int\u00e9grer dans un support \u00e9lectronique, modifier, faire de l'ing\u00e9nierie inverse, de la compilation inverse, d\u00e9compiler, transf\u00e9rer, t\u00e9l\u00e9charger, transmettre, stocker, vendre, commercialiser ou commercialiser les ressources de ce site web sous quelque forme que ce soit, sans avoir obtenu au pr\u00e9alable l'autorisation de la Commission europ\u00e9enne, commercialiser les ressources de ce site web sous quelque forme que ce soit, sans notre autorisation \u00e9crite pr\u00e9alable, sauf et seulement dans la mesure o\u00f9 la loi applicable en dispose autrement (comme le droit de citation).<\/p><h2>5. Propri\u00e9t\u00e9 de tierce partie<\/h2><p>Notre site web peut contenir des hyperliens ou d'autres r\u00e9f\u00e9rences \u00e0 des sites web de tiers. Nous ne contr\u00f4lons ni n'examinons le contenu des sites web de tiers li\u00e9s \u00e0 ce site web. Les produits ou services offerts par d'autres sites sont soumis aux conditions g\u00e9n\u00e9rales applicables \u00e0 ces sites. Les opinions exprim\u00e9es ou les \u00e9l\u00e9ments apparaissant sur ces sites ne sont pas n\u00e9cessairement partag\u00e9s ou approuv\u00e9s par nous.<\/p><p>Nous ne sommes pas responsables des pratiques en mati\u00e8re de protection de la vie priv\u00e9e ou du contenu de ces sites. Vous assumez tous les risques li\u00e9s \u00e0 l'utilisation de ces sites web et de tout service de tiers. Nous n'acceptons aucune responsabilit\u00e9 pour toute perte ou dommage, quelle qu'en soit la cause, r\u00e9sultant de la divulgation de vos informations personnelles \u00e0 des tiers.<\/p><h2>6. Utilisation responsable<\/h2><p>En visitant notre site web, vous acceptez de l'utiliser uniquement aux fins pr\u00e9vues et autoris\u00e9es par les pr\u00e9sentes conditions g\u00e9n\u00e9rales, par tout accord suppl\u00e9mentaire conclu avec nous, et par les lois et r\u00e9glementations applicables, ainsi que par les pratiques en ligne g\u00e9n\u00e9ralement accept\u00e9es et les lignes directrices de l'industrie. Vous ne devez pas utiliser notre site web ou nos services pour utiliser, publier ou distribuer quoi que ce soit qui consiste en (ou est li\u00e9 \u00e0) un logiciel malveillant ; pour utiliser les donn\u00e9es collect\u00e9es sur notre site web pour toute activit\u00e9 de marketing direct, ou pour vous engager dans toute activit\u00e9 de collecte de donn\u00e9es syst\u00e9matique ou automatis\u00e9e sur ou en relation avec notre site web.<\/p><p>Il est strictement interdit de se livrer \u00e0 toute activit\u00e9 qui cause, ou pourrait causer, des dommages au site web ou qui interf\u00e8re avec les performances, la disponibilit\u00e9 ou l'accessibilit\u00e9 du site web.<\/p><h2>7. Politique de retour et de remboursement<\/h2><p class=\"cmplz-subtitle\">7.1 Droit de r\u00e9tractation<\/p><p>Vous avez le droit de r\u00e9silier le pr\u00e9sent contrat dans un d\u00e9lai de 14 jours sans donner de raison.<\/p><p>Le d\u00e9lai de r\u00e9tractation expire apr\u00e8s 14 jours \u00e0 compter du jour o\u00f9 vous, ou un tiers autre que le transporteur et d\u00e9sign\u00e9 par vous, prend physiquement possession des biens.<\/p><p>Pour exercer votre droit de r\u00e9tractation, vous devez nous informer de votre d\u00e9cision de r\u00e9tractation du pr\u00e9sent contrat par une d\u00e9claration non \u00e9quivoque (par exemple, lettre envoy\u00e9e par la poste, t\u00e9l\u00e9copie ou courrier \u00e9lectronique). Vous trouverez nos coordonn\u00e9es ci-dessous. Vous pouvez utiliser le formulaire de <a target=\"_blank\" href=\"https:\/\/exeoipsum.com\/wp-content\/uploads\/complianz\/withdrawal-forms\/withdrawal-form-fr.pdf\">formulaire de r\u00e9tractation<\/a> ci-joint, mais ce n'est pas obligatoire.<\/p><p>Vous pouvez \u00e9galement remplir et soumettre par voie \u00e9lectronique le formulaire de r\u00e9tractation type ou toute autre d\u00e9claration d\u00e9nu\u00e9e d'ambigu\u00eft\u00e9 sur notre <a href=\"https:\/\/exeoipsum.com\/fr\/contact\/\">site web<\/a>.<\/p><p>Si vous utilisez cette option, nous vous informerons sans d\u00e9lai d'un accus\u00e9 de r\u00e9ception de cette r\u00e9ponse sur un support durable (par exemple, par courrier \u00e9lectronique).<\/p><p>Pour respecter le d\u00e9lai de r\u00e9tractation, il vous suffit d'envoyer votre communication concernant l'exercice de votre droit de r\u00e9tractation avant l'expiration du d\u00e9lai de r\u00e9tractation.<\/p><p class=\"cmplz-subtitle\">7.2 Effets de la r\u00e9tractation<\/p><p>Si vous r\u00e9siliez le pr\u00e9sent contrat, nous vous rembourserons tous les paiements que vous avez effectu\u00e9s, y compris les frais de livraison (\u00e0 l'exception des frais suppl\u00e9mentaires r\u00e9sultant de votre choix d'un type de livraison autre que le type de livraison standard le moins cher que nous proposons), sans retard injustifi\u00e9 et, en tout \u00e9tat de cause, au plus tard 14 jours \u00e0 compter du jour o\u00f9 nous sommes inform\u00e9s de votre d\u00e9cision de r\u00e9silier le pr\u00e9sent contrat. Nous effectuerons ce remboursement en utilisant le m\u00eame moyen de paiement que celui que vous avez utilis\u00e9 pour la transaction initiale, sauf si vous n'en avez pas express\u00e9ment convenu autrement ; en tout \u00e9tat de cause, vous n'aurez pas \u00e0 supporter de frais pour ce remboursement.<\/p><p>Vous devez renvoyer les biens ou les renvoyer \u00e0 nous-m\u00eames ou \u00e0 une personne autoris\u00e9e par nous \u00e0 recevoir les biens, sans retard excessif et, en tout \u00e9tat de cause, au plus tard 14 jours \u00e0 compter du jour o\u00f9 vous nous informez de votre r\u00e9tractation du pr\u00e9sent contrat. Le d\u00e9lai est respect\u00e9 si vous renvoyez le bien avant l'expiration du d\u00e9lai de 14 jours.<\/p><p>Nous pouvons suspendre le remboursement jusqu'\u00e0 ce que nous ayons re\u00e7u les marchandises ou que vous ayez fourni la preuve que vous avez renvoy\u00e9 les marchandises, selon la premi\u00e8re \u00e9ventualit\u00e9.<\/p><p>Le co\u00fbt maximum de retour des marchandises est de .<\/p><p>Vous \u00eates seul responsable de toute diminution de la valeur des biens r\u00e9sultant de manipulations autres que celles n\u00e9cessaires pour \u00e9tablir la nature, les caract\u00e9ristiques et le fonctionnement des biens.<\/p><p>Veuillez noter qu'il existe certaines exceptions l\u00e9gales au droit de r\u00e9tractation et que certains \u00e9l\u00e9ments ne peuvent \u00eatre ni repris ni \u00e9chang\u00e9s. Nous vous informerons si cela s'applique \u00e0 votre cas particulier.<\/p><h2>8. Soumission d'id\u00e9e<\/h2><p>Ne soumettez pas d'id\u00e9es, d'inventions, d'\u0153uvres prot\u00e9g\u00e9es par le droit d'auteur ou d'autres informations pouvant \u00eatre consid\u00e9r\u00e9es comme votre propre propri\u00e9t\u00e9 intellectuelle que vous souhaitez nous soumettre, \u00e0 moins que nous n'ayons sign\u00e9 un accord de propri\u00e9t\u00e9 intellectuelle ou de non-divulgation. Si vous nous le divulguez en l'absence d'un tel accord \u00e9crit, vous nous accordez une licence mondiale, non r\u00e9vocable, non exclusive et non remboursable pour utiliser, reproduire, stocker, adapter, publier, traduire et distribuer votre contenu sur tout support existant ou futur.<\/p><h2>9. Fin d'utilisation<\/h2><p>Nous pouvons, \u00e0 notre seule discr\u00e9tion, modifier ou interrompre \u00e0 tout moment l'acc\u00e8s, de mani\u00e8re temporaire ou permanente, au site web ou \u00e0 tout service qui s'y trouve. Vous acceptez que nous ne soyons pas responsables envers vous ou un tiers de toute modification, suspension ou interruption de votre acc\u00e8s ou de votre utilisation du site web ou de tout contenu que vous pouvez publier sur le site web. Vous n'aurez droit \u00e0 aucune indemnit\u00e9 ou autre paiement, m\u00eame si certaines fonctionnalit\u00e9s, certaines r\u00e8gles et\/ou tout contenu auquel vous avez contribu\u00e9 ou sur lequel vous vous \u00eates appuy\u00e9 sont d\u00e9finitivement perdus. Vous ne pouvez pas contourner ou d\u00e9sactiver, ou tenter de contourner ou de d\u00e9sactiver, les mesures limitant l'acc\u00e8s \u00e0 notre site web.<\/p><h2>10. Garanties et responsabilit\u00e9<\/h2><p>Aucune disposition de la pr\u00e9sente section ne limite ou n'exclut une garantie l\u00e9gale implicite qu'il serait ill\u00e9gal de limiter ou d'exclure. Ce site web et tout son contenu sont fournis \"en l'\u00e9tat\" et \"tels que disponibles\" et peuvent contenir des inexactitudes ou des erreurs typographiques. Nous d\u00e9clinons express\u00e9ment toute garantie de quelque nature que ce soit, expresse ou implicite, quant \u00e0 la disponibilit\u00e9, l'exactitude ou l'exhaustivit\u00e9 du contenu. Nous ne le garantissons pas :<\/p><p><ul>\n                    <li>que ce site web ou son contenu r\u00e9pondra \u00e0 vos besoins ;<\/li>\n                    <li>ce site web sera disponible de mani\u00e8re ininterrompue, opportune, s\u00fbre ou sans erreur.<\/li>\n        <\/ul><\/p><p>Rien sur ce site ne constitue ou n'est destin\u00e9 \u00e0 constituer un conseil juridique, financier ou m\u00e9dical de quelque nature que ce soit. Si vous avez besoin d'un conseil, vous devez consulter un professionnel appropri\u00e9.<\/p><p>Les dispositions suivantes de la pr\u00e9sente section s'appliquent dans toute la mesure permise par la loi applicable et ne limitent ni n'excluent notre responsabilit\u00e9 \u00e0 l'\u00e9gard de toute question pour laquelle il serait ill\u00e9gal ou illicite pour nous de limiter ou d'exclure notre responsabilit\u00e9. Nous ne serons en aucun cas responsables des dommages directs ou indirects (y compris les dommages r\u00e9sultant d'une perte de b\u00e9n\u00e9fices ou de revenus, d'une perte ou d'une corruption de donn\u00e9es, de logiciels ou de bases de donn\u00e9es, ou d'une perte ou d'un dommage \u00e0 des biens ou \u00e0 des donn\u00e9es) subis par vous ou par un tiers \u00e0 la suite de votre acc\u00e8s \u00e0 notre site web ou de votre utilisation de celui-ci.<\/p><p>Sauf dans la mesure o\u00f9 un contrat suppl\u00e9mentaire stipule express\u00e9ment le contraire, notre responsabilit\u00e9 maximale envers vous pour tout dommage d\u00e9coulant de ou li\u00e9 au site web ou \u00e0 tout produit et service commercialis\u00e9 ou vendu par l'interm\u00e9diaire du site web, quelle que soit la forme de l'action en justice qui impose la responsabilit\u00e9 (qu'il s'agisse d'un contrat, d'un d\u00e9lit, d'une n\u00e9gligence, d'une faute intentionnelle, d'une n\u00e9gligence ou autre) sera limit\u00e9e au prix total pay\u00e9 par vous pour l'achat de ces produits ou services ou pour l'utilisation du site web. Cette limitation s'applique globalement \u00e0 l'ensemble de vos r\u00e9clamations, actions et causes d'action de tout type et de toute nature.<\/p><h2>11. Confidentialit\u00e9<\/h2><p>Pour acc\u00e9der \u00e0 notre site web et\/ou \u00e0 nos services, il peut vous \u00eatre demand\u00e9 de fournir certaines informations vous concernant dans le cadre de la proc\u00e9dure d'enregistrement. Vous acceptez que toutes les informations que vous fournissez soient toujours exactes, correctes et \u00e0 jour.<\/p><p>Nous avons \u00e9labor\u00e9 une politique visant \u00e0 r\u00e9pondre \u00e0 toutes vos pr\u00e9occupations en mati\u00e8re de protection de la vie priv\u00e9e. Pour plus d'informations, veuillez consulter notre <a href=\"https:\/\/exeoipsum.com\/fr\/politique-de-confidentialite\/\">d\u00e9claration de confidentialit\u00e9<\/a> et notre <a href=\"#\">Politique en mati\u00e8re de cookies<\/a>.<\/p><h2>12. L'accessibilit\u00e9<\/h2><p>Nous nous engageons \u00e0 rendre le contenu que nous fournissons accessible aux personnes handicap\u00e9es. Si vous souffrez d'un handicap et que vous ne pouvez pas acc\u00e9der \u00e0 une partie de notre site web \u00e0 cause de votre handicap, nous vous demandons de nous envoyer une notification contenant une description d\u00e9taill\u00e9e du probl\u00e8me que vous avez rencontr\u00e9. Si le probl\u00e8me est facilement identifiable et peut \u00eatre r\u00e9solu \u00e0 l'aide d'outils et de techniques informatiques standard, nous le r\u00e9soudrons rapidement.<\/p><h2>13. Restrictions \u00e0 l'exportation \/ Conformit\u00e9 l\u00e9gale<\/h2><p>L'acc\u00e8s au site web \u00e0 partir de territoires ou de pays o\u00f9 le contenu ou l'achat de produits ou de services vendus sur le site web est ill\u00e9gal est interdit. Vous ne pouvez pas utiliser ce site web en violation des lois et r\u00e9glementations espagnoles en mati\u00e8re d'exportation.<\/p><h2>14. Affectation<\/h2><p>Vous ne pouvez pas c\u00e9der, transf\u00e9rer ou soustraire tout ou partie de vos droits et\/ou obligations en vertu des pr\u00e9sentes conditions g\u00e9n\u00e9rales \u00e0 un tiers sans notre consentement \u00e9crit expr\u00e8s. Toute cession pr\u00e9sum\u00e9e contraire au pr\u00e9sent article sera nulle et non avenue.<\/p><h2>15. Violation des pr\u00e9sentes conditions g\u00e9n\u00e9rales<\/h2><p>Sans pr\u00e9judice de nos autres droits en vertu des pr\u00e9sentes conditions g\u00e9n\u00e9rales, si vous enfreignez les pr\u00e9sentes conditions g\u00e9n\u00e9rales de quelque mani\u00e8re que ce soit, nous pouvons prendre les mesures que nous jugeons appropri\u00e9es pour rem\u00e9dier \u00e0 l'infraction, y compris la suspension temporaire ou permanente de votre acc\u00e8s au site web, la prise de contact avec votre fournisseur d'acc\u00e8s Internet pour lui demander de bloquer votre acc\u00e8s au site web, et\/ou engager une action en justice contre vous.<\/p><h2>16. Indemnisation<\/h2><p>Vous acceptez de nous indemniser, de nous d\u00e9fendre et de nous d\u00e9gager de toute responsabilit\u00e9 en cas de r\u00e9clamation, de responsabilit\u00e9, de dommages, de pertes et de d\u00e9penses li\u00e9s \u00e0 votre violation des pr\u00e9sentes conditions g\u00e9n\u00e9rales et des lois applicables, y compris les droits de propri\u00e9t\u00e9 intellectuelle et les droits en mati\u00e8re de protection de la vie priv\u00e9e. Vous nous rembourserez rapidement tous les dommages, pertes, co\u00fbts et d\u00e9penses li\u00e9s \u00e0 ces r\u00e9clamations ou en cas de violation.<\/p><h2>17. D\u00e9rogation<\/h2><p>Le fait de ne pas appliquer l'une des dispositions des pr\u00e9sentes conditions g\u00e9n\u00e9rales et de tout accord, ou de ne pas exercer une option de retrait, ne doit pas \u00eatre interpr\u00e9t\u00e9 comme une renonciation \u00e0 ces dispositions et n'affecte pas la validit\u00e9 des pr\u00e9sentes conditions g\u00e9n\u00e9rales ou de tout accord ou d'une partie de ceux-ci, ni le droit d'appliquer l'une de ces dispositions.<\/p><h2>18. Langue<\/h2><p>Les pr\u00e9sentes conditions g\u00e9n\u00e9rales seront traduites exclusivement en espagnol, le castillan. Toutes les notifications et la correspondance seront r\u00e9dig\u00e9es exclusivement dans cette langue.<\/p><h2>19. Accord int\u00e9gral<\/h2><p>Ces conditions g\u00e9n\u00e9rales, ainsi que nos <a href=\"https:\/\/exeoipsum.com\/fr\/politique-de-confidentialite\/\">d\u00e9claration de confidentialit\u00e9<\/a> et <a href=\"#\">Politique en mati\u00e8re de cookies<\/a>Les pr\u00e9sentes conditions g\u00e9n\u00e9rales constituent l'int\u00e9gralit\u00e9 de l'accord entre vous et Exeo Ipsum S.L. concernant l'utilisation de ce site web.<\/p><h2>20. mise \u00e0 jour des pr\u00e9sentes conditions g\u00e9n\u00e9rales<\/h2><p>Nous pouvons de temps \u00e0 autre mettre \u00e0 jour les pr\u00e9sentes conditions g\u00e9n\u00e9rales. Il est de votre devoir de v\u00e9rifier de temps \u00e0 autre si ces conditions g\u00e9n\u00e9rales ont \u00e9t\u00e9 modifi\u00e9es ou mises \u00e0 jour. La date indiqu\u00e9e au d\u00e9but des pr\u00e9sentes conditions g\u00e9n\u00e9rales est la date de r\u00e9vision la plus r\u00e9cente. Les modifications apport\u00e9es aux pr\u00e9sentes conditions g\u00e9n\u00e9rales entreront en vigueur d\u00e8s leur publication sur ce site web. Votre utilisation continue de ce site web apr\u00e8s la publication des modifications ou des mises \u00e0 jour sera consid\u00e9r\u00e9e comme une notification de votre acceptation de respecter et d'\u00eatre li\u00e9 par ces termes et conditions.<\/p><h2>21. Choix de la loi et de la juridiction<\/h2><p>Les pr\u00e9sentes conditions g\u00e9n\u00e9rales sont r\u00e9gies par les lois espagnoles. Tout litige relatif \u00e0 ces conditions g\u00e9n\u00e9rales sera soumis \u00e0 la juridiction des tribunaux espagnols. Si une partie ou une disposition des pr\u00e9sentes conditions g\u00e9n\u00e9rales est jug\u00e9e invalide et\/ou inapplicable par un tribunal ou une autre autorit\u00e9 en vertu de la loi applicable, cette partie ou disposition sera modifi\u00e9e, supprim\u00e9e et\/ou appliqu\u00e9e dans toute la mesure du possible de mani\u00e8re \u00e0 donner effet \u00e0 l'intention des pr\u00e9sentes conditions g\u00e9n\u00e9rales. Les autres dispositions ne seront pas affect\u00e9es.<\/p><h2>22. coordonn\u00e9es<\/h2><p>Ce site web est g\u00e9r\u00e9 et exploit\u00e9 par Exeo Ipsum S.L.<\/p><p>Vous pouvez nous contacter au sujet de ces conditions g\u00e9n\u00e9rales par le biais de notre site web <a href=\"https:\/\/exeoipsum.com\/fr\/contact\/\">contact<\/a>.<\/p><h2>23. t\u00e9l\u00e9chargement<\/h2><p>Vous pouvez \u00e9galement <a href=\"https:\/\/exeoipsum.com\/wp-content\/plugins\/complianz-terms-conditions\/download.php\">t\u00e9l\u00e9charger<\/a> nos conditions g\u00e9n\u00e9rales au format PDF.<\/p><\/div>","protected":false},"excerpt":{"rendered":"","protected":false},"author":1,"featured_media":0,"parent":0,"menu_order":0,"comment_status":"closed","ping_status":"closed","template":"","meta":{"footnotes":""},"class_list":["post-400","page","type-page","status-publish","hentry"],"yoast_head":"<!-- This site is optimized with the Yoast SEO plugin v25.9 - https:\/\/yoast.com\/wordpress\/plugins\/seo\/ -->\n<title>T\u00e9rminos y condiciones - Exeo Ipsum<\/title>\n<meta name=\"robots\" content=\"index, follow, max-snippet:-1, max-image-preview:large, max-video-preview:-1\" \/>\n<link rel=\"canonical\" href=\"https:\/\/exeoipsum.com\/fr\/conditions-generales\/\" \/>\n<meta property=\"og:locale\" content=\"fr_FR\" \/>\n<meta property=\"og:type\" content=\"article\" \/>\n<meta property=\"og:title\" content=\"T\u00e9rminos y condiciones - Exeo Ipsum\" \/>\n<meta property=\"og:url\" content=\"https:\/\/exeoipsum.com\/fr\/conditions-generales\/\" \/>\n<meta property=\"og:site_name\" content=\"Exeo Ipsum\" \/>\n<meta property=\"article:modified_time\" content=\"2025-02-04T08:06:39+00:00\" \/>\n<meta name=\"twitter:card\" content=\"summary_large_image\" \/>\n<script type=\"application\/ld+json\" class=\"yoast-schema-graph\">{\"@context\":\"https:\/\/schema.org\",\"@graph\":[{\"@type\":\"WebPage\",\"@id\":\"https:\/\/exeoipsum.com\/terminos-y-condiciones\/\",\"url\":\"https:\/\/exeoipsum.com\/terminos-y-condiciones\/\",\"name\":\"T\u00e9rminos y condiciones - Exeo Ipsum\",\"isPartOf\":{\"@id\":\"https:\/\/exeoipsum.com\/#website\"},\"datePublished\":\"2025-02-04T08:06:36+00:00\",\"dateModified\":\"2025-02-04T08:06:39+00:00\",\"breadcrumb\":{\"@id\":\"https:\/\/exeoipsum.com\/terminos-y-condiciones\/#breadcrumb\"},\"inLanguage\":\"fr-FR\",\"potentialAction\":[{\"@type\":\"ReadAction\",\"target\":[\"https:\/\/exeoipsum.com\/terminos-y-condiciones\/\"]}]},{\"@type\":\"BreadcrumbList\",\"@id\":\"https:\/\/exeoipsum.com\/terminos-y-condiciones\/#breadcrumb\",\"itemListElement\":[{\"@type\":\"ListItem\",\"position\":1,\"name\":\"Portada\",\"item\":\"https:\/\/exeoipsum.com\/\"},{\"@type\":\"ListItem\",\"position\":2,\"name\":\"T\u00e9rminos y condiciones\"}]},{\"@type\":\"WebSite\",\"@id\":\"https:\/\/exeoipsum.com\/#website\",\"url\":\"https:\/\/exeoipsum.com\/\",\"name\":\"Exeo Ipsum\",\"description\":\"Maquinaria Agr\u00edcola\",\"publisher\":{\"@id\":\"https:\/\/exeoipsum.com\/#organization\"},\"alternateName\":\"Maquinaria Agr\u00edcola\",\"potentialAction\":[{\"@type\":\"SearchAction\",\"target\":{\"@type\":\"EntryPoint\",\"urlTemplate\":\"https:\/\/exeoipsum.com\/?s={search_term_string}\"},\"query-input\":{\"@type\":\"PropertyValueSpecification\",\"valueRequired\":true,\"valueName\":\"search_term_string\"}}],\"inLanguage\":\"fr-FR\"},{\"@type\":\"Organization\",\"@id\":\"https:\/\/exeoipsum.com\/#organization\",\"name\":\"Exeo Ipsum S.L.\",\"alternateName\":\"EXEO IPSUM AGRO\",\"url\":\"https:\/\/exeoipsum.com\/\",\"logo\":{\"@type\":\"ImageObject\",\"inLanguage\":\"fr-FR\",\"@id\":\"https:\/\/exeoipsum.com\/#\/schema\/logo\/image\/\",\"url\":\"\",\"contentUrl\":\"\",\"caption\":\"Exeo Ipsum S.L.\"},\"image\":{\"@id\":\"https:\/\/exeoipsum.com\/#\/schema\/logo\/image\/\"},\"sameAs\":[\"https:\/\/www.instagram.com\/exeo_ipsum\/\"]}]}<\/script>\n<!-- \/ Yoast SEO plugin. -->","yoast_head_json":{"title":"Conditions g\u00e9n\u00e9rales - Exeo Ipsum","robots":{"index":"index","follow":"follow","max-snippet":"max-snippet:-1","max-image-preview":"max-image-preview:large","max-video-preview":"max-video-preview:-1"},"canonical":"https:\/\/exeoipsum.com\/fr\/conditions-generales\/","og_locale":"fr_FR","og_type":"article","og_title":"T\u00e9rminos y condiciones - Exeo Ipsum","og_url":"https:\/\/exeoipsum.com\/fr\/conditions-generales\/","og_site_name":"Exeo Ipsum","article_modified_time":"2025-02-04T08:06:39+00:00","twitter_card":"summary_large_image","schema":{"@context":"https:\/\/schema.org","@graph":[{"@type":"WebPage","@id":"https:\/\/exeoipsum.com\/terminos-y-condiciones\/","url":"https:\/\/exeoipsum.com\/terminos-y-condiciones\/","name":"Conditions g\u00e9n\u00e9rales - Exeo Ipsum","isPartOf":{"@id":"https:\/\/exeoipsum.com\/#website"},"datePublished":"2025-02-04T08:06:36+00:00","dateModified":"2025-02-04T08:06:39+00:00","breadcrumb":{"@id":"https:\/\/exeoipsum.com\/terminos-y-condiciones\/#breadcrumb"},"inLanguage":"fr-FR","potentialAction":[{"@type":"ReadAction","target":["https:\/\/exeoipsum.com\/terminos-y-condiciones\/"]}]},{"@type":"BreadcrumbList","@id":"https:\/\/exeoipsum.com\/terminos-y-condiciones\/#breadcrumb","itemListElement":[{"@type":"ListItem","position":1,"name":"Portada","item":"https:\/\/exeoipsum.com\/"},{"@type":"ListItem","position":2,"name":"T\u00e9rminos y condiciones"}]},{"@type":"WebSite","@id":"https:\/\/exeoipsum.com\/#website","url":"https:\/\/exeoipsum.com\/","name":"Exeo Ipsum","description":"Machines agricoles","publisher":{"@id":"https:\/\/exeoipsum.com\/#organization"},"alternateName":"Maquinaria Agr\u00edcola","potentialAction":[{"@type":"SearchAction","target":{"@type":"EntryPoint","urlTemplate":"https:\/\/exeoipsum.com\/?s={search_term_string}"},"query-input":{"@type":"PropertyValueSpecification","valueRequired":true,"valueName":"search_term_string"}}],"inLanguage":"fr-FR"},{"@type":"Organization","@id":"https:\/\/exeoipsum.com\/#organization","name":"Exeo Ipsum S.L.","alternateName":"EXEO IPSUM AGRO","url":"https:\/\/exeoipsum.com\/","logo":{"@type":"ImageObject","inLanguage":"fr-FR","@id":"https:\/\/exeoipsum.com\/#\/schema\/logo\/image\/","url":"","contentUrl":"","caption":"Exeo Ipsum S.L."},"image":{"@id":"https:\/\/exeoipsum.com\/#\/schema\/logo\/image\/"},"sameAs":["https:\/\/www.instagram.com\/exeo_ipsum\/"]}]}},"_links":{"self":[{"href":"https:\/\/exeoipsum.com\/fr\/wp-json\/wp\/v2\/pages\/400","targetHints":{"allow":["GET"]}}],"collection":[{"href":"https:\/\/exeoipsum.com\/fr\/wp-json\/wp\/v2\/pages"}],"about":[{"href":"https:\/\/exeoipsum.com\/fr\/wp-json\/wp\/v2\/types\/page"}],"author":[{"embeddable":true,"href":"https:\/\/exeoipsum.com\/fr\/wp-json\/wp\/v2\/users\/1"}],"replies":[{"embeddable":true,"href":"https:\/\/exeoipsum.com\/fr\/wp-json\/wp\/v2\/comments?post=400"}],"version-history":[{"count":1,"href":"https:\/\/exeoipsum.com\/fr\/wp-json\/wp\/v2\/pages\/400\/revisions"}],"predecessor-version":[{"id":401,"href":"https:\/\/exeoipsum.com\/fr\/wp-json\/wp\/v2\/pages\/400\/revisions\/401"}],"wp:attachment":[{"href":"https:\/\/exeoipsum.com\/fr\/wp-json\/wp\/v2\/media?parent=400"}],"curies":[{"name":"wp","href":"https:\/\/api.w.org\/{rel}","templated":true}]}}