{"id":400,"date":"2025-02-04T08:06:36","date_gmt":"2025-02-04T08:06:36","guid":{"rendered":"https:\/\/exeoipsum.com\/terminos-y-condiciones\/"},"modified":"2025-02-04T08:06:39","modified_gmt":"2025-02-04T08:06:39","slug":"termos-e-condicoes","status":"publish","type":"page","link":"https:\/\/exeoipsum.com\/pt\/termos-e-condicoes\/","title":{"rendered":"Termos e condi\u00e7\u00f5es"},"content":{"rendered":"<!-- This legal document was generated by Complianz Terms &amp; Conditions https:\/\/wordpress.org\/plugins\/complianz-terms-conditions -->\n<div id=\"cmplz-document\" class=\"cmplz-document cmplz-terms-conditions\"><p><i>Os Termos e Condi\u00e7\u00f5es foram actualizados pela \u00faltima vez em 4 de fevereiro de 2025<\/i><\/p><h2>1. introdu\u00e7\u00e3o<\/h2><p>Os presentes Termos e Condi\u00e7\u00f5es aplicam-se a este s\u00edtio e \u00e0s transac\u00e7\u00f5es relacionadas com os nossos produtos e servi\u00e7os. O utilizador pode estar sujeito a acordos adicionais relacionados com as suas rela\u00e7\u00f5es connosco ou com quaisquer produtos ou servi\u00e7os que receba da nossa parte. Se qualquer disposi\u00e7\u00e3o dos acordos adicionais entrar em conflito com qualquer disposi\u00e7\u00e3o dos presentes Termos, as disposi\u00e7\u00f5es desses acordos adicionais prevalecer\u00e3o.<\/p><h2>2. Obriga\u00e7\u00f5es<\/h2><p>Ao registar-se, aceder ou utilizar este s\u00edtio, o utilizador concorda em respeitar os Termos e Condi\u00e7\u00f5es a seguir definidos. A simples utiliza\u00e7\u00e3o deste s\u00edtio implica o conhecimento e a aceita\u00e7\u00e3o dos presentes Termos e Condi\u00e7\u00f5es. Nalguns casos espec\u00edficos, podemos tamb\u00e9m pedir-lhe que aceite explicitamente.<\/p><h2>3. Comunica\u00e7\u00e3o eletr\u00f3nica<\/h2><p>Ao utilizar este s\u00edtio ou ao comunicar connosco por via eletr\u00f3nica, o utilizador concorda e reconhece que podemos comunicar consigo por via eletr\u00f3nica no nosso s\u00edtio ou atrav\u00e9s do envio de uma mensagem de correio eletr\u00f3nico e concorda que todos os acordos, avisos, divulga\u00e7\u00f5es e outras comunica\u00e7\u00f5es que lhe fornecemos por via eletr\u00f3nica satisfazem qualquer requisito legal, incluindo, entre outros, o requisito de que essas comunica\u00e7\u00f5es sejam feitas por escrito.<\/p><h2>4. Propriedade intelectual<\/h2><p>N\u00f3s ou os nossos licenciantes detemos e controlamos todos os direitos de autor e outros direitos de propriedade intelectual do s\u00edtio e dos dados, informa\u00e7\u00f5es e outros recursos apresentados ou acess\u00edveis atrav\u00e9s do s\u00edtio.<\/p><p class=\"cmplz-subtitle\">4.1 Todos os direitos reservados.<\/p><p>Exceto se o conte\u00fado espec\u00edfico determinar o contr\u00e1rio, o utilizador n\u00e3o recebe uma licen\u00e7a ou quaisquer outros direitos ao abrigo de direitos de autor, marcas comerciais, patentes ou outros direitos de propriedade intelectual. Isto significa que n\u00e3o utilizar\u00e1, copiar\u00e1, reproduzir\u00e1, executar\u00e1, exibir\u00e1, distribuir\u00e1, incorporar\u00e1 em qualquer meio eletr\u00f3nico, alterar\u00e1, far\u00e1 engenharia inversa, descompilar\u00e1, transferir\u00e1, descarregar\u00e1, transmitir\u00e1, rentabilizar\u00e1, vender\u00e1, trocar ou comercializar quaisquer recursos deste s\u00edtio sob qualquer forma, sem a nossa autoriza\u00e7\u00e3o pr\u00e9via por escrito, exceto e apenas na medida em que tal esteja estipulado em regulamentos legais obrigat\u00f3rios (como o direito de cita\u00e7\u00e3o).<\/p><h2>5. Propriedade de terceiros<\/h2><p>O nosso s\u00edtio pode incluir hiperliga\u00e7\u00f5es ou outras refer\u00eancias a s\u00edtios de terceiros. N\u00e3o controlamos nem revemos o conte\u00fado dos s\u00edtios de terceiros que est\u00e3o ligados a este s\u00edtio. Os produtos ou servi\u00e7os oferecidos por outros s\u00edtios estar\u00e3o sujeitos aos Termos e Condi\u00e7\u00f5es aplic\u00e1veis desses terceiros. As opini\u00f5es expressas ou o material que aparece nesses s\u00edtios n\u00e3o s\u00e3o necessariamente partilhados ou aprovados por n\u00f3s.<\/p><p>N\u00e3o somos respons\u00e1veis por quaisquer pr\u00e1ticas de privacidade ou conte\u00fado desses s\u00edtios. O utilizador assume todos os riscos associados \u00e0 utiliza\u00e7\u00e3o destes s\u00edtios e de quaisquer servi\u00e7os de terceiros relacionados. N\u00e3o aceitaremos qualquer responsabilidade ou obriga\u00e7\u00e3o por qualquer perda ou dano, de qualquer forma causado pelo utilizador, resultante da divulga\u00e7\u00e3o de informa\u00e7\u00f5es pessoais a terceiros.<\/p><h2>6. Utiliza\u00e7\u00e3o respons\u00e1vel<\/h2><p>Ao visitar o nosso s\u00edtio, o utilizador concorda em utiliz\u00e1-lo apenas para os fins previstos e permitidos pelas presentes Condi\u00e7\u00f5es, por quaisquer acordos adicionais celebrados connosco e pelas leis, regulamentos e pr\u00e1ticas online normalmente aceites e pelas diretrizes do sector. O utilizador n\u00e3o pode utilizar o nosso s\u00edtio ou os nossos servi\u00e7os para utilizar, publicar ou distribuir qualquer material que consista em (ou esteja ligado a) software inform\u00e1tico malicioso; utilizar os dados recolhidos no nosso s\u00edtio para qualquer atividade de marketing direto; ou realizar quaisquer actividades sistem\u00e1ticas ou automatizadas de recolha de dados no nosso s\u00edtio ou em liga\u00e7\u00e3o com o mesmo.<\/p><p>\u00c9 estritamente proibido o envolvimento em qualquer atividade que cause ou possa causar danos ao s\u00edtio ou que interfira com o desempenho, a disponibilidade ou a acessibilidade do s\u00edtio.<\/p><h2>7. Pol\u00edtica de reembolso e devolu\u00e7\u00e3o<\/h2><p class=\"cmplz-subtitle\">7.1 Direito de anula\u00e7\u00e3o<\/p><p>O utilizador tem o direito de rescindir o contrato no prazo de 14 dias, sem necessidade de indicar qualquer motivo.<\/p><p>O prazo de anula\u00e7\u00e3o expira 14 dias a contar do dia em que o comprador ou um terceiro (que n\u00e3o o transportador e indicado pelo comprador) tenha a posse f\u00edsica dos bens.<\/p><p>Para exercer o direito de cancelamento, deve informar-nos da sua decis\u00e3o de rescindir este contrato atrav\u00e9s de uma declara\u00e7\u00e3o inequ\u00edvoca (por exemplo, uma carta enviada pelo correio, fax ou e-mail). Os nossos dados de contacto encontram-se abaixo. Pode utilizar o modelo em anexo <a target=\"_blank\" href=\"https:\/\/exeoipsum.com\/wp-content\/uploads\/complianz\/withdrawal-forms\/withdrawal-form-pt.pdf\">Formul\u00e1rio de levantamento<\/a>mas n\u00e3o \u00e9 obrigat\u00f3rio.<\/p><p>Pode igualmente preencher e submeter eletronicamente o formul\u00e1rio de desist\u00eancia modelo ou qualquer outra declara\u00e7\u00e3o inequ\u00edvoca no nosso <a href=\"https:\/\/exeoipsum.com\/pt\/contacto\/\"> S\u00edtio web<\/a>.<\/p><p>Se o utilizador utilizar esta op\u00e7\u00e3o, enviar-lhe-emos sem demora um aviso de rece\u00e7\u00e3o dessa anula\u00e7\u00e3o num suporte duradouro (por exemplo, correio eletr\u00f3nico).<\/p><p>Para respeitar o prazo de anula\u00e7\u00e3o, basta enviar a sua comunica\u00e7\u00e3o relativa ao exerc\u00edcio do direito de retrata\u00e7\u00e3o antes do termo do prazo de anula\u00e7\u00e3o.<\/p><p class=\"cmplz-subtitle\">7.2 Efeitos do cancelamento<\/p><p>Se o utilizador rescindir o contrato, reembolsaremos todos os pagamentos recebidos do utilizador, incluindo os custos de entrega (exceto os custos suplementares resultantes da escolha de um tipo de entrega diferente do tipo de entrega mais barato oferecido pelo utilizador), sem demora injustificada e, em qualquer caso, o mais tardar 14 dias a contar da data em que formos informados da decis\u00e3o do utilizador de rescindir o contrato. Este reembolso ser\u00e1 efectuado utilizando o mesmo meio de pagamento que o cliente utilizou na transa\u00e7\u00e3o inicial, salvo acordo expresso em contr\u00e1rio do cliente; em qualquer caso, o cliente n\u00e3o incorrer\u00e1 em quaisquer taxas em resultado desse reembolso.<\/p><p>O comprador deve devolver os bens ou entreg\u00e1-los \u00e0 nossa empresa ou a uma pessoa por n\u00f3s autorizada a receb\u00ea-los, sem demora injustificada e, em qualquer caso, o mais tardar 14 dias a contar da data em que nos comunicar a resolu\u00e7\u00e3o do presente contrato. O prazo \u00e9 respeitado se o comprador devolver os bens antes do termo do prazo de 14 dias.<\/p><p>Podemos reter o reembolso at\u00e9 termos recebido a mercadoria de volta ou at\u00e9 o cliente apresentar prova da devolu\u00e7\u00e3o da mercadoria, consoante o que ocorrer primeiro.<\/p><p>O custo m\u00e1ximo de devolu\u00e7\u00e3o dos bens \u00e9 de .<\/p><p>O utilizador \u00e9 o \u00fanico respons\u00e1vel por qualquer redu\u00e7\u00e3o do valor dos bens resultante de um manuseamento que n\u00e3o seja o necess\u00e1rio para determinar a natureza, as carater\u00edsticas e o funcionamento dos bens.<\/p><p>Note-se que existem algumas excep\u00e7\u00f5es legais ao direito de anula\u00e7\u00e3o e, por conseguinte, alguns artigos n\u00e3o podem ser devolvidos ou trocados. Informaremos se esta situa\u00e7\u00e3o se aplica ao seu caso espec\u00edfico.<\/p><h2>8. Apresenta\u00e7\u00e3o de ideias<\/h2><p>N\u00e3o envie ideias, inven\u00e7\u00f5es, trabalhos de autoria ou outras informa\u00e7\u00f5es que possam ser consideradas propriedade intelectual sua e que gostaria de nos enviar, exceto se tivermos celebrado um acordo de propriedade intelectual ou de n\u00e3o divulga\u00e7\u00e3o. Se nos divulgar na aus\u00eancia de tal acordo escrito, concede-nos uma licen\u00e7a mundial, irrevog\u00e1vel, n\u00e3o exclusiva, isenta de royalties e n\u00e3o exclusiva para utilizar, reproduzir, armazenar, adaptar, publicar, traduzir e distribuir o seu conte\u00fado em qualquer suporte existente ou futuro.<\/p><h2>9. Cessa\u00e7\u00e3o da utiliza\u00e7\u00e3o<\/h2><p>Podemos, de acordo com o nosso crit\u00e9rio exclusivo, modificar ou descontinuar em qualquer altura o acesso, tempor\u00e1rio ou permanente, ao s\u00edtio ou a qualquer Servi\u00e7o nele contido. O utilizador concorda que n\u00e3o seremos respons\u00e1veis perante o utilizador ou qualquer terceiro por qualquer modifica\u00e7\u00e3o, suspens\u00e3o ou interrup\u00e7\u00e3o do seu acesso ou utiliza\u00e7\u00e3o do s\u00edtio ou de qualquer conte\u00fado que possa ter partilhado no s\u00edtio. O utilizador n\u00e3o ter\u00e1 direito a qualquer compensa\u00e7\u00e3o ou outro pagamento, mesmo que determinados recursos, defini\u00e7\u00f5es e\/ou qualquer Conte\u00fado para o qual tenha contribu\u00eddo ou no qual tenha confiado se percam permanentemente. O utilizador n\u00e3o deve contornar ou contornar, ou tentar contornar ou contornar, quaisquer medidas de restri\u00e7\u00e3o de acesso no nosso s\u00edtio.<\/p><h2>10. Garantias e responsabilidade<\/h2><p>Nada nesta sec\u00e7\u00e3o limitar\u00e1 ou excluir\u00e1 qualquer garantia impl\u00edcita por lei que seria ilegal limitar ou excluir. Este s\u00edtio e todo o seu conte\u00fado s\u00e3o fornecidos \"tal como est\u00e3o\" e \"conforme dispon\u00edveis\" e podem incluir imprecis\u00f5es ou erros tipogr\u00e1ficos. Renunciamos expressamente a todas as garantias de qualquer tipo, expressas ou impl\u00edcitas, quanto \u00e0 disponibilidade, exatid\u00e3o ou integridade do Conte\u00fado. N\u00e3o garantimos que:<\/p><p><ul>\n                    <li>este s\u00edtio ou o nosso conte\u00fado ir\u00e1 satisfazer as suas necessidades;<\/li>\n                    <li>este s\u00edtio estar\u00e1 dispon\u00edvel de forma ininterrupta, atempada, segura ou isenta de erros.<\/li>\n        <\/ul><\/p><p>Nada neste s\u00edtio constitui, ou pretende constituir, aconselhamento jur\u00eddico, financeiro ou m\u00e9dico de qualquer tipo. Se necessitar de aconselhamento, deve consultar um profissional adequado.<\/p><p>As disposi\u00e7\u00f5es seguintes da presente sec\u00e7\u00e3o aplicam-se na medida m\u00e1xima permitida pela legisla\u00e7\u00e3o aplic\u00e1vel e n\u00e3o limitam nem excluem a nossa responsabilidade relativamente a qualquer quest\u00e3o que seja ilegal ou il\u00edcita limitar ou excluir da nossa responsabilidade. Em caso algum seremos respons\u00e1veis por quaisquer danos diretos ou indirectos (incluindo quaisquer danos por perda de lucros ou receitas, perda ou corrup\u00e7\u00e3o de dados, software ou base de dados, ou perda ou dano de propriedade ou dados) incorridos pelo utilizador ou por terceiros em resultado do seu acesso ou utiliza\u00e7\u00e3o do nosso s\u00edtio.<\/p><p>Exceto na medida em que qualquer contrato adicional estabele\u00e7a expressamente o contr\u00e1rio, a nossa responsabilidade m\u00e1xima perante o utilizador por todos os danos resultantes de ou relacionados com o s\u00edtio ou quaisquer produtos e servi\u00e7os comercializados ou vendidos atrav\u00e9s do s\u00edtio, independentemente da forma de a\u00e7\u00e3o legal que imponha a responsabilidade (seja em contrato, equidade, neglig\u00eancia, m\u00e1 conduta intencional, delito ou outro) ser\u00e1 limitada ao pre\u00e7o total que nos pagou para adquirir tais produtos ou servi\u00e7os ou para utilizar o site. Este limite aplicar-se-\u00e1, de forma agregada, a todas as suas reclama\u00e7\u00f5es, ac\u00e7\u00f5es e causas de a\u00e7\u00e3o de qualquer tipo e natureza.<\/p><h2>11. Privacidade<\/h2><p>Para aceder ao nosso s\u00edtio e\/ou servi\u00e7os, o utilizador poder\u00e1 ter de fornecer algumas informa\u00e7\u00f5es sobre si pr\u00f3prio como parte do processo de registo. O utilizador concorda que todas as informa\u00e7\u00f5es fornecidas ser\u00e3o sempre precisas, corretas e actualizadas.<\/p><p>Desenvolvemos uma pol\u00edtica para responder a quaisquer preocupa\u00e7\u00f5es de privacidade que possa ter. Para mais informa\u00e7\u00f5es, consulte a nossa <a href=\"https:\/\/exeoipsum.com\/pt\/politica-de-privacidade\/\">Declara\u00e7\u00e3o de Privacidade<\/a> e o nosso <a href=\"#\">Pol\u00edtica de Cookies<\/a>.<\/p><h2>12. Acessibilidade<\/h2><p>Comprometemo-nos a tornar o conte\u00fado que fornecemos acess\u00edvel a pessoas com defici\u00eancia. Se for portador de uma defici\u00eancia e n\u00e3o conseguir aceder a qualquer parte do nosso s\u00edtio devido \u00e0 sua defici\u00eancia, informe-nos com uma descri\u00e7\u00e3o pormenorizada do problema com que se deparou. Se o problema for prontamente identificado e resolvido de acordo com as ferramentas e t\u00e9cnicas de tecnologia da informa\u00e7\u00e3o padr\u00e3o da ind\u00fastria, resolv\u00ea-lo-emos imediatamente.<\/p><h2>13. Restri\u00e7\u00f5es de exporta\u00e7\u00e3o \/ Conformidade legal<\/h2><p>\u00c9 proibido o acesso ao s\u00edtio a partir de territ\u00f3rios ou pa\u00edses onde o Conte\u00fado ou a compra de produtos ou Servi\u00e7os vendidos no s\u00edtio sejam ilegais. O utilizador n\u00e3o pode utilizar este s\u00edtio em viola\u00e7\u00e3o das leis e regulamentos de exporta\u00e7\u00e3o espanh\u00f3is.<\/p><h2>14. Cess\u00e3o<\/h2><p>O utilizador n\u00e3o pode ceder, transferir ou subcontratar quaisquer dos seus direitos e\/ou obriga\u00e7\u00f5es ao abrigo dos presentes Termos e Condi\u00e7\u00f5es, no todo ou em parte, a terceiros sem o nosso consentimento pr\u00e9vio por escrito. Qualquer alegada cess\u00e3o em viola\u00e7\u00e3o da presente sec\u00e7\u00e3o ser\u00e1 nula e sem efeito.<\/p><h2>15. Viola\u00e7\u00f5es dos presentes Termos e Condi\u00e7\u00f5es<\/h2><p>Sem preju\u00edzo dos nossos outros direitos ao abrigo dos presentes Termos e Condi\u00e7\u00f5es, se o utilizador violar os presentes Termos e Condi\u00e7\u00f5es de alguma forma, poderemos tomar as medidas que considerarmos adequadas para lidar com a viola\u00e7\u00e3o, incluindo a suspens\u00e3o tempor\u00e1ria ou permanente do acesso do utilizador ao s\u00edtio, contactando o seu fornecedor de servi\u00e7os de Internet para solicitar o bloqueio do seu acesso ao s\u00edtio e\/ou iniciar uma a\u00e7\u00e3o judicial contra o utilizador.<\/p><h2>16. Indeniza\u00e7\u00e3o<\/h2><p>O utilizador concorda em indemnizar, defender e isentar-nos de todas e quaisquer reclama\u00e7\u00f5es, responsabilidades, danos, perdas e despesas relacionadas com a viola\u00e7\u00e3o dos presentes Termos e Condi\u00e7\u00f5es e da legisla\u00e7\u00e3o aplic\u00e1vel, incluindo direitos de propriedade intelectual e direitos de privacidade. O utilizador reembolsar-nos-\u00e1 prontamente pelos nossos danos, perdas, custos e despesas relacionados com ou resultantes de tais reclama\u00e7\u00f5es.<\/p><h2>17. Cancelamento<\/h2><p>O incumprimento de qualquer das disposi\u00e7\u00f5es estabelecidas nas presentes Condi\u00e7\u00f5es Gerais e em qualquer Contrato, ou o n\u00e3o exerc\u00edcio de qualquer op\u00e7\u00e3o de rescis\u00e3o, n\u00e3o deve ser interpretado como uma ren\u00fancia a essas disposi\u00e7\u00f5es e n\u00e3o afecta a validade das presentes Condi\u00e7\u00f5es Gerais ou de qualquer Contrato ou qualquer parte do mesmo, nem qualquer direito subsequente de aplicar todas as disposi\u00e7\u00f5es.<\/p><h2>18. L\u00edngua<\/h2><p>As presentes Condi\u00e7\u00f5es Gerais ser\u00e3o interpretadas e interpretadas exclusivamente em castelhano. Todas as notifica\u00e7\u00f5es e correspond\u00eancia devem ser dirigidas exclusivamente nesta l\u00edngua.<\/p><h2>19. Compreens\u00e3o global<\/h2><p>Estes Termos e Condi\u00e7\u00f5es, juntamente com os nossos <a href=\"https:\/\/exeoipsum.com\/pt\/politica-de-privacidade\/\">declara\u00e7\u00e3o de privacidade<\/a> e <a href=\"#\">Pol\u00edtica de cookies<\/a>, constituem o acordo integral entre si e a Exeo Ipsum S.L. no que diz respeito \u00e0 sua utiliza\u00e7\u00e3o deste website.<\/p><h2>20. Atualiza\u00e7\u00e3o dos presentes Termos e Condi\u00e7\u00f5es<\/h2><p>Poderemos atualizar periodicamente os presentes Termos e Condi\u00e7\u00f5es. O utilizador tem a obriga\u00e7\u00e3o de consultar periodicamente os presentes Termos e Condi\u00e7\u00f5es para verificar se existem altera\u00e7\u00f5es ou actualiza\u00e7\u00f5es. A data indicada no in\u00edcio dos presentes Termos e Condi\u00e7\u00f5es \u00e9 a data da revis\u00e3o mais recente. As altera\u00e7\u00f5es aos presentes Termos e Condi\u00e7\u00f5es entrar\u00e3o em vigor ap\u00f3s a publica\u00e7\u00e3o dessas altera\u00e7\u00f5es neste s\u00edtio. A utiliza\u00e7\u00e3o continuada deste s\u00edtio ap\u00f3s a publica\u00e7\u00e3o de altera\u00e7\u00f5es ou actualiza\u00e7\u00f5es ser\u00e1 considerada uma notifica\u00e7\u00e3o do seu acordo em cumprir e ficar vinculado aos presentes Termos e Condi\u00e7\u00f5es.<\/p><h2>21. Legisla\u00e7\u00e3o e jurisdi\u00e7\u00e3o aplic\u00e1veis<\/h2><p>As presentes Condi\u00e7\u00f5es Gerais ser\u00e3o regidas pela legisla\u00e7\u00e3o espanhola. Quaisquer lit\u00edgios relacionados com as presentes Condi\u00e7\u00f5es Gerais est\u00e3o sujeitos \u00e0 jurisdi\u00e7\u00e3o dos tribunais de Espanha. Se qualquer parte ou disposi\u00e7\u00e3o dos presentes Termos e Condi\u00e7\u00f5es for considerada por qualquer tribunal ou outra autoridade como inv\u00e1lida e\/ou inaplic\u00e1vel ao abrigo da legisla\u00e7\u00e3o aplic\u00e1vel, essa parte ou disposi\u00e7\u00e3o ser\u00e1 modificada, exclu\u00edda e\/ou aplicada na medida m\u00e1xima permitida, de modo a dar efeito \u00e0 inten\u00e7\u00e3o dos presentes Termos e Condi\u00e7\u00f5es. As restantes disposi\u00e7\u00f5es n\u00e3o ser\u00e3o afectadas.<\/p><h2>22. informa\u00e7\u00f5es de contacto<\/h2><p>Este s\u00edtio \u00e9 propriedade e \u00e9 gerido por Exeo Ipsum S.L.<\/p><p>Poder\u00e1 contactar-nos relativamente a estes Termos e Condi\u00e7\u00f5es atrav\u00e9s do nosso <a href=\"https:\/\/exeoipsum.com\/pt\/contacto\/\">contato<\/a> p\u00e1gina<\/p><h2>23. descarregar<\/h2><p>Tamb\u00e9m pode <a href=\"https:\/\/exeoipsum.com\/wp-content\/plugins\/complianz-terms-conditions\/download.php\">descarregar<\/a> os nossos Termos e Condi\u00e7\u00f5es em formato PDF.<\/p><\/div>","protected":false},"excerpt":{"rendered":"","protected":false},"author":1,"featured_media":0,"parent":0,"menu_order":0,"comment_status":"closed","ping_status":"closed","template":"","meta":{"footnotes":""},"class_list":["post-400","page","type-page","status-publish","hentry"],"yoast_head":"<!-- This site is optimized with the Yoast SEO plugin v25.9 - https:\/\/yoast.com\/wordpress\/plugins\/seo\/ -->\n<title>T\u00e9rminos y condiciones - Exeo Ipsum<\/title>\n<meta name=\"robots\" content=\"index, follow, max-snippet:-1, max-image-preview:large, max-video-preview:-1\" \/>\n<link rel=\"canonical\" href=\"https:\/\/exeoipsum.com\/pt\/termos-e-condicoes\/\" \/>\n<meta property=\"og:locale\" content=\"pt_PT\" \/>\n<meta property=\"og:type\" content=\"article\" \/>\n<meta property=\"og:title\" content=\"T\u00e9rminos y condiciones - Exeo Ipsum\" \/>\n<meta property=\"og:url\" content=\"https:\/\/exeoipsum.com\/pt\/termos-e-condicoes\/\" \/>\n<meta property=\"og:site_name\" content=\"Exeo Ipsum\" \/>\n<meta property=\"article:modified_time\" content=\"2025-02-04T08:06:39+00:00\" \/>\n<meta name=\"twitter:card\" content=\"summary_large_image\" \/>\n<script type=\"application\/ld+json\" class=\"yoast-schema-graph\">{\"@context\":\"https:\/\/schema.org\",\"@graph\":[{\"@type\":\"WebPage\",\"@id\":\"https:\/\/exeoipsum.com\/terminos-y-condiciones\/\",\"url\":\"https:\/\/exeoipsum.com\/terminos-y-condiciones\/\",\"name\":\"T\u00e9rminos y condiciones - Exeo Ipsum\",\"isPartOf\":{\"@id\":\"https:\/\/exeoipsum.com\/#website\"},\"datePublished\":\"2025-02-04T08:06:36+00:00\",\"dateModified\":\"2025-02-04T08:06:39+00:00\",\"breadcrumb\":{\"@id\":\"https:\/\/exeoipsum.com\/terminos-y-condiciones\/#breadcrumb\"},\"inLanguage\":\"pt-PT\",\"potentialAction\":[{\"@type\":\"ReadAction\",\"target\":[\"https:\/\/exeoipsum.com\/terminos-y-condiciones\/\"]}]},{\"@type\":\"BreadcrumbList\",\"@id\":\"https:\/\/exeoipsum.com\/terminos-y-condiciones\/#breadcrumb\",\"itemListElement\":[{\"@type\":\"ListItem\",\"position\":1,\"name\":\"Portada\",\"item\":\"https:\/\/exeoipsum.com\/\"},{\"@type\":\"ListItem\",\"position\":2,\"name\":\"T\u00e9rminos y condiciones\"}]},{\"@type\":\"WebSite\",\"@id\":\"https:\/\/exeoipsum.com\/#website\",\"url\":\"https:\/\/exeoipsum.com\/\",\"name\":\"Exeo Ipsum\",\"description\":\"Maquinaria Agr\u00edcola\",\"publisher\":{\"@id\":\"https:\/\/exeoipsum.com\/#organization\"},\"alternateName\":\"Maquinaria Agr\u00edcola\",\"potentialAction\":[{\"@type\":\"SearchAction\",\"target\":{\"@type\":\"EntryPoint\",\"urlTemplate\":\"https:\/\/exeoipsum.com\/?s={search_term_string}\"},\"query-input\":{\"@type\":\"PropertyValueSpecification\",\"valueRequired\":true,\"valueName\":\"search_term_string\"}}],\"inLanguage\":\"pt-PT\"},{\"@type\":\"Organization\",\"@id\":\"https:\/\/exeoipsum.com\/#organization\",\"name\":\"Exeo Ipsum S.L.\",\"alternateName\":\"EXEO IPSUM AGRO\",\"url\":\"https:\/\/exeoipsum.com\/\",\"logo\":{\"@type\":\"ImageObject\",\"inLanguage\":\"pt-PT\",\"@id\":\"https:\/\/exeoipsum.com\/#\/schema\/logo\/image\/\",\"url\":\"\",\"contentUrl\":\"\",\"caption\":\"Exeo Ipsum S.L.\"},\"image\":{\"@id\":\"https:\/\/exeoipsum.com\/#\/schema\/logo\/image\/\"},\"sameAs\":[\"https:\/\/www.instagram.com\/exeo_ipsum\/\"]}]}<\/script>\n<!-- \/ Yoast SEO plugin. -->","yoast_head_json":{"title":"Termos e condi\u00e7\u00f5es - Exeo Ipsum","robots":{"index":"index","follow":"follow","max-snippet":"max-snippet:-1","max-image-preview":"max-image-preview:large","max-video-preview":"max-video-preview:-1"},"canonical":"https:\/\/exeoipsum.com\/pt\/termos-e-condicoes\/","og_locale":"pt_PT","og_type":"article","og_title":"T\u00e9rminos y condiciones - Exeo Ipsum","og_url":"https:\/\/exeoipsum.com\/pt\/termos-e-condicoes\/","og_site_name":"Exeo Ipsum","article_modified_time":"2025-02-04T08:06:39+00:00","twitter_card":"summary_large_image","schema":{"@context":"https:\/\/schema.org","@graph":[{"@type":"WebPage","@id":"https:\/\/exeoipsum.com\/terminos-y-condiciones\/","url":"https:\/\/exeoipsum.com\/terminos-y-condiciones\/","name":"Termos e condi\u00e7\u00f5es - Exeo Ipsum","isPartOf":{"@id":"https:\/\/exeoipsum.com\/#website"},"datePublished":"2025-02-04T08:06:36+00:00","dateModified":"2025-02-04T08:06:39+00:00","breadcrumb":{"@id":"https:\/\/exeoipsum.com\/terminos-y-condiciones\/#breadcrumb"},"inLanguage":"pt-PT","potentialAction":[{"@type":"ReadAction","target":["https:\/\/exeoipsum.com\/terminos-y-condiciones\/"]}]},{"@type":"BreadcrumbList","@id":"https:\/\/exeoipsum.com\/terminos-y-condiciones\/#breadcrumb","itemListElement":[{"@type":"ListItem","position":1,"name":"Portada","item":"https:\/\/exeoipsum.com\/"},{"@type":"ListItem","position":2,"name":"T\u00e9rminos y condiciones"}]},{"@type":"WebSite","@id":"https:\/\/exeoipsum.com\/#website","url":"https:\/\/exeoipsum.com\/","name":"Exeo Ipsum","description":"M\u00e1quinas agr\u00edcolas","publisher":{"@id":"https:\/\/exeoipsum.com\/#organization"},"alternateName":"Maquinaria Agr\u00edcola","potentialAction":[{"@type":"SearchAction","target":{"@type":"EntryPoint","urlTemplate":"https:\/\/exeoipsum.com\/?s={search_term_string}"},"query-input":{"@type":"PropertyValueSpecification","valueRequired":true,"valueName":"search_term_string"}}],"inLanguage":"pt-PT"},{"@type":"Organization","@id":"https:\/\/exeoipsum.com\/#organization","name":"Exeo Ipsum S.L.","alternateName":"EXEO IPSUM AGRO","url":"https:\/\/exeoipsum.com\/","logo":{"@type":"ImageObject","inLanguage":"pt-PT","@id":"https:\/\/exeoipsum.com\/#\/schema\/logo\/image\/","url":"","contentUrl":"","caption":"Exeo Ipsum S.L."},"image":{"@id":"https:\/\/exeoipsum.com\/#\/schema\/logo\/image\/"},"sameAs":["https:\/\/www.instagram.com\/exeo_ipsum\/"]}]}},"_links":{"self":[{"href":"https:\/\/exeoipsum.com\/pt\/wp-json\/wp\/v2\/pages\/400","targetHints":{"allow":["GET"]}}],"collection":[{"href":"https:\/\/exeoipsum.com\/pt\/wp-json\/wp\/v2\/pages"}],"about":[{"href":"https:\/\/exeoipsum.com\/pt\/wp-json\/wp\/v2\/types\/page"}],"author":[{"embeddable":true,"href":"https:\/\/exeoipsum.com\/pt\/wp-json\/wp\/v2\/users\/1"}],"replies":[{"embeddable":true,"href":"https:\/\/exeoipsum.com\/pt\/wp-json\/wp\/v2\/comments?post=400"}],"version-history":[{"count":1,"href":"https:\/\/exeoipsum.com\/pt\/wp-json\/wp\/v2\/pages\/400\/revisions"}],"predecessor-version":[{"id":401,"href":"https:\/\/exeoipsum.com\/pt\/wp-json\/wp\/v2\/pages\/400\/revisions\/401"}],"wp:attachment":[{"href":"https:\/\/exeoipsum.com\/pt\/wp-json\/wp\/v2\/media?parent=400"}],"curies":[{"name":"wp","href":"https:\/\/api.w.org\/{rel}","templated":true}]}}