{"id":816,"date":"2025-07-08T09:42:18","date_gmt":"2025-07-08T09:42:18","guid":{"rendered":"https:\/\/exeoipsum.com\/?page_id=816"},"modified":"2025-07-18T10:39:14","modified_gmt":"2025-07-18T10:39:14","slug":"vibrador-de-arvore","status":"publish","type":"page","link":"https:\/\/exeoipsum.com\/pt\/maquinas-agricolas\/vibrador-de-arvore\/","title":{"rendered":"Agitador de \u00e1rvores"},"content":{"rendered":"<div data-elementor-type=\"wp-page\" data-elementor-id=\"816\" class=\"elementor elementor-816\">\n\t\t\t\t<div class=\"elementor-element elementor-element-d25aca6 e-flex e-con-boxed e-con e-parent\" data-id=\"d25aca6\" data-element_type=\"container\" data-e-type=\"container\" data-settings=\"{&quot;background_background&quot;:&quot;classic&quot;}\">\n\t\t\t\t\t<div class=\"e-con-inner\">\n\t\t\t\t<div class=\"elementor-element elementor-element-899f29f elementor-widget elementor-widget-heading\" data-id=\"899f29f\" data-element_type=\"widget\" data-e-type=\"widget\" data-widget_type=\"heading.default\">\n\t\t\t\t<div class=\"elementor-widget-container\">\n\t\t\t\t\t<h2 class=\"elementor-heading-title elementor-size-default\">Agitador de \u00e1rvores<\/h2>\t\t\t\t<\/div>\n\t\t\t\t<\/div>\n\t\t\t\t\t<\/div>\n\t\t\t\t<\/div>\n\t\t<div class=\"elementor-element elementor-element-2633607 e-con-full e-flex e-con e-child\" data-id=\"2633607\" data-element_type=\"container\" data-e-type=\"container\">\n\t\t\t\t<div class=\"elementor-element elementor-element-6c4a971 elementor-widget elementor-widget-text-editor\" data-id=\"6c4a971\" data-element_type=\"widget\" data-e-type=\"widget\" data-widget_type=\"text-editor.default\">\n\t\t\t\t<div class=\"elementor-widget-container\">\n\t\t\t\t\t\t\t\t\t<h5>O <strong data-start=\"562\" data-end=\"589\">vibradores para \u00e1rvores<\/strong> s\u00e3o m\u00e1quinas agr\u00edcolas concebidas para <strong data-start=\"632\" data-end=\"680\">recolha r\u00e1pida, eficaz e sem esfor\u00e7o<\/strong> de frutos como <strong data-start=\"696\" data-end=\"740\">am\u00eandoas, azeitonas, cerejas ou ma\u00e7\u00e3s<\/strong>. Gra\u00e7as \u00e0 sua <strong data-start=\"756\" data-end=\"801\">cabe\u00e7as adapt\u00e1veis e bra\u00e7os articulados<\/strong>estes vibradores s\u00e3o adequados para todos os tipos de <strong data-start=\"846\" data-end=\"872\">explora\u00e7\u00f5es frut\u00edcolas<\/strong>Isto facilita a colheita sem danificar a \u00e1rvore ou o fruto.<\/h5>\t\t\t\t\t\t\t\t<\/div>\n\t\t\t\t<\/div>\n\t\t<div class=\"elementor-element elementor-element-fc925d2 e-con-full e-flex e-con e-child\" data-id=\"fc925d2\" data-element_type=\"container\" data-e-type=\"container\">\n\t\t\t\t<div class=\"elementor-element elementor-element-5dea34d elementor-widget elementor-widget-image\" data-id=\"5dea34d\" data-element_type=\"widget\" data-e-type=\"widget\" data-widget_type=\"image.default\">\n\t\t\t\t<div class=\"elementor-widget-container\">\n\t\t\t\t\t\t\t\t\t\t\t\t\t\t\t<img fetchpriority=\"high\" decoding=\"async\" width=\"744\" height=\"597\" src=\"https:\/\/exeoipsum.com\/wp-content\/uploads\/2025\/07\/vibradora-1-e1752833577949.jpg\" class=\"elementor-animation-shrink attachment-medium_large size-medium_large wp-image-1738\" alt=\"Triturador de \u00e1rvores em funcionamento com lona de recolha de frutos\" srcset=\"https:\/\/exeoipsum.com\/wp-content\/uploads\/2025\/07\/vibradora-1-e1752833577949.jpg 744w, https:\/\/exeoipsum.com\/wp-content\/uploads\/2025\/07\/vibradora-1-e1752833577949-300x241.jpg 300w, https:\/\/exeoipsum.com\/wp-content\/uploads\/2025\/07\/vibradora-1-e1752833577949-15x12.jpg 15w\" sizes=\"(max-width: 744px) 100vw, 744px\" \/>\t\t\t\t\t\t\t\t\t\t\t\t\t\t\t<\/div>\n\t\t\t\t<\/div>\n\t\t\t\t<div class=\"elementor-element elementor-element-ed2f469 elementor-widget elementor-widget-elementskit-heading\" data-id=\"ed2f469\" data-element_type=\"widget\" data-e-type=\"widget\" data-widget_type=\"elementskit-heading.default\">\n\t\t\t\t<div class=\"elementor-widget-container\">\n\t\t\t\t\t<div class=\"ekit-wid-con\" ><div class=\"ekit-heading elementskit-section-title-wraper text_center   ekit_heading_tablet-   ekit_heading_mobile-\"><a href=\"https:\/\/exeoipsum.com\/pt\/gacek\/\"><h2 class=\"ekit-heading--title elementskit-section-title\">GACEK<\/h2><\/a><h5 class=\"ekit-heading--subtitle elementskit-section-subtitle\">\n\t\t\t\t\t\t M\u00e1quina vibrat\u00f3ria autom\u00e1tica com guarda-chuva e correia transportadora\n\t\t\t\t\t<\/h5>\t\t\t\t<div class='ekit-heading__description'>\n\t\t\t\t\t<p>Sacudidor de \u00e1rvores totalmente autom\u00e1tico com guarda-chuva e tapete rolante integrados. Colhe rapidamente e de forma limpa am\u00eandoas, cerejas, ameixas e muito mais. Ideal para explora\u00e7\u00f5es de 5 a 8 hectares.<\/p>\n\t\t\t\t<\/div>\n\t\t\t<\/div><\/div>\t\t\t\t<\/div>\n\t\t\t\t<\/div>\n\t\t\t\t<div class=\"elementor-element elementor-element-4d4543f elementor-align-center elementor-widget__width-initial elementor-widget elementor-widget-button\" data-id=\"4d4543f\" data-element_type=\"widget\" data-e-type=\"widget\" data-widget_type=\"button.default\">\n\t\t\t\t<div class=\"elementor-widget-container\">\n\t\t\t\t\t\t\t\t\t<div class=\"elementor-button-wrapper\">\n\t\t\t\t\t<a class=\"elementor-button elementor-button-link elementor-size-sm\" href=\"https:\/\/exeoipsum.com\/pt\/gacek\/\">\n\t\t\t\t\t\t<span class=\"elementor-button-content-wrapper\">\n\t\t\t\t\t\t\t\t\t<span class=\"elementor-button-text\">Ver mais<\/span>\n\t\t\t\t\t<\/span>\n\t\t\t\t\t<\/a>\n\t\t\t\t<\/div>\n\t\t\t\t\t\t\t\t<\/div>\n\t\t\t\t<\/div>\n\t\t\t\t<\/div>\n\t\t<div class=\"elementor-element elementor-element-7d58640 e-con-full e-flex e-con e-child\" data-id=\"7d58640\" data-element_type=\"container\" data-e-type=\"container\">\n\t\t\t\t<div class=\"elementor-element elementor-element-1ba6b95 elementor-widget elementor-widget-image\" data-id=\"1ba6b95\" data-element_type=\"widget\" data-e-type=\"widget\" data-widget_type=\"image.default\">\n\t\t\t\t<div class=\"elementor-widget-container\">\n\t\t\t\t\t\t\t\t\t\t\t\t\t\t\t<img decoding=\"async\" width=\"768\" height=\"575\" src=\"https:\/\/exeoipsum.com\/wp-content\/uploads\/2025\/07\/G004-1-768x575.jpg\" class=\"elementor-animation-shrink attachment-medium_large size-medium_large wp-image-1739\" alt=\"Abanador de \u00e1rvores G-004 com lona estendida e bra\u00e7o de recolha articulado\" srcset=\"https:\/\/exeoipsum.com\/wp-content\/uploads\/2025\/07\/G004-1-768x575.jpg 768w, https:\/\/exeoipsum.com\/wp-content\/uploads\/2025\/07\/G004-1-300x225.jpg 300w, https:\/\/exeoipsum.com\/wp-content\/uploads\/2025\/07\/G004-1-16x12.jpg 16w, https:\/\/exeoipsum.com\/wp-content\/uploads\/2025\/07\/G004-1.jpg 845w\" sizes=\"(max-width: 768px) 100vw, 768px\" \/>\t\t\t\t\t\t\t\t\t\t\t\t\t\t\t<\/div>\n\t\t\t\t<\/div>\n\t\t\t\t<div class=\"elementor-element elementor-element-a7e3a78 elementor-widget elementor-widget-elementskit-heading\" data-id=\"a7e3a78\" data-element_type=\"widget\" data-e-type=\"widget\" data-widget_type=\"elementskit-heading.default\">\n\t\t\t\t<div class=\"elementor-widget-container\">\n\t\t\t\t\t<div class=\"ekit-wid-con\" ><div class=\"ekit-heading elementskit-section-title-wraper text_center   ekit_heading_tablet-   ekit_heading_mobile-\"><a href=\"https:\/\/exeoipsum.com\/pt\/g-004\/\"><h2 class=\"ekit-heading--title elementskit-section-title\"> G-004<\/h2><\/a><h5 class=\"ekit-heading--subtitle elementskit-section-subtitle\">\n\t\t\t\t\t\tVibrador semi-autom\u00e1tico com dispositivo de limpeza integrado\n\t\t\t\t\t<\/h5>\t\t\t\t<div class='ekit-heading__description'>\n\t\t\t\t\t<p>Colhe cerejas, azeitonas, ma\u00e7\u00e3s e frutos secos com grande precis\u00e3o. Sistema de agita\u00e7\u00e3o, crivo amov\u00edvel e limpeza a ar. Ideal para pomares de m\u00e9dia dimens\u00e3o at\u00e9 8 hectares.<\/p>\n\t\t\t\t<\/div>\n\t\t\t<\/div><\/div>\t\t\t\t<\/div>\n\t\t\t\t<\/div>\n\t\t\t\t<div class=\"elementor-element elementor-element-bced260 elementor-align-center elementor-widget__width-initial elementor-widget elementor-widget-button\" data-id=\"bced260\" data-element_type=\"widget\" data-e-type=\"widget\" data-widget_type=\"button.default\">\n\t\t\t\t<div class=\"elementor-widget-container\">\n\t\t\t\t\t\t\t\t\t<div class=\"elementor-button-wrapper\">\n\t\t\t\t\t<a class=\"elementor-button elementor-button-link elementor-size-sm\" href=\"https:\/\/exeoipsum.com\/pt\/g-004\/\">\n\t\t\t\t\t\t<span class=\"elementor-button-content-wrapper\">\n\t\t\t\t\t\t\t\t\t<span class=\"elementor-button-text\">Ver mais<\/span>\n\t\t\t\t\t<\/span>\n\t\t\t\t\t<\/a>\n\t\t\t\t<\/div>\n\t\t\t\t\t\t\t\t<\/div>\n\t\t\t\t<\/div>\n\t\t\t\t<\/div>\n\t\t<div class=\"elementor-element elementor-element-7a37438 e-con-full e-flex e-con e-child\" data-id=\"7a37438\" data-element_type=\"container\" data-e-type=\"container\">\n\t\t\t\t<div class=\"elementor-element elementor-element-8d8afcf elementor-widget elementor-widget-image\" data-id=\"8d8afcf\" data-element_type=\"widget\" data-e-type=\"widget\" data-widget_type=\"image.default\">\n\t\t\t\t<div class=\"elementor-widget-container\">\n\t\t\t\t\t\t\t\t\t\t\t\t\t\t\t<img decoding=\"async\" width=\"768\" height=\"576\" src=\"https:\/\/exeoipsum.com\/wp-content\/uploads\/2025\/07\/Petska-1-768x576.jpg\" class=\"elementor-animation-shrink attachment-medium_large size-medium_large wp-image-1740\" alt=\"Agitador de \u00e1rvores Petska em funcionamento com operador e bra\u00e7o vibrat\u00f3rio em \u00e1rvore de fruto\" srcset=\"https:\/\/exeoipsum.com\/wp-content\/uploads\/2025\/07\/Petska-1-768x576.jpg 768w, https:\/\/exeoipsum.com\/wp-content\/uploads\/2025\/07\/Petska-1-300x225.jpg 300w, https:\/\/exeoipsum.com\/wp-content\/uploads\/2025\/07\/Petska-1-16x12.jpg 16w, https:\/\/exeoipsum.com\/wp-content\/uploads\/2025\/07\/Petska-1.jpg 845w\" sizes=\"(max-width: 768px) 100vw, 768px\" \/>\t\t\t\t\t\t\t\t\t\t\t\t\t\t\t<\/div>\n\t\t\t\t<\/div>\n\t\t\t\t<div class=\"elementor-element elementor-element-ec5ef24 elementor-widget elementor-widget-elementskit-heading\" data-id=\"ec5ef24\" data-element_type=\"widget\" data-e-type=\"widget\" data-widget_type=\"elementskit-heading.default\">\n\t\t\t\t<div class=\"elementor-widget-container\">\n\t\t\t\t\t<div class=\"ekit-wid-con\" ><div class=\"ekit-heading elementskit-section-title-wraper text_center   ekit_heading_tablet-   ekit_heading_mobile-\"><a href=\"https:\/\/exeoipsum.com\/pt\/petska\/\"><h2 class=\"ekit-heading--title elementskit-section-title\">PESTKA<\/h2><\/a><h5 class=\"ekit-heading--subtitle elementskit-section-subtitle\">\n\t\t\t\t\t\tVibrador de tronco compacto e eficiente\n\t\t\t\t\t<\/h5>\t\t\t\t<div class='ekit-heading__description'>\n\t\t\t\t\t<p>Colheita r\u00e1pida e econ\u00f3mica de cerejas, am\u00eandoas, azeitonas e frutos secos. Massa vari\u00e1vel, bra\u00e7o regul\u00e1vel e rota\u00e7\u00e3o de 90\u00b0. Ideal para \u00e1rvores de tronco grosso e planta\u00e7\u00f5es mistas.<\/p>\n\t\t\t\t<\/div>\n\t\t\t<\/div><\/div>\t\t\t\t<\/div>\n\t\t\t\t<\/div>\n\t\t\t\t<div class=\"elementor-element elementor-element-2519bc8 elementor-align-center elementor-widget__width-initial elementor-widget elementor-widget-button\" data-id=\"2519bc8\" data-element_type=\"widget\" data-e-type=\"widget\" data-widget_type=\"button.default\">\n\t\t\t\t<div class=\"elementor-widget-container\">\n\t\t\t\t\t\t\t\t\t<div class=\"elementor-button-wrapper\">\n\t\t\t\t\t<a class=\"elementor-button elementor-button-link elementor-size-sm\" href=\"https:\/\/exeoipsum.com\/pt\/petska\/\">\n\t\t\t\t\t\t<span class=\"elementor-button-content-wrapper\">\n\t\t\t\t\t\t\t\t\t<span class=\"elementor-button-text\">Ver mais<\/span>\n\t\t\t\t\t<\/span>\n\t\t\t\t\t<\/a>\n\t\t\t\t<\/div>\n\t\t\t\t\t\t\t\t<\/div>\n\t\t\t\t<\/div>\n\t\t\t\t<\/div>\n\t\t<div class=\"elementor-element elementor-element-8e23786 e-con-full e-flex e-con e-child\" data-id=\"8e23786\" data-element_type=\"container\" data-e-type=\"container\">\n\t\t\t\t<div class=\"elementor-element elementor-element-cc6a92a elementor-widget elementor-widget-image\" data-id=\"cc6a92a\" data-element_type=\"widget\" data-e-type=\"widget\" data-widget_type=\"image.default\">\n\t\t\t\t<div class=\"elementor-widget-container\">\n\t\t\t\t\t\t\t\t\t\t\t\t\t\t\t<img loading=\"lazy\" decoding=\"async\" width=\"768\" height=\"576\" src=\"https:\/\/exeoipsum.com\/wp-content\/uploads\/2025\/07\/RS100-1-768x576.jpg\" class=\"elementor-animation-shrink attachment-medium_large size-medium_large wp-image-1741\" alt=\"Agitador de \u00e1rvores RS-100 com cabo de tra\u00e7\u00e3o e acoplamento ao trator\" srcset=\"https:\/\/exeoipsum.com\/wp-content\/uploads\/2025\/07\/RS100-1-768x576.jpg 768w, https:\/\/exeoipsum.com\/wp-content\/uploads\/2025\/07\/RS100-1-300x225.jpg 300w, https:\/\/exeoipsum.com\/wp-content\/uploads\/2025\/07\/RS100-1-1024x768.jpg 1024w, https:\/\/exeoipsum.com\/wp-content\/uploads\/2025\/07\/RS100-1-16x12.jpg 16w, https:\/\/exeoipsum.com\/wp-content\/uploads\/2025\/07\/RS100-1.jpg 1280w\" sizes=\"(max-width: 768px) 100vw, 768px\" \/>\t\t\t\t\t\t\t\t\t\t\t\t\t\t\t<\/div>\n\t\t\t\t<\/div>\n\t\t\t\t<div class=\"elementor-element elementor-element-996585b elementor-widget elementor-widget-elementskit-heading\" data-id=\"996585b\" data-element_type=\"widget\" data-e-type=\"widget\" data-widget_type=\"elementskit-heading.default\">\n\t\t\t\t<div class=\"elementor-widget-container\">\n\t\t\t\t\t<div class=\"ekit-wid-con\" ><div class=\"ekit-heading elementskit-section-title-wraper text_center   ekit_heading_tablet-   ekit_heading_mobile-\"><a href=\"https:\/\/exeoipsum.com\/pt\/__rs-100\/\"><h2 class=\"ekit-heading--title elementskit-section-title\">RS100<\/h2><\/a><h5 class=\"ekit-heading--subtitle elementskit-section-subtitle\">\n\t\t\t\t\t\tAgitador de cabo compacto e vers\u00e1til\n\t\t\t\t\t<\/h5>\t\t\t\t<div class='ekit-heading__description'>\n\t\t\t\t\t<p>Ideal para pequenas explora\u00e7\u00f5es agr\u00edcolas. Colhe am\u00eandoas, nozes, azeitonas e muito mais com o cabo de a\u00e7o de 10 m e o sistema de tomada de for\u00e7a. Leve, manobr\u00e1vel e f\u00e1cil de utilizar, sem danificar as ra\u00edzes.<\/p>\n\t\t\t\t<\/div>\n\t\t\t<\/div><\/div>\t\t\t\t<\/div>\n\t\t\t\t<\/div>\n\t\t\t\t<div class=\"elementor-element elementor-element-f529814 elementor-align-center elementor-widget__width-initial elementor-widget elementor-widget-button\" data-id=\"f529814\" data-element_type=\"widget\" data-e-type=\"widget\" data-widget_type=\"button.default\">\n\t\t\t\t<div class=\"elementor-widget-container\">\n\t\t\t\t\t\t\t\t\t<div class=\"elementor-button-wrapper\">\n\t\t\t\t\t<a class=\"elementor-button elementor-button-link elementor-size-sm\" href=\"https:\/\/exeoipsum.com\/pt\/__rs-100\/\">\n\t\t\t\t\t\t<span class=\"elementor-button-content-wrapper\">\n\t\t\t\t\t\t\t\t\t<span class=\"elementor-button-text\">Ver mais<\/span>\n\t\t\t\t\t<\/span>\n\t\t\t\t\t<\/a>\n\t\t\t\t<\/div>\n\t\t\t\t\t\t\t\t<\/div>\n\t\t\t\t<\/div>\n\t\t\t\t<\/div>\n\t\t\t\t<\/div>\n\t\t<div class=\"elementor-element elementor-element-d256ef3 e-flex e-con-boxed e-con e-parent\" data-id=\"d256ef3\" data-element_type=\"container\" data-e-type=\"container\">\n\t\t\t\t\t<div class=\"e-con-inner\">\n\t\t\t\t<div class=\"elementor-element elementor-element-144227a elementor-widget elementor-widget-spacer\" data-id=\"144227a\" data-element_type=\"widget\" data-e-type=\"widget\" data-widget_type=\"spacer.default\">\n\t\t\t\t<div class=\"elementor-widget-container\">\n\t\t\t\t\t\t\t<div class=\"elementor-spacer\">\n\t\t\t<div class=\"elementor-spacer-inner\"><\/div>\n\t\t<\/div>\n\t\t\t\t\t\t<\/div>\n\t\t\t\t<\/div>\n\t\t\t\t\t<\/div>\n\t\t\t\t<\/div>\n\t\t\t\t<\/div>","protected":false},"excerpt":{"rendered":"<p>Sacudidor de \u00e1rvores Os sacudidores de \u00e1rvores permitem uma colheita r\u00e1pida, eficiente e sem esfor\u00e7o de frutos como am\u00eandoas, azeitonas, cerejas ou ma\u00e7\u00e3s. Gra\u00e7as \u00e0s suas cabe\u00e7as adapt\u00e1veis e bra\u00e7os articulados, s\u00e3o ideais para explora\u00e7\u00f5es frut\u00edcolas de todos os tipos. GACEK Agitador autom\u00e1tico com guarda-chuva e correia transportadora Agitador de \u00e1rvores totalmente autom\u00e1tico com guarda-chuva integrado e [...]<\/p>","protected":false},"author":1,"featured_media":0,"parent":15,"menu_order":0,"comment_status":"closed","ping_status":"closed","template":"","meta":{"footnotes":""},"class_list":["post-816","page","type-page","status-publish","hentry"],"yoast_head":"<!-- This site is optimized with the Yoast SEO plugin v25.9 - https:\/\/yoast.com\/wordpress\/plugins\/seo\/ -->\n<title>Vibradora para \u00e1rboles - Exeo Ipsum<\/title>\n<meta name=\"description\" content=\"Descubre nuestra gama de vibradoras para \u00e1rboles: modelos hidr\u00e1ulicos, autom\u00e1ticos y de cable para una recolecci\u00f3n eficiente y adaptada.\" \/>\n<meta name=\"robots\" content=\"index, follow, max-snippet:-1, max-image-preview:large, max-video-preview:-1\" \/>\n<link rel=\"canonical\" href=\"https:\/\/exeoipsum.com\/pt\/maquinas-agricolas\/vibrador-de-arvore\/\" \/>\n<meta property=\"og:locale\" content=\"pt_PT\" \/>\n<meta property=\"og:type\" content=\"article\" \/>\n<meta property=\"og:title\" content=\"Vibradora para \u00e1rboles - Exeo Ipsum\" \/>\n<meta property=\"og:description\" content=\"Descubre nuestra gama de vibradoras para \u00e1rboles: modelos hidr\u00e1ulicos, autom\u00e1ticos y de cable para una recolecci\u00f3n eficiente y adaptada.\" \/>\n<meta property=\"og:url\" content=\"https:\/\/exeoipsum.com\/pt\/maquinas-agricolas\/vibrador-de-arvore\/\" \/>\n<meta property=\"og:site_name\" content=\"Exeo Ipsum\" \/>\n<meta property=\"article:modified_time\" content=\"2025-07-18T10:39:14+00:00\" \/>\n<meta property=\"og:image\" content=\"https:\/\/exeoipsum.com\/wp-content\/uploads\/2025\/06\/vibradora-ampliada-2-Editada-768x575.png\" \/>\n<meta name=\"twitter:card\" content=\"summary_large_image\" \/>\n<meta name=\"twitter:label1\" content=\"Tempo estimado de leitura\" \/>\n\t<meta name=\"twitter:data1\" content=\"2 minutos\" \/>\n<script type=\"application\/ld+json\" class=\"yoast-schema-graph\">{\"@context\":\"https:\/\/schema.org\",\"@graph\":[{\"@type\":\"WebPage\",\"@id\":\"https:\/\/exeoipsum.com\/maquinaria-agricola\/vibradora-para-arboles\/\",\"url\":\"https:\/\/exeoipsum.com\/maquinaria-agricola\/vibradora-para-arboles\/\",\"name\":\"Vibradora para \u00e1rboles - Exeo Ipsum\",\"isPartOf\":{\"@id\":\"https:\/\/exeoipsum.com\/#website\"},\"primaryImageOfPage\":{\"@id\":\"https:\/\/exeoipsum.com\/maquinaria-agricola\/vibradora-para-arboles\/#primaryimage\"},\"image\":{\"@id\":\"https:\/\/exeoipsum.com\/maquinaria-agricola\/vibradora-para-arboles\/#primaryimage\"},\"thumbnailUrl\":\"https:\/\/exeoipsum.com\/wp-content\/uploads\/2025\/06\/vibradora-ampliada-2-Editada-768x575.png\",\"datePublished\":\"2025-07-08T09:42:18+00:00\",\"dateModified\":\"2025-07-18T10:39:14+00:00\",\"description\":\"Descubre nuestra gama de vibradoras para \u00e1rboles: modelos hidr\u00e1ulicos, autom\u00e1ticos y de cable para una recolecci\u00f3n eficiente y adaptada.\",\"breadcrumb\":{\"@id\":\"https:\/\/exeoipsum.com\/maquinaria-agricola\/vibradora-para-arboles\/#breadcrumb\"},\"inLanguage\":\"pt-PT\",\"potentialAction\":[{\"@type\":\"ReadAction\",\"target\":[\"https:\/\/exeoipsum.com\/maquinaria-agricola\/vibradora-para-arboles\/\"]}]},{\"@type\":\"ImageObject\",\"inLanguage\":\"pt-PT\",\"@id\":\"https:\/\/exeoipsum.com\/maquinaria-agricola\/vibradora-para-arboles\/#primaryimage\",\"url\":\"https:\/\/exeoipsum.com\/wp-content\/uploads\/2025\/06\/vibradora-ampliada-2-Editada-768x575.png\",\"contentUrl\":\"https:\/\/exeoipsum.com\/wp-content\/uploads\/2025\/06\/vibradora-ampliada-2-Editada-768x575.png\"},{\"@type\":\"BreadcrumbList\",\"@id\":\"https:\/\/exeoipsum.com\/maquinaria-agricola\/vibradora-para-arboles\/#breadcrumb\",\"itemListElement\":[{\"@type\":\"ListItem\",\"position\":1,\"name\":\"Portada\",\"item\":\"https:\/\/exeoipsum.com\/\"},{\"@type\":\"ListItem\",\"position\":2,\"name\":\"Maquinaria Agr\u00edcola\",\"item\":\"https:\/\/exeoipsum.com\/maquinaria-agricola\/\"},{\"@type\":\"ListItem\",\"position\":3,\"name\":\"Vibradora para \u00e1rboles\"}]},{\"@type\":\"WebSite\",\"@id\":\"https:\/\/exeoipsum.com\/#website\",\"url\":\"https:\/\/exeoipsum.com\/\",\"name\":\"Exeo Ipsum\",\"description\":\"Maquinaria Agr\u00edcola\",\"publisher\":{\"@id\":\"https:\/\/exeoipsum.com\/#organization\"},\"alternateName\":\"Maquinaria Agr\u00edcola\",\"potentialAction\":[{\"@type\":\"SearchAction\",\"target\":{\"@type\":\"EntryPoint\",\"urlTemplate\":\"https:\/\/exeoipsum.com\/?s={search_term_string}\"},\"query-input\":{\"@type\":\"PropertyValueSpecification\",\"valueRequired\":true,\"valueName\":\"search_term_string\"}}],\"inLanguage\":\"pt-PT\"},{\"@type\":\"Organization\",\"@id\":\"https:\/\/exeoipsum.com\/#organization\",\"name\":\"Exeo Ipsum S.L.\",\"alternateName\":\"EXEO IPSUM AGRO\",\"url\":\"https:\/\/exeoipsum.com\/\",\"logo\":{\"@type\":\"ImageObject\",\"inLanguage\":\"pt-PT\",\"@id\":\"https:\/\/exeoipsum.com\/#\/schema\/logo\/image\/\",\"url\":\"\",\"contentUrl\":\"\",\"caption\":\"Exeo Ipsum S.L.\"},\"image\":{\"@id\":\"https:\/\/exeoipsum.com\/#\/schema\/logo\/image\/\"},\"sameAs\":[\"https:\/\/www.instagram.com\/exeo_ipsum\/\"]}]}<\/script>\n<!-- \/ Yoast SEO plugin. -->","yoast_head_json":{"title":"Agitador vibrat\u00f3rio de \u00e1rvores - Exeo Ipsum","description":"Descubra a nossa gama de sacudidores de \u00e1rvores: modelos hidr\u00e1ulicos, autom\u00e1ticos e de cabo para uma colheita eficaz e adaptada.","robots":{"index":"index","follow":"follow","max-snippet":"max-snippet:-1","max-image-preview":"max-image-preview:large","max-video-preview":"max-video-preview:-1"},"canonical":"https:\/\/exeoipsum.com\/pt\/maquinas-agricolas\/vibrador-de-arvore\/","og_locale":"pt_PT","og_type":"article","og_title":"Vibradora para \u00e1rboles - Exeo Ipsum","og_description":"Descubre nuestra gama de vibradoras para \u00e1rboles: modelos hidr\u00e1ulicos, autom\u00e1ticos y de cable para una recolecci\u00f3n eficiente y adaptada.","og_url":"https:\/\/exeoipsum.com\/pt\/maquinas-agricolas\/vibrador-de-arvore\/","og_site_name":"Exeo Ipsum","article_modified_time":"2025-07-18T10:39:14+00:00","og_image":[{"url":"https:\/\/exeoipsum.com\/wp-content\/uploads\/2025\/06\/vibradora-ampliada-2-Editada-768x575.png","type":"","width":"","height":""}],"twitter_card":"summary_large_image","twitter_misc":{"Tempo estimado de leitura":"2 minutos"},"schema":{"@context":"https:\/\/schema.org","@graph":[{"@type":"WebPage","@id":"https:\/\/exeoipsum.com\/maquinaria-agricola\/vibradora-para-arboles\/","url":"https:\/\/exeoipsum.com\/maquinaria-agricola\/vibradora-para-arboles\/","name":"Agitador vibrat\u00f3rio de \u00e1rvores - Exeo Ipsum","isPartOf":{"@id":"https:\/\/exeoipsum.com\/#website"},"primaryImageOfPage":{"@id":"https:\/\/exeoipsum.com\/maquinaria-agricola\/vibradora-para-arboles\/#primaryimage"},"image":{"@id":"https:\/\/exeoipsum.com\/maquinaria-agricola\/vibradora-para-arboles\/#primaryimage"},"thumbnailUrl":"https:\/\/exeoipsum.com\/wp-content\/uploads\/2025\/06\/vibradora-ampliada-2-Editada-768x575.png","datePublished":"2025-07-08T09:42:18+00:00","dateModified":"2025-07-18T10:39:14+00:00","description":"Descubra a nossa gama de sacudidores de \u00e1rvores: modelos hidr\u00e1ulicos, autom\u00e1ticos e de cabo para uma colheita eficaz e adaptada.","breadcrumb":{"@id":"https:\/\/exeoipsum.com\/maquinaria-agricola\/vibradora-para-arboles\/#breadcrumb"},"inLanguage":"pt-PT","potentialAction":[{"@type":"ReadAction","target":["https:\/\/exeoipsum.com\/maquinaria-agricola\/vibradora-para-arboles\/"]}]},{"@type":"ImageObject","inLanguage":"pt-PT","@id":"https:\/\/exeoipsum.com\/maquinaria-agricola\/vibradora-para-arboles\/#primaryimage","url":"https:\/\/exeoipsum.com\/wp-content\/uploads\/2025\/06\/vibradora-ampliada-2-Editada-768x575.png","contentUrl":"https:\/\/exeoipsum.com\/wp-content\/uploads\/2025\/06\/vibradora-ampliada-2-Editada-768x575.png"},{"@type":"BreadcrumbList","@id":"https:\/\/exeoipsum.com\/maquinaria-agricola\/vibradora-para-arboles\/#breadcrumb","itemListElement":[{"@type":"ListItem","position":1,"name":"Portada","item":"https:\/\/exeoipsum.com\/"},{"@type":"ListItem","position":2,"name":"Maquinaria Agr\u00edcola","item":"https:\/\/exeoipsum.com\/maquinaria-agricola\/"},{"@type":"ListItem","position":3,"name":"Vibradora para \u00e1rboles"}]},{"@type":"WebSite","@id":"https:\/\/exeoipsum.com\/#website","url":"https:\/\/exeoipsum.com\/","name":"Exeo Ipsum","description":"M\u00e1quinas agr\u00edcolas","publisher":{"@id":"https:\/\/exeoipsum.com\/#organization"},"alternateName":"Maquinaria Agr\u00edcola","potentialAction":[{"@type":"SearchAction","target":{"@type":"EntryPoint","urlTemplate":"https:\/\/exeoipsum.com\/?s={search_term_string}"},"query-input":{"@type":"PropertyValueSpecification","valueRequired":true,"valueName":"search_term_string"}}],"inLanguage":"pt-PT"},{"@type":"Organization","@id":"https:\/\/exeoipsum.com\/#organization","name":"Exeo Ipsum S.L.","alternateName":"EXEO IPSUM AGRO","url":"https:\/\/exeoipsum.com\/","logo":{"@type":"ImageObject","inLanguage":"pt-PT","@id":"https:\/\/exeoipsum.com\/#\/schema\/logo\/image\/","url":"","contentUrl":"","caption":"Exeo Ipsum S.L."},"image":{"@id":"https:\/\/exeoipsum.com\/#\/schema\/logo\/image\/"},"sameAs":["https:\/\/www.instagram.com\/exeo_ipsum\/"]}]}},"_links":{"self":[{"href":"https:\/\/exeoipsum.com\/pt\/wp-json\/wp\/v2\/pages\/816","targetHints":{"allow":["GET"]}}],"collection":[{"href":"https:\/\/exeoipsum.com\/pt\/wp-json\/wp\/v2\/pages"}],"about":[{"href":"https:\/\/exeoipsum.com\/pt\/wp-json\/wp\/v2\/types\/page"}],"author":[{"embeddable":true,"href":"https:\/\/exeoipsum.com\/pt\/wp-json\/wp\/v2\/users\/1"}],"replies":[{"embeddable":true,"href":"https:\/\/exeoipsum.com\/pt\/wp-json\/wp\/v2\/comments?post=816"}],"version-history":[{"count":50,"href":"https:\/\/exeoipsum.com\/pt\/wp-json\/wp\/v2\/pages\/816\/revisions"}],"predecessor-version":[{"id":1745,"href":"https:\/\/exeoipsum.com\/pt\/wp-json\/wp\/v2\/pages\/816\/revisions\/1745"}],"up":[{"embeddable":true,"href":"https:\/\/exeoipsum.com\/pt\/wp-json\/wp\/v2\/pages\/15"}],"wp:attachment":[{"href":"https:\/\/exeoipsum.com\/pt\/wp-json\/wp\/v2\/media?parent=816"}],"curies":[{"name":"wp","href":"https:\/\/api.w.org\/{rel}","templated":true}]}}