{"id":990,"date":"2025-07-08T09:41:33","date_gmt":"2025-07-08T09:41:33","guid":{"rendered":"https:\/\/exeoipsum.com\/?page_id=990"},"modified":"2025-07-21T06:07:46","modified_gmt":"2025-07-21T06:07:46","slug":"maquina-de-rocar-entre-fileiras","status":"publish","type":"page","link":"https:\/\/exeoipsum.com\/pt\/maquinas-agricolas\/maquina-de-rocar-entre-fileiras\/","title":{"rendered":"M\u00e1quina entre fileiras \/ m\u00e1quina de corte de escovas"},"content":{"rendered":"<div data-elementor-type=\"wp-page\" data-elementor-id=\"990\" class=\"elementor elementor-990\">\n\t\t\t\t<div class=\"elementor-element elementor-element-d25aca6 e-flex e-con-boxed e-con e-parent\" data-id=\"d25aca6\" data-element_type=\"container\" data-e-type=\"container\" data-settings=\"{&quot;background_background&quot;:&quot;classic&quot;}\">\n\t\t\t\t\t<div class=\"e-con-inner\">\n\t\t\t\t<div class=\"elementor-element elementor-element-899f29f elementor-widget elementor-widget-heading\" data-id=\"899f29f\" data-element_type=\"widget\" data-e-type=\"widget\" data-widget_type=\"heading.default\">\n\t\t\t\t<div class=\"elementor-widget-container\">\n\t\t\t\t\t<h3 class=\"elementor-heading-title elementor-size-default\">M\u00e1quina entre fileiras<\/h3>\t\t\t\t<\/div>\n\t\t\t\t<\/div>\n\t\t\t\t\t<\/div>\n\t\t\t\t<\/div>\n\t\t<div class=\"elementor-element elementor-element-2633607 e-con-full e-flex e-con e-child\" data-id=\"2633607\" data-element_type=\"container\" data-e-type=\"container\">\n\t\t\t\t<div class=\"elementor-element elementor-element-040c781 elementor-widget elementor-widget-text-editor\" data-id=\"040c781\" data-element_type=\"widget\" data-e-type=\"widget\" data-widget_type=\"text-editor.default\">\n\t\t\t\t<div class=\"elementor-widget-container\">\n\t\t\t\t\t\t\t\t\t<h5><strong data-start=\"2416\" data-end=\"2446\">A ro\u00e7adora entre fileiras<\/strong> o <strong data-start=\"2449\" data-end=\"2474\">m\u00e1quina interf\u00e1sica<\/strong> \u00e9 um equipamento agr\u00edcola concebido para cortar mecanicamente a vegeta\u00e7\u00e3o que cresce nas entrelinhas das culturas - como vinhas, oliveiras ou \u00e1rvores de fruto - sem necessidade de herbicidas. Facilita a manuten\u00e7\u00e3o, controla as ervas daninhas e protege o solo e as ra\u00edzes. A nossa gama adapta-se a diferentes larguras de trabalho, tipos de tractores e necessidades do solo.<\/h5>\t\t\t\t\t\t\t\t<\/div>\n\t\t\t\t<\/div>\n\t\t<div class=\"elementor-element elementor-element-198dae9 e-con-full e-flex e-con e-child\" data-id=\"198dae9\" data-element_type=\"container\" data-e-type=\"container\">\n\t\t\t\t<div class=\"elementor-element elementor-element-f7f3152 elementor-widget elementor-widget-image\" data-id=\"f7f3152\" data-element_type=\"widget\" data-e-type=\"widget\" data-widget_type=\"image.default\">\n\t\t\t\t<div class=\"elementor-widget-container\">\n\t\t\t\t\t\t\t\t\t\t\t\t\t\t\t<img fetchpriority=\"high\" decoding=\"async\" width=\"768\" height=\"575\" src=\"https:\/\/exeoipsum.com\/wp-content\/uploads\/2025\/07\/Lucek-1-768x575.jpg\" class=\"elementor-animation-shrink attachment-medium_large size-medium_large wp-image-1707\" alt=\"Ro\u00e7adora entre fileiras Lucek que corta a relva entre fileiras\" srcset=\"https:\/\/exeoipsum.com\/wp-content\/uploads\/2025\/07\/Lucek-1-768x575.jpg 768w, https:\/\/exeoipsum.com\/wp-content\/uploads\/2025\/07\/Lucek-1-300x225.jpg 300w, https:\/\/exeoipsum.com\/wp-content\/uploads\/2025\/07\/Lucek-1-1024x767.jpg 1024w, https:\/\/exeoipsum.com\/wp-content\/uploads\/2025\/07\/Lucek-1-16x12.jpg 16w, https:\/\/exeoipsum.com\/wp-content\/uploads\/2025\/07\/Lucek-1.jpg 1145w\" sizes=\"(max-width: 768px) 100vw, 768px\" \/>\t\t\t\t\t\t\t\t\t\t\t\t\t\t\t<\/div>\n\t\t\t\t<\/div>\n\t\t\t\t<div class=\"elementor-element elementor-element-ad5ca48 elementor-widget elementor-widget-elementskit-heading\" data-id=\"ad5ca48\" data-element_type=\"widget\" data-e-type=\"widget\" data-widget_type=\"elementskit-heading.default\">\n\t\t\t\t<div class=\"elementor-widget-container\">\n\t\t\t\t\t<div class=\"ekit-wid-con\" ><div class=\"ekit-heading elementskit-section-title-wraper text_center   ekit_heading_tablet-   ekit_heading_mobile-\"><a href=\"https:\/\/exeoipsum.com\/pt\/lucek\/\"><h2 class=\"ekit-heading--title elementskit-section-title\">LUCEK <\/h2><\/a><h5 class=\"ekit-heading--subtitle elementskit-section-subtitle\">\n\t\t\t\t\t\t Gadanheira de disco para espa\u00e7os entre fileiras\n\t\t\t\t\t<\/h5>\t\t\t\t<div class='ekit-heading__description'>\n\t\t\t\t\t<p>Elimina com precis\u00e3o as ervas daninhas entre as \u00e1rvores, os arbustos e os obst\u00e1culos. Rotor com l\u00e2minas protegidas, montado \u00e0 frente e op\u00e7\u00e3o de vers\u00e3o simples ou dupla. Ideal para a agricultura biol\u00f3gica.<\/p>\n\t\t\t\t<\/div>\n\t\t\t<\/div><\/div>\t\t\t\t<\/div>\n\t\t\t\t<\/div>\n\t\t\t\t<div class=\"elementor-element elementor-element-94591d9 elementor-align-center elementor-widget__width-initial elementor-widget elementor-widget-button\" data-id=\"94591d9\" data-element_type=\"widget\" data-e-type=\"widget\" data-widget_type=\"button.default\">\n\t\t\t\t<div class=\"elementor-widget-container\">\n\t\t\t\t\t\t\t\t\t<div class=\"elementor-button-wrapper\">\n\t\t\t\t\t<a class=\"elementor-button elementor-button-link elementor-size-sm\" href=\"https:\/\/exeoipsum.com\/pt\/lucek\/\">\n\t\t\t\t\t\t<span class=\"elementor-button-content-wrapper\">\n\t\t\t\t\t\t\t\t\t<span class=\"elementor-button-text\">Ver mais<\/span>\n\t\t\t\t\t<\/span>\n\t\t\t\t\t<\/a>\n\t\t\t\t<\/div>\n\t\t\t\t\t\t\t\t<\/div>\n\t\t\t\t<\/div>\n\t\t\t\t<\/div>\n\t\t<div class=\"elementor-element elementor-element-692b221 e-con-full e-flex e-con e-child\" data-id=\"692b221\" data-element_type=\"container\" data-e-type=\"container\">\n\t\t\t\t<div class=\"elementor-element elementor-element-1783f8f elementor-widget elementor-widget-image\" data-id=\"1783f8f\" data-element_type=\"widget\" data-e-type=\"widget\" data-widget_type=\"image.default\">\n\t\t\t\t<div class=\"elementor-widget-container\">\n\t\t\t\t\t\t\t\t\t\t\t\t\t\t\t<img decoding=\"async\" width=\"768\" height=\"576\" src=\"https:\/\/exeoipsum.com\/wp-content\/uploads\/2025\/07\/zilla-1-768x576.jpg\" class=\"elementor-animation-shrink attachment-medium_large size-medium_large wp-image-1708\" alt=\"Ro\u00e7adora Zilla para manuten\u00e7\u00e3o de relva entre fileiras\" srcset=\"https:\/\/exeoipsum.com\/wp-content\/uploads\/2025\/07\/zilla-1-768x576.jpg 768w, https:\/\/exeoipsum.com\/wp-content\/uploads\/2025\/07\/zilla-1-300x225.jpg 300w, https:\/\/exeoipsum.com\/wp-content\/uploads\/2025\/07\/zilla-1-1024x768.jpg 1024w, https:\/\/exeoipsum.com\/wp-content\/uploads\/2025\/07\/zilla-1-16x12.jpg 16w, https:\/\/exeoipsum.com\/wp-content\/uploads\/2025\/07\/zilla-1.jpg 1280w\" sizes=\"(max-width: 768px) 100vw, 768px\" \/>\t\t\t\t\t\t\t\t\t\t\t\t\t\t\t<\/div>\n\t\t\t\t<\/div>\n\t\t\t\t<div class=\"elementor-element elementor-element-00f394f elementor-widget elementor-widget-elementskit-heading\" data-id=\"00f394f\" data-element_type=\"widget\" data-e-type=\"widget\" data-widget_type=\"elementskit-heading.default\">\n\t\t\t\t<div class=\"elementor-widget-container\">\n\t\t\t\t\t<div class=\"ekit-wid-con\" ><div class=\"ekit-heading elementskit-section-title-wraper text_center   ekit_heading_tablet-   ekit_heading_mobile-\"><a href=\"https:\/\/exeoipsum.com\/pt\/zilla\/\"><h2 class=\"ekit-heading--title elementskit-section-title\">ZILLA <\/h2><\/a><h5 class=\"ekit-heading--subtitle elementskit-section-subtitle\">\n\t\t\t\t\t\tCortador de relva de trator\n\t\t\t\t\t<\/h5>\t\t\t\t<div class='ekit-heading__description'>\n\t\t\t\t\t<p>Ideal para jardins, culturas e espa\u00e7os verdes. Corte preciso at\u00e9 1 m, altura regul\u00e1vel e descarga lateral ou traseira. Leve, manobr\u00e1vel e ideal para pequenos tractores.<\/p>\n\t\t\t\t<\/div>\n\t\t\t<\/div><\/div>\t\t\t\t<\/div>\n\t\t\t\t<\/div>\n\t\t\t\t<div class=\"elementor-element elementor-element-21c3906 elementor-align-center elementor-widget__width-initial elementor-widget elementor-widget-button\" data-id=\"21c3906\" data-element_type=\"widget\" data-e-type=\"widget\" data-widget_type=\"button.default\">\n\t\t\t\t<div class=\"elementor-widget-container\">\n\t\t\t\t\t\t\t\t\t<div class=\"elementor-button-wrapper\">\n\t\t\t\t\t<a class=\"elementor-button elementor-button-link elementor-size-sm\" href=\"https:\/\/exeoipsum.com\/pt\/zilla\/\">\n\t\t\t\t\t\t<span class=\"elementor-button-content-wrapper\">\n\t\t\t\t\t\t\t\t\t<span class=\"elementor-button-text\">Ver mais<\/span>\n\t\t\t\t\t<\/span>\n\t\t\t\t\t<\/a>\n\t\t\t\t<\/div>\n\t\t\t\t\t\t\t\t<\/div>\n\t\t\t\t<\/div>\n\t\t\t\t<\/div>\n\t\t<div class=\"elementor-element elementor-element-17a3c97 e-con-full e-flex e-con e-child\" data-id=\"17a3c97\" data-element_type=\"container\" data-e-type=\"container\">\n\t\t\t\t<div class=\"elementor-element elementor-element-35f656a elementor-widget elementor-widget-image\" data-id=\"35f656a\" data-element_type=\"widget\" data-e-type=\"widget\" data-widget_type=\"image.default\">\n\t\t\t\t<div class=\"elementor-widget-container\">\n\t\t\t\t\t\t\t\t\t\t\t\t\t\t\t<img decoding=\"async\" width=\"768\" height=\"512\" src=\"https:\/\/exeoipsum.com\/wp-content\/uploads\/2025\/07\/desbrozadora-sense-mides.jpg\" class=\"elementor-animation-shrink attachment-medium_large size-medium_large wp-image-1776\" alt=\"\" srcset=\"https:\/\/exeoipsum.com\/wp-content\/uploads\/2025\/07\/desbrozadora-sense-mides.jpg 768w, https:\/\/exeoipsum.com\/wp-content\/uploads\/2025\/07\/desbrozadora-sense-mides-300x200.jpg 300w, https:\/\/exeoipsum.com\/wp-content\/uploads\/2025\/07\/desbrozadora-sense-mides-18x12.jpg 18w\" sizes=\"(max-width: 768px) 100vw, 768px\" \/>\t\t\t\t\t\t\t\t\t\t\t\t\t\t\t<\/div>\n\t\t\t\t<\/div>\n\t\t\t\t<div class=\"elementor-element elementor-element-1a5d747 elementor-widget elementor-widget-elementskit-heading\" data-id=\"1a5d747\" data-element_type=\"widget\" data-e-type=\"widget\" data-widget_type=\"elementskit-heading.default\">\n\t\t\t\t<div class=\"elementor-widget-container\">\n\t\t\t\t\t<div class=\"ekit-wid-con\" ><div class=\"ekit-heading elementskit-section-title-wraper text_center   ekit_heading_tablet-   ekit_heading_mobile-\"><a href=\"https:\/\/exeoipsum.com\/pt\/rocadoras-agricolas\/\"><h2 class=\"ekit-heading--title elementskit-section-title\">Ro\u00e7adoras agr\u00edcolas<\/h2><\/a><h5 class=\"ekit-heading--subtitle elementskit-section-subtitle\">\n\t\t\t\t\t\tCorte eficiente para todos os tipos de culturas\n\t\t\t\t\t<\/h5>\t\t\t\t<div class='ekit-heading__description'>\n\t\t\t\t\t<p>Ideal para pomares de bagas, pomares e vinhas. Com larguras de corte de 0,9 m a 1,8 m, cortam e trituram ervas e ramos at\u00e9 30 mm. Dispon\u00edveis com ou sem desvios hidr\u00e1ulicos.<\/p>\n\t\t\t\t<\/div>\n\t\t\t<\/div><\/div>\t\t\t\t<\/div>\n\t\t\t\t<\/div>\n\t\t\t\t<div class=\"elementor-element elementor-element-e572ed9 elementor-align-center elementor-widget__width-initial elementor-widget elementor-widget-button\" data-id=\"e572ed9\" data-element_type=\"widget\" data-e-type=\"widget\" data-widget_type=\"button.default\">\n\t\t\t\t<div class=\"elementor-widget-container\">\n\t\t\t\t\t\t\t\t\t<div class=\"elementor-button-wrapper\">\n\t\t\t\t\t<a class=\"elementor-button elementor-button-link elementor-size-sm\" href=\"https:\/\/exeoipsum.com\/pt\/rocadoras-agricolas\/\">\n\t\t\t\t\t\t<span class=\"elementor-button-content-wrapper\">\n\t\t\t\t\t\t\t\t\t<span class=\"elementor-button-text\">Ver mais<\/span>\n\t\t\t\t\t<\/span>\n\t\t\t\t\t<\/a>\n\t\t\t\t<\/div>\n\t\t\t\t\t\t\t\t<\/div>\n\t\t\t\t<\/div>\n\t\t\t\t<\/div>\n\t\t\t\t<\/div>\n\t\t<div class=\"elementor-element elementor-element-d2fb233 e-flex e-con-boxed e-con e-parent\" data-id=\"d2fb233\" data-element_type=\"container\" data-e-type=\"container\">\n\t\t\t\t\t<div class=\"e-con-inner\">\n\t\t\t\t<div class=\"elementor-element elementor-element-910b417 elementor-widget elementor-widget-spacer\" data-id=\"910b417\" data-element_type=\"widget\" data-e-type=\"widget\" data-widget_type=\"spacer.default\">\n\t\t\t\t<div class=\"elementor-widget-container\">\n\t\t\t\t\t\t\t<div class=\"elementor-spacer\">\n\t\t\t<div class=\"elementor-spacer-inner\"><\/div>\n\t\t<\/div>\n\t\t\t\t\t\t<\/div>\n\t\t\t\t<\/div>\n\t\t\t\t\t<\/div>\n\t\t\t\t<\/div>\n\t\t\t\t<\/div>","protected":false},"excerpt":{"rendered":"<p>M\u00e1quina entre fileiras A ro\u00e7adora entre fileiras ou m\u00e1quina entre fileiras \u00e9 um equipamento agr\u00edcola concebido para cortar mecanicamente a vegeta\u00e7\u00e3o que cresce entre fileiras de culturas - como vinhas, oliveiras ou \u00e1rvores de fruto - sem necessidade de herbicidas. Facilita a manuten\u00e7\u00e3o, controla as ervas daninhas e protege o solo e as ra\u00edzes. A nossa gama adapta-se a diferentes tipos de [...]<\/p>","protected":false},"author":1,"featured_media":0,"parent":15,"menu_order":0,"comment_status":"closed","ping_status":"closed","template":"","meta":{"footnotes":""},"class_list":["post-990","page","type-page","status-publish","hentry"],"yoast_head":"<!-- This site is optimized with the Yoast SEO plugin v25.9 - https:\/\/yoast.com\/wordpress\/plugins\/seo\/ -->\n<title>Maquina de interfilas \/ desbrozadora - Exeo Ipsum<\/title>\n<meta name=\"description\" content=\"Descubre nuestra desbrozadora interfilas: m\u00e1quina agr\u00edcola para cortar maleza entre filas sin herbicidas. Consulta modelos, anchos y potencia.\" \/>\n<meta name=\"robots\" content=\"index, follow, max-snippet:-1, max-image-preview:large, max-video-preview:-1\" \/>\n<link rel=\"canonical\" href=\"https:\/\/exeoipsum.com\/pt\/maquinas-agricolas\/maquina-de-rocar-entre-fileiras\/\" \/>\n<meta property=\"og:locale\" content=\"pt_PT\" \/>\n<meta property=\"og:type\" content=\"article\" \/>\n<meta property=\"og:title\" content=\"Maquina de interfilas \/ desbrozadora - Exeo Ipsum\" \/>\n<meta property=\"og:description\" content=\"Descubre nuestra desbrozadora interfilas: m\u00e1quina agr\u00edcola para cortar maleza entre filas sin herbicidas. Consulta modelos, anchos y potencia.\" \/>\n<meta property=\"og:url\" content=\"https:\/\/exeoipsum.com\/pt\/maquinas-agricolas\/maquina-de-rocar-entre-fileiras\/\" \/>\n<meta property=\"og:site_name\" content=\"Exeo Ipsum\" \/>\n<meta property=\"article:modified_time\" content=\"2025-07-21T06:07:46+00:00\" \/>\n<meta property=\"og:image\" content=\"https:\/\/exeoipsum.com\/wp-content\/uploads\/2025\/07\/Lucek-1.jpg\" \/>\n\t<meta property=\"og:image:width\" content=\"1145\" \/>\n\t<meta property=\"og:image:height\" content=\"858\" \/>\n\t<meta property=\"og:image:type\" content=\"image\/jpeg\" \/>\n<meta name=\"twitter:card\" content=\"summary_large_image\" \/>\n<meta name=\"twitter:label1\" content=\"Tempo estimado de leitura\" \/>\n\t<meta name=\"twitter:data1\" content=\"2 minutos\" \/>\n<script type=\"application\/ld+json\" class=\"yoast-schema-graph\">{\"@context\":\"https:\/\/schema.org\",\"@graph\":[{\"@type\":\"WebPage\",\"@id\":\"https:\/\/exeoipsum.com\/maquinaria-agricola\/maquina-de-interfilas-desbrozadora\/\",\"url\":\"https:\/\/exeoipsum.com\/maquinaria-agricola\/maquina-de-interfilas-desbrozadora\/\",\"name\":\"Maquina de interfilas \/ desbrozadora - Exeo Ipsum\",\"isPartOf\":{\"@id\":\"https:\/\/exeoipsum.com\/#website\"},\"primaryImageOfPage\":{\"@id\":\"https:\/\/exeoipsum.com\/maquinaria-agricola\/maquina-de-interfilas-desbrozadora\/#primaryimage\"},\"image\":{\"@id\":\"https:\/\/exeoipsum.com\/maquinaria-agricola\/maquina-de-interfilas-desbrozadora\/#primaryimage\"},\"thumbnailUrl\":\"https:\/\/exeoipsum.com\/wp-content\/uploads\/2025\/07\/Lucek-1-768x575.jpg\",\"datePublished\":\"2025-07-08T09:41:33+00:00\",\"dateModified\":\"2025-07-21T06:07:46+00:00\",\"description\":\"Descubre nuestra desbrozadora interfilas: m\u00e1quina agr\u00edcola para cortar maleza entre filas sin herbicidas. Consulta modelos, anchos y potencia.\",\"breadcrumb\":{\"@id\":\"https:\/\/exeoipsum.com\/maquinaria-agricola\/maquina-de-interfilas-desbrozadora\/#breadcrumb\"},\"inLanguage\":\"pt-PT\",\"potentialAction\":[{\"@type\":\"ReadAction\",\"target\":[\"https:\/\/exeoipsum.com\/maquinaria-agricola\/maquina-de-interfilas-desbrozadora\/\"]}]},{\"@type\":\"ImageObject\",\"inLanguage\":\"pt-PT\",\"@id\":\"https:\/\/exeoipsum.com\/maquinaria-agricola\/maquina-de-interfilas-desbrozadora\/#primaryimage\",\"url\":\"https:\/\/exeoipsum.com\/wp-content\/uploads\/2025\/07\/Lucek-1-768x575.jpg\",\"contentUrl\":\"https:\/\/exeoipsum.com\/wp-content\/uploads\/2025\/07\/Lucek-1-768x575.jpg\"},{\"@type\":\"BreadcrumbList\",\"@id\":\"https:\/\/exeoipsum.com\/maquinaria-agricola\/maquina-de-interfilas-desbrozadora\/#breadcrumb\",\"itemListElement\":[{\"@type\":\"ListItem\",\"position\":1,\"name\":\"Portada\",\"item\":\"https:\/\/exeoipsum.com\/\"},{\"@type\":\"ListItem\",\"position\":2,\"name\":\"Maquinaria Agr\u00edcola\",\"item\":\"https:\/\/exeoipsum.com\/maquinaria-agricola\/\"},{\"@type\":\"ListItem\",\"position\":3,\"name\":\"Maquina de interfilas \/ desbrozadora\"}]},{\"@type\":\"WebSite\",\"@id\":\"https:\/\/exeoipsum.com\/#website\",\"url\":\"https:\/\/exeoipsum.com\/\",\"name\":\"Exeo Ipsum\",\"description\":\"Maquinaria Agr\u00edcola\",\"publisher\":{\"@id\":\"https:\/\/exeoipsum.com\/#organization\"},\"alternateName\":\"Maquinaria Agr\u00edcola\",\"potentialAction\":[{\"@type\":\"SearchAction\",\"target\":{\"@type\":\"EntryPoint\",\"urlTemplate\":\"https:\/\/exeoipsum.com\/?s={search_term_string}\"},\"query-input\":{\"@type\":\"PropertyValueSpecification\",\"valueRequired\":true,\"valueName\":\"search_term_string\"}}],\"inLanguage\":\"pt-PT\"},{\"@type\":\"Organization\",\"@id\":\"https:\/\/exeoipsum.com\/#organization\",\"name\":\"Exeo Ipsum S.L.\",\"alternateName\":\"EXEO IPSUM AGRO\",\"url\":\"https:\/\/exeoipsum.com\/\",\"logo\":{\"@type\":\"ImageObject\",\"inLanguage\":\"pt-PT\",\"@id\":\"https:\/\/exeoipsum.com\/#\/schema\/logo\/image\/\",\"url\":\"\",\"contentUrl\":\"\",\"caption\":\"Exeo Ipsum S.L.\"},\"image\":{\"@id\":\"https:\/\/exeoipsum.com\/#\/schema\/logo\/image\/\"},\"sameAs\":[\"https:\/\/www.instagram.com\/exeo_ipsum\/\"]}]}<\/script>\n<!-- \/ Yoast SEO plugin. -->","yoast_head_json":{"title":"M\u00e1quina de corte entre fileiras \/ ro\u00e7adora - Exeo Ipsum","description":"Descubra a nossa ro\u00e7adora entre fileiras: m\u00e1quina agr\u00edcola para cortar as ervas daninhas entre fileiras sem herbicidas. Consultar modelos, larguras e pot\u00eancias.","robots":{"index":"index","follow":"follow","max-snippet":"max-snippet:-1","max-image-preview":"max-image-preview:large","max-video-preview":"max-video-preview:-1"},"canonical":"https:\/\/exeoipsum.com\/pt\/maquinas-agricolas\/maquina-de-rocar-entre-fileiras\/","og_locale":"pt_PT","og_type":"article","og_title":"Maquina de interfilas \/ desbrozadora - Exeo Ipsum","og_description":"Descubre nuestra desbrozadora interfilas: m\u00e1quina agr\u00edcola para cortar maleza entre filas sin herbicidas. Consulta modelos, anchos y potencia.","og_url":"https:\/\/exeoipsum.com\/pt\/maquinas-agricolas\/maquina-de-rocar-entre-fileiras\/","og_site_name":"Exeo Ipsum","article_modified_time":"2025-07-21T06:07:46+00:00","og_image":[{"width":1145,"height":858,"url":"https:\/\/exeoipsum.com\/wp-content\/uploads\/2025\/07\/Lucek-1.jpg","type":"image\/jpeg"}],"twitter_card":"summary_large_image","twitter_misc":{"Tempo estimado de leitura":"2 minutos"},"schema":{"@context":"https:\/\/schema.org","@graph":[{"@type":"WebPage","@id":"https:\/\/exeoipsum.com\/maquinaria-agricola\/maquina-de-interfilas-desbrozadora\/","url":"https:\/\/exeoipsum.com\/maquinaria-agricola\/maquina-de-interfilas-desbrozadora\/","name":"M\u00e1quina de corte entre fileiras \/ ro\u00e7adora - Exeo Ipsum","isPartOf":{"@id":"https:\/\/exeoipsum.com\/#website"},"primaryImageOfPage":{"@id":"https:\/\/exeoipsum.com\/maquinaria-agricola\/maquina-de-interfilas-desbrozadora\/#primaryimage"},"image":{"@id":"https:\/\/exeoipsum.com\/maquinaria-agricola\/maquina-de-interfilas-desbrozadora\/#primaryimage"},"thumbnailUrl":"https:\/\/exeoipsum.com\/wp-content\/uploads\/2025\/07\/Lucek-1-768x575.jpg","datePublished":"2025-07-08T09:41:33+00:00","dateModified":"2025-07-21T06:07:46+00:00","description":"Descubra a nossa ro\u00e7adora entre fileiras: m\u00e1quina agr\u00edcola para cortar as ervas daninhas entre fileiras sem herbicidas. Consultar modelos, larguras e pot\u00eancias.","breadcrumb":{"@id":"https:\/\/exeoipsum.com\/maquinaria-agricola\/maquina-de-interfilas-desbrozadora\/#breadcrumb"},"inLanguage":"pt-PT","potentialAction":[{"@type":"ReadAction","target":["https:\/\/exeoipsum.com\/maquinaria-agricola\/maquina-de-interfilas-desbrozadora\/"]}]},{"@type":"ImageObject","inLanguage":"pt-PT","@id":"https:\/\/exeoipsum.com\/maquinaria-agricola\/maquina-de-interfilas-desbrozadora\/#primaryimage","url":"https:\/\/exeoipsum.com\/wp-content\/uploads\/2025\/07\/Lucek-1-768x575.jpg","contentUrl":"https:\/\/exeoipsum.com\/wp-content\/uploads\/2025\/07\/Lucek-1-768x575.jpg"},{"@type":"BreadcrumbList","@id":"https:\/\/exeoipsum.com\/maquinaria-agricola\/maquina-de-interfilas-desbrozadora\/#breadcrumb","itemListElement":[{"@type":"ListItem","position":1,"name":"Portada","item":"https:\/\/exeoipsum.com\/"},{"@type":"ListItem","position":2,"name":"Maquinaria Agr\u00edcola","item":"https:\/\/exeoipsum.com\/maquinaria-agricola\/"},{"@type":"ListItem","position":3,"name":"Maquina de interfilas \/ desbrozadora"}]},{"@type":"WebSite","@id":"https:\/\/exeoipsum.com\/#website","url":"https:\/\/exeoipsum.com\/","name":"Exeo Ipsum","description":"M\u00e1quinas agr\u00edcolas","publisher":{"@id":"https:\/\/exeoipsum.com\/#organization"},"alternateName":"Maquinaria Agr\u00edcola","potentialAction":[{"@type":"SearchAction","target":{"@type":"EntryPoint","urlTemplate":"https:\/\/exeoipsum.com\/?s={search_term_string}"},"query-input":{"@type":"PropertyValueSpecification","valueRequired":true,"valueName":"search_term_string"}}],"inLanguage":"pt-PT"},{"@type":"Organization","@id":"https:\/\/exeoipsum.com\/#organization","name":"Exeo Ipsum S.L.","alternateName":"EXEO IPSUM AGRO","url":"https:\/\/exeoipsum.com\/","logo":{"@type":"ImageObject","inLanguage":"pt-PT","@id":"https:\/\/exeoipsum.com\/#\/schema\/logo\/image\/","url":"","contentUrl":"","caption":"Exeo Ipsum S.L."},"image":{"@id":"https:\/\/exeoipsum.com\/#\/schema\/logo\/image\/"},"sameAs":["https:\/\/www.instagram.com\/exeo_ipsum\/"]}]}},"_links":{"self":[{"href":"https:\/\/exeoipsum.com\/pt\/wp-json\/wp\/v2\/pages\/990","targetHints":{"allow":["GET"]}}],"collection":[{"href":"https:\/\/exeoipsum.com\/pt\/wp-json\/wp\/v2\/pages"}],"about":[{"href":"https:\/\/exeoipsum.com\/pt\/wp-json\/wp\/v2\/types\/page"}],"author":[{"embeddable":true,"href":"https:\/\/exeoipsum.com\/pt\/wp-json\/wp\/v2\/users\/1"}],"replies":[{"embeddable":true,"href":"https:\/\/exeoipsum.com\/pt\/wp-json\/wp\/v2\/comments?post=990"}],"version-history":[{"count":32,"href":"https:\/\/exeoipsum.com\/pt\/wp-json\/wp\/v2\/pages\/990\/revisions"}],"predecessor-version":[{"id":1779,"href":"https:\/\/exeoipsum.com\/pt\/wp-json\/wp\/v2\/pages\/990\/revisions\/1779"}],"up":[{"embeddable":true,"href":"https:\/\/exeoipsum.com\/pt\/wp-json\/wp\/v2\/pages\/15"}],"wp:attachment":[{"href":"https:\/\/exeoipsum.com\/pt\/wp-json\/wp\/v2\/media?parent=990"}],"curies":[{"name":"wp","href":"https:\/\/api.w.org\/{rel}","templated":true}]}}